{"id":16513,"date":"2026-02-10T13:00:45","date_gmt":"2026-02-10T12:00:45","guid":{"rendered":"https:\/\/rlgrips.com\/tienda\/rlg-palm-straps-correias-de-borracha\/"},"modified":"2026-02-10T13:29:35","modified_gmt":"2026-02-10T12:29:35","slug":"rlg-palm-straps-correias-de-borracha","status":"publish","type":"product","link":"https:\/\/rlgrips.com\/pt-pt\/tienda\/rlg-palm-straps-correias-de-borracha\/","title":{"rendered":"RLG Palm Straps &#8211; Correias de borracha"},"content":{"rendered":"\t\t<div data-elementor-type=\"product-post\" data-elementor-id=\"16513\" class=\"elementor elementor-16513 elementor-3081\" data-elementor-post-type=\"product\">\n\t\t\t\t\t\t<section class=\"elementor-section elementor-top-section elementor-element elementor-element-1366a8f elementor-section-full_width elementor-section-height-default elementor-section-height-default\" data-id=\"1366a8f\" data-element_type=\"section\" data-settings=\"{&quot;jet_parallax_layout_list&quot;:[{&quot;jet_parallax_layout_image&quot;:{&quot;url&quot;:&quot;&quot;,&quot;id&quot;:&quot;&quot;,&quot;size&quot;:&quot;&quot;},&quot;_id&quot;:&quot;5b2f666&quot;,&quot;jet_parallax_layout_image_tablet&quot;:{&quot;url&quot;:&quot;&quot;,&quot;id&quot;:&quot;&quot;,&quot;size&quot;:&quot;&quot;},&quot;jet_parallax_layout_image_mobile&quot;:{&quot;url&quot;:&quot;&quot;,&quot;id&quot;:&quot;&quot;,&quot;size&quot;:&quot;&quot;},&quot;jet_parallax_layout_speed&quot;:{&quot;unit&quot;:&quot;%&quot;,&quot;size&quot;:50,&quot;sizes&quot;:[]},&quot;jet_parallax_layout_type&quot;:&quot;scroll&quot;,&quot;jet_parallax_layout_direction&quot;:&quot;1&quot;,&quot;jet_parallax_layout_fx_direction&quot;:null,&quot;jet_parallax_layout_z_index&quot;:&quot;&quot;,&quot;jet_parallax_layout_bg_x&quot;:50,&quot;jet_parallax_layout_bg_x_tablet&quot;:&quot;&quot;,&quot;jet_parallax_layout_bg_x_mobile&quot;:&quot;&quot;,&quot;jet_parallax_layout_bg_y&quot;:50,&quot;jet_parallax_layout_bg_y_tablet&quot;:&quot;&quot;,&quot;jet_parallax_layout_bg_y_mobile&quot;:&quot;&quot;,&quot;jet_parallax_layout_bg_size&quot;:&quot;auto&quot;,&quot;jet_parallax_layout_bg_size_tablet&quot;:&quot;&quot;,&quot;jet_parallax_layout_bg_size_mobile&quot;:&quot;&quot;,&quot;jet_parallax_layout_animation_prop&quot;:&quot;transform&quot;,&quot;jet_parallax_layout_on&quot;:[&quot;desktop&quot;,&quot;tablet&quot;]}]}\">\n\t\t\t\t\t\t<div class=\"elementor-container elementor-column-gap-default\">\n\t\t\t\t\t<div class=\"elementor-column elementor-col-100 elementor-top-column elementor-element elementor-element-b230adb\" data-id=\"b230adb\" data-element_type=\"column\">\n\t\t\t<div class=\"elementor-widget-wrap elementor-element-populated\">\n\t\t\t\t\t\t<div class=\"elementor-element elementor-element-787ea1b elementor-widget elementor-widget-image\" data-id=\"787ea1b\" data-element_type=\"widget\" data-widget_type=\"image.default\">\n\t\t\t\t<div class=\"elementor-widget-container\">\n\t\t\t\t\t\t\t\t\t\t\t\t\t\t\t<img fetchpriority=\"high\" decoding=\"async\" width=\"1200\" height=\"300\" src=\"https:\/\/rlgrips.com\/wp-content\/uploads\/2021\/05\/PORTADA_STRAPS_PALM.jpg\" class=\"attachment-full size-full wp-image-14907\" alt=\"\" srcset=\"https:\/\/rlgrips.com\/wp-content\/uploads\/2021\/05\/PORTADA_STRAPS_PALM.jpg 1200w, https:\/\/rlgrips.com\/wp-content\/uploads\/2021\/05\/PORTADA_STRAPS_PALM-1000x250.jpg 1000w, https:\/\/rlgrips.com\/wp-content\/uploads\/2021\/05\/PORTADA_STRAPS_PALM-300x75.jpg 300w, https:\/\/rlgrips.com\/wp-content\/uploads\/2021\/05\/PORTADA_STRAPS_PALM-1024x256.jpg 1024w, https:\/\/rlgrips.com\/wp-content\/uploads\/2021\/05\/PORTADA_STRAPS_PALM-768x192.jpg 768w, https:\/\/rlgrips.com\/wp-content\/uploads\/2021\/05\/PORTADA_STRAPS_PALM-600x150.jpg.webp 600w\" sizes=\"(max-width: 1200px) 100vw, 1200px\" \/>\t\t\t\t\t\t\t\t\t\t\t\t\t\t\t<\/div>\n\t\t\t\t<\/div>\n\t\t\t\t<div class=\"elementor-element elementor-element-0f6b7ae elementor-widget elementor-widget-text-editor\" data-id=\"0f6b7ae\" data-element_type=\"widget\" data-widget_type=\"text-editor.default\">\n\t\t\t\t<div class=\"elementor-widget-container\">\n\t\t\t\t\t\t\t\t\t<h3><span style=\"color: #ff0000;\">\u2b55 <\/span>RLG STRAPS PALM, UM ACESS\u00d3RIO VERS\u00c1TIL COM PIN\u00c7AS E TIRAS DE APERTO NUM S\u00d3 PRODUTO<\/h3>\n<p>Os nossos punhos de treino ajud\u00e1-lo-\u00e3o a melhorar a sua for\u00e7a de preens\u00e3o para que esta n\u00e3o seja um fator limitativo do seu treino, protegendo simultaneamente as suas m\u00e3os de calos e calosidades. Trata-se de um design exclusivo e inovador que lhe permite um melhor desempenho e uma maior efic\u00e1cia nas suas rotinas.<\/p>\n<h3><span style=\"color: #ff0000;\">\u2b55 <\/span>A INOVA\u00c7\u00c3O E A QUALIDADE SUPERIOR DESTACAM-SE NAS PEGAS RLG STRAPS<\/h3>\n<div>\n<p>O RLG Straps Palm s\u00e3o a alternativa perfeita \u00e0s correias convencionais, uma vez que desempenham a mesma fun\u00e7\u00e3o que as correias convencionais, mas s\u00e3o mais f\u00e1ceis e r\u00e1pidas de fixar. <br \/>A palma de borracha antiaderente ajuda-o a melhorar a sua ader\u00eancia e fixa\u00e7\u00e3o \u00e0 barra. Com fecho de velcro ajust\u00e1vel e refor\u00e7o do pulso para uma utiliza\u00e7\u00e3o mais confort\u00e1vel.<\/p>\n<h3><span style=\"color: #ff0000;\">\u2b55 <\/span>UTILIZ\u00c1-LOS EM QUALQUER LUGAR<\/h3>\n<p>A versatilidade do nosso produto torna-o muito f\u00e1cil de transportar e levar para qualquer lado. Pode utiliz\u00e1-lo na sua rotina de muscula\u00e7\u00e3o ou crossfit, ou ao ar livre, para exerc\u00edcios com halteres, calistenia, etc.<br \/>Sem d\u00favida, um acess\u00f3rio essencial e seguro para os seus treinos.<\/p>\n<h3><span style=\"color: #ff0000;\">\u2b55<\/span> PORQU\u00ca COMPRAR OS PUNHOS E AS PIN\u00c7AS RLG STRAPS PALM DE RL GRIPS\u00ae<\/h3>\n<\/div>\n<div>\n<p>Na RL Grips\u00ae esfor\u00e7amo-nos n\u00e3o s\u00f3 pela inova\u00e7\u00e3o e qualidade em todos os nossos produtos, mas tamb\u00e9m por oferecer o melhor servi\u00e7o pr\u00e9 e p\u00f3s-venda.<\/p>\n<h3><span style=\"color: #ff0000;\">\u2b55<\/span><span style=\"font-style: inherit; font-weight: inherit;\">ENVIE-NOS O SEU PEDIDO DE INFORMA\u00c7\u00c3O, TEREMOS TODO O GOSTO EM AJUD\u00c1-LO<\/span>.<\/h3>\n<p>Se tiver alguma d\u00favida ou precisar de algum esclarecimento antes de comprar, n\u00e3o hesite em contactar-nos escrevendo para <a href=\"mailto:contacto@rlgrips.com\" target=\"_blank\" rel=\"noopener\">contacto@rlgrips.com<\/a> ou na sec\u00e7\u00e3o <a href=\"https:\/\/rlgrips.com\/tienda\/rlg-strap-palm\/#reviews\" rel=\"noopener\">&#8220;perguntas e respostas&#8221;<\/a> abaixo.<\/p>\n<\/div>\n\t\t\t\t\t\t\t\t<\/div>\n\t\t\t\t<\/div>\n\t\t\t\t<div class=\"elementor-element elementor-element-e039024 elementor-widget elementor-widget-spacer\" data-id=\"e039024\" data-element_type=\"widget\" data-widget_type=\"spacer.default\">\n\t\t\t\t<div class=\"elementor-widget-container\">\n\t\t\t\t\t\t\t<div class=\"elementor-spacer\">\n\t\t\t<div class=\"elementor-spacer-inner\"><\/div>\n\t\t<\/div>\n\t\t\t\t\t\t<\/div>\n\t\t\t\t<\/div>\n\t\t\t\t\t<\/div>\n\t\t<\/div>\n\t\t\t\t\t<\/div>\n\t\t<\/section>\n\t\t\t\t<\/div>\n\t\t","protected":false},"excerpt":{"rendered":"<p><strong>DETALHES<br \/>\n<\/strong><span style=\"color: #ff0000;\">\u2714<\/span> Conjunto de 2 tiras de borracha<br \/>\n<span style=\"color: #ff0000;\">\u2714<\/span> Fun\u00e7\u00e3o 2 em 1, correia e calandra<br \/>\n<span style=\"color: #ff0000;\">\u2714<\/span> Com fecho ajust\u00e1vel de gancho e la\u00e7o<br \/>\n<span style=\"color: #ff0000;\">\u2714<\/span> Refor\u00e7o do pulso almofadado<br \/>\n<span style=\"color: #ff0000;\">\u2714<\/span> Goma rugosa anti-deslizante<\/p>\n","protected":false},"featured_media":27827,"template":"","meta":{"_acf_changed":false,"site-sidebar-layout":"default","site-content-layout":"default","ast-site-content-layout":"default","site-content-style":"default","site-sidebar-style":"default","ast-global-header-display":"","ast-banner-title-visibility":"","ast-main-header-display":"","ast-hfb-above-header-display":"","ast-hfb-below-header-display":"","ast-hfb-mobile-header-display":"","site-post-title":"","ast-breadcrumbs-content":"","ast-featured-img":"","footer-sml-layout":"","ast-disable-related-posts":"","theme-transparent-header-meta":"default","adv-header-id-meta":"","stick-header-meta":"default","header-above-stick-meta":"","header-main-stick-meta":"","header-below-stick-meta":"","astra-migrate-meta-layouts":"set","ast-page-background-enabled":"default","ast-page-background-meta":{"desktop":{"background-color":"","background-image":"","background-repeat":"repeat","background-position":"center center","background-size":"auto","background-attachment":"scroll","background-type":"","background-media":"","overlay-type":"","overlay-color":"","overlay-opacity":"","overlay-gradient":""},"tablet":{"background-color":"","background-image":"","background-repeat":"repeat","background-position":"center center","background-size":"auto","background-attachment":"scroll","background-type":"","background-media":"","overlay-type":"","overlay-color":"","overlay-opacity":"","overlay-gradient":""},"mobile":{"background-color":"","background-image":"","background-repeat":"repeat","background-position":"center center","background-size":"auto","background-attachment":"scroll","background-type":"","background-media":"","overlay-type":"","overlay-color":"","overlay-opacity":"","overlay-gradient":""}},"ast-content-background-meta":{"desktop":{"background-color":"var(--ast-global-color-5)","background-image":"","background-repeat":"repeat","background-position":"center center","background-size":"auto","background-attachment":"scroll","background-type":"","background-media":"","overlay-type":"","overlay-color":"","overlay-opacity":"","overlay-gradient":""},"tablet":{"background-color":"var(--ast-global-color-5)","background-image":"","background-repeat":"repeat","background-position":"center center","background-size":"auto","background-attachment":"scroll","background-type":"","background-media":"","overlay-type":"","overlay-color":"","overlay-opacity":"","overlay-gradient":""},"mobile":{"background-color":"var(--ast-global-color-5)","background-image":"","background-repeat":"repeat","background-position":"center center","background-size":"auto","background-attachment":"scroll","background-type":"","background-media":"","overlay-type":"","overlay-color":"","overlay-opacity":"","overlay-gradient":""}}},"product_brand":[],"product_cat":[206],"product_tag":[],"class_list":{"0":"post-16513","1":"product","2":"type-product","3":"status-publish","4":"has-post-thumbnail","6":"product_cat-correias-de-ginasio-e-melhorias-de-aderencia","7":"desktop-align-center","8":"tablet-align-center","9":"mobile-align-center","10":"ast-product-gallery-layout-horizontal-slider","11":"ast-product-tabs-layout-distributed","12":"ast-qv-on-image","14":"first","15":"instock","16":"taxable","17":"shipping-taxable","18":"purchasable","19":"product-type-simple"},"acf":[],"yoast_head":"<!-- This site is optimized with the Yoast SEO plugin v26.5 - https:\/\/yoast.com\/wordpress\/plugins\/seo\/ -->\n<title>Correias e 2 em 1 Correias de borracha e Callera RLG Palm Straps | RL Grips\u00ae<\/title>\n<meta name=\"description\" content=\"Correias de borracha RLG Palm Rubber Straps, pegas todo-o-terreno com dupla funcionalidade, al\u00e7a de aperto e calandra 2 em 1. Venha v\u00ea-las!\" \/>\n<meta name=\"robots\" content=\"index, follow, max-snippet:-1, max-image-preview:large, max-video-preview:-1\" \/>\n<link rel=\"canonical\" href=\"https:\/\/rlgrips.com\/pt-pt\/tienda\/rlg-palm-straps-correias-de-borracha\/\" \/>\n<meta property=\"og:locale\" content=\"pt_PT\" \/>\n<meta property=\"og:type\" content=\"article\" \/>\n<meta property=\"og:title\" content=\"Correias e 2 em 1 Correias de borracha e Callera RLG Palm Straps | RL Grips\u00ae\" \/>\n<meta property=\"og:description\" content=\"Correias de borracha RLG Palm Rubber Straps, pegas todo-o-terreno com dupla funcionalidade, al\u00e7a de aperto e calandra 2 em 1. Venha v\u00ea-las!\" \/>\n<meta property=\"og:url\" content=\"https:\/\/rlgrips.com\/pt-pt\/tienda\/rlg-palm-straps-correias-de-borracha\/\" \/>\n<meta property=\"og:site_name\" content=\"RL Grips\" \/>\n<meta property=\"article:modified_time\" content=\"2026-02-10T12:29:35+00:00\" \/>\n<meta property=\"og:image\" content=\"https:\/\/rlgrips.com\/wp-content\/uploads\/2021\/05\/img_straps_palm-copia.jpg\" \/>\n\t<meta property=\"og:image:width\" content=\"900\" \/>\n\t<meta property=\"og:image:height\" content=\"900\" \/>\n\t<meta property=\"og:image:type\" content=\"image\/jpeg\" \/>\n<meta name=\"twitter:card\" content=\"summary_large_image\" \/>\n<meta name=\"twitter:label1\" content=\"Tempo estimado de leitura\" \/>\n\t<meta name=\"twitter:data1\" content=\"2 minutos\" \/>\n<script type=\"application\/ld+json\" class=\"yoast-schema-graph\">{\"@context\":\"https:\/\/schema.org\",\"@graph\":[{\"@type\":\"WebPage\",\"@id\":\"https:\/\/rlgrips.com\/pt-pt\/tienda\/rlg-palm-straps-correias-de-borracha\/\",\"url\":\"https:\/\/rlgrips.com\/pt-pt\/tienda\/rlg-palm-straps-correias-de-borracha\/\",\"name\":\"Correias e 2 em 1 Correias de borracha e Callera RLG Palm Straps | RL Grips\u00ae\",\"isPartOf\":{\"@id\":\"https:\/\/rlgrips.com\/pt-pt\/#website\"},\"primaryImageOfPage\":{\"@id\":\"https:\/\/rlgrips.com\/pt-pt\/tienda\/rlg-palm-straps-correias-de-borracha\/#primaryimage\"},\"image\":{\"@id\":\"https:\/\/rlgrips.com\/pt-pt\/tienda\/rlg-palm-straps-correias-de-borracha\/#primaryimage\"},\"thumbnailUrl\":\"https:\/\/rlgrips.com\/wp-content\/uploads\/2026\/01\/MAIN.jpg\",\"datePublished\":\"2026-02-10T12:00:45+00:00\",\"dateModified\":\"2026-02-10T12:29:35+00:00\",\"description\":\"Correias de borracha RLG Palm Rubber Straps, pegas todo-o-terreno com dupla funcionalidade, al\u00e7a de aperto e calandra 2 em 1. Venha v\u00ea-las!\",\"breadcrumb\":{\"@id\":\"https:\/\/rlgrips.com\/pt-pt\/tienda\/rlg-palm-straps-correias-de-borracha\/#breadcrumb\"},\"inLanguage\":\"pt-PT\",\"potentialAction\":[{\"@type\":\"ReadAction\",\"target\":[\"https:\/\/rlgrips.com\/pt-pt\/tienda\/rlg-palm-straps-correias-de-borracha\/\"]}]},{\"@type\":\"ImageObject\",\"inLanguage\":\"pt-PT\",\"@id\":\"https:\/\/rlgrips.com\/pt-pt\/tienda\/rlg-palm-straps-correias-de-borracha\/#primaryimage\",\"url\":\"https:\/\/rlgrips.com\/wp-content\/uploads\/2026\/01\/MAIN.jpg\",\"contentUrl\":\"https:\/\/rlgrips.com\/wp-content\/uploads\/2026\/01\/MAIN.jpg\",\"width\":1000,\"height\":1000,\"caption\":\"\u2705 AGARRE POTENTE Y SEGURO: Palma de goma antideslizante que mejora el control de la barra y permite mantener la sujeci\u00f3n en ejercicios como peso muerto, jalones, remos y dominadas.\"},{\"@type\":\"BreadcrumbList\",\"@id\":\"https:\/\/rlgrips.com\/pt-pt\/tienda\/rlg-palm-straps-correias-de-borracha\/#breadcrumb\",\"itemListElement\":[{\"@type\":\"ListItem\",\"position\":1,\"name\":\"Portada\",\"item\":\"https:\/\/rlgrips.com\/pt-pt\/home\/\"},{\"@type\":\"ListItem\",\"position\":2,\"name\":\"Loja\",\"item\":\"https:\/\/rlgrips.com\/pt-pt\/loja\/\"},{\"@type\":\"ListItem\",\"position\":3,\"name\":\"RLG Palm Straps &#8211; Correias de borracha\"}]},{\"@type\":\"WebSite\",\"@id\":\"https:\/\/rlgrips.com\/pt-pt\/#website\",\"url\":\"https:\/\/rlgrips.com\/pt-pt\/\",\"name\":\"RL Grips\",\"description\":\"Equipamiento y Accesorios de Entrenamiento\",\"publisher\":{\"@id\":\"https:\/\/rlgrips.com\/pt-pt\/#organization\"},\"potentialAction\":[{\"@type\":\"SearchAction\",\"target\":{\"@type\":\"EntryPoint\",\"urlTemplate\":\"https:\/\/rlgrips.com\/pt-pt\/?s={search_term_string}\"},\"query-input\":{\"@type\":\"PropertyValueSpecification\",\"valueRequired\":true,\"valueName\":\"search_term_string\"}}],\"inLanguage\":\"pt-PT\"},{\"@type\":\"Organization\",\"@id\":\"https:\/\/rlgrips.com\/pt-pt\/#organization\",\"name\":\"RL Grips\u2122\",\"url\":\"https:\/\/rlgrips.com\/pt-pt\/\",\"logo\":{\"@type\":\"ImageObject\",\"inLanguage\":\"pt-PT\",\"@id\":\"https:\/\/rlgrips.com\/pt-pt\/#\/schema\/logo\/image\/\",\"url\":\"https:\/\/rlgrips.com\/wp-content\/uploads\/2021\/04\/RLG2SBLACK-e1617355385190.png\",\"contentUrl\":\"https:\/\/rlgrips.com\/wp-content\/uploads\/2021\/04\/RLG2SBLACK-e1617355385190.png\",\"width\":128,\"height\":60,\"caption\":\"RL Grips\u2122\"},\"image\":{\"@id\":\"https:\/\/rlgrips.com\/pt-pt\/#\/schema\/logo\/image\/\"}}]}<\/script>\n<!-- \/ Yoast SEO plugin. -->","yoast_head_json":{"title":"Correias e 2 em 1 Correias de borracha e Callera RLG Palm Straps | RL Grips\u00ae","description":"Correias de borracha RLG Palm Rubber Straps, pegas todo-o-terreno com dupla funcionalidade, al\u00e7a de aperto e calandra 2 em 1. Venha v\u00ea-las!","robots":{"index":"index","follow":"follow","max-snippet":"max-snippet:-1","max-image-preview":"max-image-preview:large","max-video-preview":"max-video-preview:-1"},"canonical":"https:\/\/rlgrips.com\/pt-pt\/tienda\/rlg-palm-straps-correias-de-borracha\/","og_locale":"pt_PT","og_type":"article","og_title":"Correias e 2 em 1 Correias de borracha e Callera RLG Palm Straps | RL Grips\u00ae","og_description":"Correias de borracha RLG Palm Rubber Straps, pegas todo-o-terreno com dupla funcionalidade, al\u00e7a de aperto e calandra 2 em 1. Venha v\u00ea-las!","og_url":"https:\/\/rlgrips.com\/pt-pt\/tienda\/rlg-palm-straps-correias-de-borracha\/","og_site_name":"RL Grips","article_modified_time":"2026-02-10T12:29:35+00:00","og_image":[{"width":900,"height":900,"url":"https:\/\/rlgrips.com\/wp-content\/uploads\/2021\/05\/img_straps_palm-copia.jpg","type":"image\/jpeg"}],"twitter_card":"summary_large_image","twitter_misc":{"Tempo estimado de leitura":"2 minutos"},"schema":{"@context":"https:\/\/schema.org","@graph":[{"@type":"WebPage","@id":"https:\/\/rlgrips.com\/pt-pt\/tienda\/rlg-palm-straps-correias-de-borracha\/","url":"https:\/\/rlgrips.com\/pt-pt\/tienda\/rlg-palm-straps-correias-de-borracha\/","name":"Correias e 2 em 1 Correias de borracha e Callera RLG Palm Straps | RL Grips\u00ae","isPartOf":{"@id":"https:\/\/rlgrips.com\/pt-pt\/#website"},"primaryImageOfPage":{"@id":"https:\/\/rlgrips.com\/pt-pt\/tienda\/rlg-palm-straps-correias-de-borracha\/#primaryimage"},"image":{"@id":"https:\/\/rlgrips.com\/pt-pt\/tienda\/rlg-palm-straps-correias-de-borracha\/#primaryimage"},"thumbnailUrl":"https:\/\/rlgrips.com\/wp-content\/uploads\/2026\/01\/MAIN.jpg","datePublished":"2026-02-10T12:00:45+00:00","dateModified":"2026-02-10T12:29:35+00:00","description":"Correias de borracha RLG Palm Rubber Straps, pegas todo-o-terreno com dupla funcionalidade, al\u00e7a de aperto e calandra 2 em 1. Venha v\u00ea-las!","breadcrumb":{"@id":"https:\/\/rlgrips.com\/pt-pt\/tienda\/rlg-palm-straps-correias-de-borracha\/#breadcrumb"},"inLanguage":"pt-PT","potentialAction":[{"@type":"ReadAction","target":["https:\/\/rlgrips.com\/pt-pt\/tienda\/rlg-palm-straps-correias-de-borracha\/"]}]},{"@type":"ImageObject","inLanguage":"pt-PT","@id":"https:\/\/rlgrips.com\/pt-pt\/tienda\/rlg-palm-straps-correias-de-borracha\/#primaryimage","url":"https:\/\/rlgrips.com\/wp-content\/uploads\/2026\/01\/MAIN.jpg","contentUrl":"https:\/\/rlgrips.com\/wp-content\/uploads\/2026\/01\/MAIN.jpg","width":1000,"height":1000,"caption":"\u2705 AGARRE POTENTE Y SEGURO: Palma de goma antideslizante que mejora el control de la barra y permite mantener la sujeci\u00f3n en ejercicios como peso muerto, jalones, remos y dominadas."},{"@type":"BreadcrumbList","@id":"https:\/\/rlgrips.com\/pt-pt\/tienda\/rlg-palm-straps-correias-de-borracha\/#breadcrumb","itemListElement":[{"@type":"ListItem","position":1,"name":"Portada","item":"https:\/\/rlgrips.com\/pt-pt\/home\/"},{"@type":"ListItem","position":2,"name":"Loja","item":"https:\/\/rlgrips.com\/pt-pt\/loja\/"},{"@type":"ListItem","position":3,"name":"RLG Palm Straps &#8211; Correias de borracha"}]},{"@type":"WebSite","@id":"https:\/\/rlgrips.com\/pt-pt\/#website","url":"https:\/\/rlgrips.com\/pt-pt\/","name":"RL Grips","description":"Equipamiento y Accesorios de Entrenamiento","publisher":{"@id":"https:\/\/rlgrips.com\/pt-pt\/#organization"},"potentialAction":[{"@type":"SearchAction","target":{"@type":"EntryPoint","urlTemplate":"https:\/\/rlgrips.com\/pt-pt\/?s={search_term_string}"},"query-input":{"@type":"PropertyValueSpecification","valueRequired":true,"valueName":"search_term_string"}}],"inLanguage":"pt-PT"},{"@type":"Organization","@id":"https:\/\/rlgrips.com\/pt-pt\/#organization","name":"RL Grips\u2122","url":"https:\/\/rlgrips.com\/pt-pt\/","logo":{"@type":"ImageObject","inLanguage":"pt-PT","@id":"https:\/\/rlgrips.com\/pt-pt\/#\/schema\/logo\/image\/","url":"https:\/\/rlgrips.com\/wp-content\/uploads\/2021\/04\/RLG2SBLACK-e1617355385190.png","contentUrl":"https:\/\/rlgrips.com\/wp-content\/uploads\/2021\/04\/RLG2SBLACK-e1617355385190.png","width":128,"height":60,"caption":"RL Grips\u2122"},"image":{"@id":"https:\/\/rlgrips.com\/pt-pt\/#\/schema\/logo\/image\/"}}]}},"_links":{"self":[{"href":"https:\/\/rlgrips.com\/pt-pt\/wp-json\/wp\/v2\/product\/16513","targetHints":{"allow":["GET"]}}],"collection":[{"href":"https:\/\/rlgrips.com\/pt-pt\/wp-json\/wp\/v2\/product"}],"about":[{"href":"https:\/\/rlgrips.com\/pt-pt\/wp-json\/wp\/v2\/types\/product"}],"version-history":[{"count":0,"href":"https:\/\/rlgrips.com\/pt-pt\/wp-json\/wp\/v2\/product\/16513\/revisions"}],"wp:featuredmedia":[{"embeddable":true,"href":"https:\/\/rlgrips.com\/pt-pt\/wp-json\/wp\/v2\/media\/27827"}],"wp:attachment":[{"href":"https:\/\/rlgrips.com\/pt-pt\/wp-json\/wp\/v2\/media?parent=16513"}],"wp:term":[{"taxonomy":"product_brand","embeddable":true,"href":"https:\/\/rlgrips.com\/pt-pt\/wp-json\/wp\/v2\/product_brand?post=16513"},{"taxonomy":"product_cat","embeddable":true,"href":"https:\/\/rlgrips.com\/pt-pt\/wp-json\/wp\/v2\/product_cat?post=16513"},{"taxonomy":"product_tag","embeddable":true,"href":"https:\/\/rlgrips.com\/pt-pt\/wp-json\/wp\/v2\/product_tag?post=16513"}],"curies":[{"name":"wp","href":"https:\/\/api.w.org\/{rel}","templated":true}]}}