{"id":16509,"date":"2021-05-18T20:41:52","date_gmt":"2021-05-18T18:41:52","guid":{"rendered":"https:\/\/rlgrips.com\/tienda\/rlg-glute-bands-bandas-de-gluteo\/"},"modified":"2025-11-14T17:18:03","modified_gmt":"2025-11-14T16:18:03","slug":"rlg-glute-bands-bandas-de-gluteo","status":"publish","type":"product","link":"https:\/\/rlgrips.com\/pt-pt\/tienda\/rlg-glute-bands-bandas-de-gluteo\/","title":{"rendered":"RLG Glute Bands &#8211; Bandas de Gl\u00fateo"},"content":{"rendered":"\t\t<div data-elementor-type=\"product-post\" data-elementor-id=\"16509\" class=\"elementor elementor-16509 elementor-3219\" data-elementor-post-type=\"product\">\n\t\t\t\t\t\t<section class=\"elementor-section elementor-top-section elementor-element elementor-element-16fe6f5 elementor-section-full_width elementor-section-height-default elementor-section-height-default\" data-id=\"16fe6f5\" data-element_type=\"section\" data-settings=\"{&quot;jet_parallax_layout_list&quot;:[]}\">\n\t\t\t\t\t\t<div class=\"elementor-container elementor-column-gap-default\">\n\t\t\t\t\t<div class=\"elementor-column elementor-col-100 elementor-top-column elementor-element elementor-element-8b2d4ed\" data-id=\"8b2d4ed\" data-element_type=\"column\">\n\t\t\t<div class=\"elementor-widget-wrap elementor-element-populated\">\n\t\t\t\t\t\t<section class=\"elementor-section elementor-inner-section elementor-element elementor-element-483e397 elementor-section-content-middle elementor-section-full_width elementor-section-height-default elementor-section-height-default\" data-id=\"483e397\" data-element_type=\"section\" data-settings=\"{&quot;jet_parallax_layout_list&quot;:[]}\">\n\t\t\t\t\t\t<div class=\"elementor-container elementor-column-gap-default\">\n\t\t\t\t\t<div class=\"elementor-column elementor-col-50 elementor-inner-column elementor-element elementor-element-432a807\" data-id=\"432a807\" data-element_type=\"column\">\n\t\t\t<div class=\"elementor-widget-wrap elementor-element-populated\">\n\t\t\t\t\t\t<div class=\"elementor-element elementor-element-c6356c7 elementor-widget elementor-widget-image\" data-id=\"c6356c7\" data-element_type=\"widget\" data-widget_type=\"image.default\">\n\t\t\t\t<div class=\"elementor-widget-container\">\n\t\t\t\t\t\t\t\t\t\t\t\t\t\t\t<img fetchpriority=\"high\" decoding=\"async\" width=\"768\" height=\"768\" src=\"https:\/\/rlgrips.com\/wp-content\/uploads\/2021\/05\/GBANDS_TELA_6-768x768.jpg\" class=\"attachment-medium_large size-medium_large wp-image-14724\" alt=\"\" srcset=\"https:\/\/rlgrips.com\/wp-content\/uploads\/2021\/05\/GBANDS_TELA_6-768x768.jpg 768w, https:\/\/rlgrips.com\/wp-content\/uploads\/2021\/05\/GBANDS_TELA_6-500x500.jpg 500w, https:\/\/rlgrips.com\/wp-content\/uploads\/2021\/05\/GBANDS_TELA_6-100x100.jpg 100w, https:\/\/rlgrips.com\/wp-content\/uploads\/2021\/05\/GBANDS_TELA_6-300x300.jpg 300w, https:\/\/rlgrips.com\/wp-content\/uploads\/2021\/05\/GBANDS_TELA_6-150x150.jpg 150w, https:\/\/rlgrips.com\/wp-content\/uploads\/2021\/05\/GBANDS_TELA_6-600x600.jpg.webp 600w, https:\/\/rlgrips.com\/wp-content\/uploads\/2021\/05\/GBANDS_TELA_6.jpg 900w\" sizes=\"(max-width: 768px) 100vw, 768px\" \/>\t\t\t\t\t\t\t\t\t\t\t\t\t\t\t<\/div>\n\t\t\t\t<\/div>\n\t\t\t\t\t<\/div>\n\t\t<\/div>\n\t\t\t\t<div class=\"elementor-column elementor-col-50 elementor-inner-column elementor-element elementor-element-835c3da\" data-id=\"835c3da\" data-element_type=\"column\">\n\t\t\t<div class=\"elementor-widget-wrap elementor-element-populated\">\n\t\t\t\t\t\t<div class=\"elementor-element elementor-element-792e992 elementor-widget elementor-widget-heading\" data-id=\"792e992\" data-element_type=\"widget\" data-widget_type=\"heading.default\">\n\t\t\t\t<div class=\"elementor-widget-container\">\n\t\t\t\t\t<h2 class=\"elementor-heading-title elementor-size-large\">Bandas para gl\u00fateo RLG Glute Bands<\/h2>\t\t\t\t<\/div>\n\t\t\t\t<\/div>\n\t\t\t\t<div class=\"elementor-element elementor-element-035a1e2 elementor-widget elementor-widget-text-editor\" data-id=\"035a1e2\" data-element_type=\"widget\" data-widget_type=\"text-editor.default\">\n\t\t\t\t<div class=\"elementor-widget-container\">\n\t\t\t\t\t\t\t\t\t<p>O <strong>RLG Glute Bands<\/strong> s\u00e3o 3 bandas para gl\u00fateos com diferentes resist\u00eancias que lhe permitem realizar exerc\u00edcios em casa, bem como a possibilidade de dar mais um est\u00edmulo aos seus gl\u00fateos no seu treino no gin\u00e1sio.<span style=\"font-size: 15px;\"> <\/span><\/p>\n<p>Combina o <strong>RLG Glute Bands<\/strong> com exerc\u00edcios como o Hip Thrusts e os agachamentos para uma maior ativa\u00e7\u00e3o do gl\u00fateo m\u00e9dio, bem como a possibilidade de realizar numerosos exerc\u00edcios de abdu\u00e7\u00e3o da anca.<\/p>\n\t\t\t\t\t\t\t\t<\/div>\n\t\t\t\t<\/div>\n\t\t\t\t\t<\/div>\n\t\t<\/div>\n\t\t\t\t\t<\/div>\n\t\t<\/section>\n\t\t\t\t<section class=\"elementor-section elementor-inner-section elementor-element elementor-element-0a8e011 elementor-section-content-middle elementor-section-full_width elementor-section-height-default elementor-section-height-default\" data-id=\"0a8e011\" data-element_type=\"section\" data-settings=\"{&quot;jet_parallax_layout_list&quot;:[]}\">\n\t\t\t\t\t\t<div class=\"elementor-container elementor-column-gap-default\">\n\t\t\t\t\t<div class=\"elementor-column elementor-col-50 elementor-inner-column elementor-element elementor-element-f0021ab\" data-id=\"f0021ab\" data-element_type=\"column\">\n\t\t\t<div class=\"elementor-widget-wrap elementor-element-populated\">\n\t\t\t\t\t\t<div class=\"elementor-element elementor-element-50c6a50 elementor-widget elementor-widget-heading\" data-id=\"50c6a50\" data-element_type=\"widget\" data-widget_type=\"heading.default\">\n\t\t\t\t<div class=\"elementor-widget-container\">\n\t\t\t\t\t<h2 class=\"elementor-heading-title elementor-size-large\">Benef\u00edcios do treino com bandas para gl\u00fateos<\/h2>\t\t\t\t<\/div>\n\t\t\t\t<\/div>\n\t\t\t\t<div class=\"elementor-element elementor-element-ad2d1a3 elementor-widget elementor-widget-text-editor\" data-id=\"ad2d1a3\" data-element_type=\"widget\" data-widget_type=\"text-editor.default\">\n\t\t\t\t<div class=\"elementor-widget-container\">\n\t\t\t\t\t\t\t\t\t<ul>\n<li><strong>Fortalece o gl\u00fateo m\u00e9dio<\/strong> gra\u00e7as a <strong>RLG Glute Bands<\/strong><\/li>\n<li>Um gl\u00fateo forte <strong>evita les\u00f5es<\/strong><\/li>\n<li>Ajuda-nos a <strong>corrigir o valgo do joelho<\/strong> em exerc\u00edcios como os agachamentos ou similares.<\/li>\n<li>O <strong>RLG Glute Bands<\/strong> ajud\u00e1-lo a atingir o objetivo de muitos utilizadores de gin\u00e1sio, um <strong>traseiro firme e esbelto<\/strong>.<\/li>\n<li>A f\u00e1cil portabilidade significa que pode <strong>treinar em qualquer lugar<\/strong> com eles.<\/li>\n<\/ul>\n\t\t\t\t\t\t\t\t<\/div>\n\t\t\t\t<\/div>\n\t\t\t\t\t<\/div>\n\t\t<\/div>\n\t\t\t\t<div class=\"elementor-column elementor-col-50 elementor-inner-column elementor-element elementor-element-48ca37f\" data-id=\"48ca37f\" data-element_type=\"column\">\n\t\t\t<div class=\"elementor-widget-wrap elementor-element-populated\">\n\t\t\t\t\t\t<div class=\"elementor-element elementor-element-d9d5b4e elementor-widget elementor-widget-image\" data-id=\"d9d5b4e\" data-element_type=\"widget\" data-widget_type=\"image.default\">\n\t\t\t\t<div class=\"elementor-widget-container\">\n\t\t\t\t\t\t\t\t\t\t\t\t\t\t\t<img decoding=\"async\" width=\"768\" height=\"1152\" src=\"https:\/\/rlgrips.com\/wp-content\/uploads\/2021\/05\/GBANDS_TELA_7-768x1152.jpg\" class=\"attachment-medium_large size-medium_large wp-image-14720\" alt=\"\" srcset=\"https:\/\/rlgrips.com\/wp-content\/uploads\/2021\/05\/GBANDS_TELA_7-768x1152.jpg 768w, https:\/\/rlgrips.com\/wp-content\/uploads\/2021\/05\/GBANDS_TELA_7-200x300.jpg 200w, https:\/\/rlgrips.com\/wp-content\/uploads\/2021\/05\/GBANDS_TELA_7-683x1024.jpg 683w, https:\/\/rlgrips.com\/wp-content\/uploads\/2021\/05\/GBANDS_TELA_7-600x900.jpg 600w, https:\/\/rlgrips.com\/wp-content\/uploads\/2021\/05\/GBANDS_TELA_7.jpg 800w\" sizes=\"(max-width: 768px) 100vw, 768px\" \/>\t\t\t\t\t\t\t\t\t\t\t\t\t\t\t<\/div>\n\t\t\t\t<\/div>\n\t\t\t\t\t<\/div>\n\t\t<\/div>\n\t\t\t\t\t<\/div>\n\t\t<\/section>\n\t\t\t\t<section class=\"elementor-section elementor-inner-section elementor-element elementor-element-173a328 elementor-section-content-middle elementor-section-full_width elementor-section-height-default elementor-section-height-default\" data-id=\"173a328\" data-element_type=\"section\" data-settings=\"{&quot;jet_parallax_layout_list&quot;:[]}\">\n\t\t\t\t\t\t<div class=\"elementor-container elementor-column-gap-default\">\n\t\t\t\t\t<div class=\"elementor-column elementor-col-50 elementor-inner-column elementor-element elementor-element-5adbc37\" data-id=\"5adbc37\" data-element_type=\"column\">\n\t\t\t<div class=\"elementor-widget-wrap elementor-element-populated\">\n\t\t\t\t\t\t<div class=\"elementor-element elementor-element-fddf165 elementor-widget elementor-widget-image\" data-id=\"fddf165\" data-element_type=\"widget\" data-widget_type=\"image.default\">\n\t\t\t\t<div class=\"elementor-widget-container\">\n\t\t\t\t\t\t\t\t\t\t\t\t\t\t\t<img decoding=\"async\" width=\"768\" height=\"1152\" src=\"https:\/\/rlgrips.com\/wp-content\/uploads\/2021\/05\/DESC_2_GLUTE_BANDS-768x1152.jpg\" class=\"attachment-medium_large size-medium_large wp-image-14718\" alt=\"\" srcset=\"https:\/\/rlgrips.com\/wp-content\/uploads\/2021\/05\/DESC_2_GLUTE_BANDS-768x1152.jpg 768w, https:\/\/rlgrips.com\/wp-content\/uploads\/2021\/05\/DESC_2_GLUTE_BANDS-200x300.jpg 200w, https:\/\/rlgrips.com\/wp-content\/uploads\/2021\/05\/DESC_2_GLUTE_BANDS-683x1024.jpg 683w, https:\/\/rlgrips.com\/wp-content\/uploads\/2021\/05\/DESC_2_GLUTE_BANDS-600x900.jpg 600w, https:\/\/rlgrips.com\/wp-content\/uploads\/2021\/05\/DESC_2_GLUTE_BANDS.jpg 800w\" sizes=\"(max-width: 768px) 100vw, 768px\" \/>\t\t\t\t\t\t\t\t\t\t\t\t\t\t\t<\/div>\n\t\t\t\t<\/div>\n\t\t\t\t\t<\/div>\n\t\t<\/div>\n\t\t\t\t<div class=\"elementor-column elementor-col-50 elementor-inner-column elementor-element elementor-element-f3e1728\" data-id=\"f3e1728\" data-element_type=\"column\">\n\t\t\t<div class=\"elementor-widget-wrap elementor-element-populated\">\n\t\t\t\t\t\t<div class=\"elementor-element elementor-element-ad7e0dd elementor-widget elementor-widget-heading\" data-id=\"ad7e0dd\" data-element_type=\"widget\" data-widget_type=\"heading.default\">\n\t\t\t\t<div class=\"elementor-widget-container\">\n\t\t\t\t\t<h2 class=\"elementor-heading-title elementor-size-large\">Caracter\u00edsticas de RLG Glute Bands<\/h2>\t\t\t\t<\/div>\n\t\t\t\t<\/div>\n\t\t\t\t<div class=\"elementor-element elementor-element-648fbce elementor-widget elementor-widget-text-editor\" data-id=\"648fbce\" data-element_type=\"widget\" data-widget_type=\"text-editor.default\">\n\t\t\t\t<div class=\"elementor-widget-container\">\n\t\t\t\t\t\t\t\t\t<ul>\n<li>Fabricado em poli\u00e9ster, algod\u00e3o e l\u00e1tex<\/li>\n<li>Composto por material de alta qualidade<\/li>\n<li>Dispon\u00edvel em tr\u00eas cores: cinzento, preto e vermelho.<\/li>\n<li>Tr\u00eas n\u00edveis de resist\u00eancia<\/li>\n<li>MEDIDAS: 25 X 25 X 10 cm<\/li>\n<li>PESO: 0,385 kg<\/li>\n<li>Fornecido gratuitamente com um saco de tecido de malha RLG<\/li>\n<\/ul>\t\t\t\t\t\t\t\t<\/div>\n\t\t\t\t<\/div>\n\t\t\t\t\t<\/div>\n\t\t<\/div>\n\t\t\t\t\t<\/div>\n\t\t<\/section>\n\t\t\t\t\t<\/div>\n\t\t<\/div>\n\t\t\t\t\t<\/div>\n\t\t<\/section>\n\t\t\t\t<\/div>\n\t\t","protected":false},"excerpt":{"rendered":"<p><strong>DETALHES<br \/>\n<\/strong><span style=\"color: #ff0000;\">\u2714<\/span> Set bandas de gl\u00fateo + Bolsa de rejilla<br \/>\n<span style=\"color: #ff0000;\">\u2714<\/span> 3 n\u00edveis de resist\u00eancia: duro, m\u00e9dio e suave<br \/>\n<span style=\"color: #ff0000;\">\u2714 <\/span>Material resistente e duradouro<br \/>\n<span style=\"color: #ff0000;\">\u2714 <span style=\"color: #333333;\">Costuras refor\u00e7adas e efeito antiderrapante<\/span><\/span><br \/>\n<span style=\"color: #ff0000;\">\u2714 <\/span> Complemento ideal para os seus exerc\u00edcios de gl\u00fateos e pernas.<\/p>\n","protected":false},"featured_media":14714,"template":"","meta":{"_acf_changed":false,"site-sidebar-layout":"default","site-content-layout":"default","ast-site-content-layout":"default","site-content-style":"default","site-sidebar-style":"default","ast-global-header-display":"","ast-banner-title-visibility":"","ast-main-header-display":"","ast-hfb-above-header-display":"","ast-hfb-below-header-display":"","ast-hfb-mobile-header-display":"","site-post-title":"","ast-breadcrumbs-content":"","ast-featured-img":"","footer-sml-layout":"","ast-disable-related-posts":"","theme-transparent-header-meta":"default","adv-header-id-meta":"","stick-header-meta":"default","header-above-stick-meta":"","header-main-stick-meta":"","header-below-stick-meta":"","astra-migrate-meta-layouts":"default","ast-page-background-enabled":"default","ast-page-background-meta":{"desktop":{"background-color":"","background-image":"","background-repeat":"repeat","background-position":"center center","background-size":"auto","background-attachment":"scroll","background-type":"","background-media":"","overlay-type":"","overlay-color":"","overlay-opacity":"","overlay-gradient":""},"tablet":{"background-color":"","background-image":"","background-repeat":"repeat","background-position":"center center","background-size":"auto","background-attachment":"scroll","background-type":"","background-media":"","overlay-type":"","overlay-color":"","overlay-opacity":"","overlay-gradient":""},"mobile":{"background-color":"","background-image":"","background-repeat":"repeat","background-position":"center center","background-size":"auto","background-attachment":"scroll","background-type":"","background-media":"","overlay-type":"","overlay-color":"","overlay-opacity":"","overlay-gradient":""}},"ast-content-background-meta":{"desktop":{"background-color":"var(--ast-global-color-5)","background-image":"","background-repeat":"repeat","background-position":"center center","background-size":"auto","background-attachment":"scroll","background-type":"","background-media":"","overlay-type":"","overlay-color":"","overlay-opacity":"","overlay-gradient":""},"tablet":{"background-color":"var(--ast-global-color-5)","background-image":"","background-repeat":"repeat","background-position":"center center","background-size":"auto","background-attachment":"scroll","background-type":"","background-media":"","overlay-type":"","overlay-color":"","overlay-opacity":"","overlay-gradient":""},"mobile":{"background-color":"var(--ast-global-color-5)","background-image":"","background-repeat":"repeat","background-position":"center center","background-size":"auto","background-attachment":"scroll","background-type":"","background-media":"","overlay-type":"","overlay-color":"","overlay-opacity":"","overlay-gradient":""}}},"product_brand":[],"product_cat":[201],"product_tag":[],"class_list":{"0":"post-16509","1":"product","2":"type-product","3":"status-publish","4":"has-post-thumbnail","6":"product_cat-faixas-elasticas","7":"desktop-align-center","8":"tablet-align-center","9":"mobile-align-center","10":"ast-product-gallery-layout-horizontal-slider","11":"ast-product-tabs-layout-distributed","12":"ast-qv-on-image","14":"first","15":"outofstock","16":"taxable","17":"shipping-taxable","18":"purchasable","19":"product-type-simple"},"acf":[],"yoast_head":"<!-- This site is optimized with the Yoast SEO plugin v26.5 - https:\/\/yoast.com\/wordpress\/plugins\/seo\/ -->\n<title>Faixas para Gl\u00fateos RLG Glute Bands | RL Grips\u00ae<\/title>\n<meta name=\"description\" content=\"Fortale\u00e7a os seus gl\u00fateos com as bandas para gl\u00fateos RLG. Tonificar e firmar as pernas n\u00e3o ser\u00e1 dif\u00edcil com o nosso conjunto de 3 bandas para gl\u00fateos Quer dar uma vista de olhos?\" \/>\n<meta name=\"robots\" content=\"index, follow, max-snippet:-1, max-image-preview:large, max-video-preview:-1\" \/>\n<link rel=\"canonical\" href=\"https:\/\/rlgrips.com\/pt-pt\/tienda\/rlg-glute-bands-bandas-de-gluteo\/\" \/>\n<meta property=\"og:locale\" content=\"pt_PT\" \/>\n<meta property=\"og:type\" content=\"article\" \/>\n<meta property=\"og:title\" content=\"Faixas para Gl\u00fateos RLG Glute Bands | RL Grips\u00ae\" \/>\n<meta property=\"og:description\" content=\"Fortale\u00e7a os seus gl\u00fateos com as bandas para gl\u00fateos RLG. Tonificar e firmar as pernas n\u00e3o ser\u00e1 dif\u00edcil com o nosso conjunto de 3 bandas para gl\u00fateos Quer dar uma vista de olhos?\" \/>\n<meta property=\"og:url\" content=\"https:\/\/rlgrips.com\/pt-pt\/tienda\/rlg-glute-bands-bandas-de-gluteo\/\" \/>\n<meta property=\"og:site_name\" content=\"RL Grips\" \/>\n<meta property=\"article:modified_time\" content=\"2025-11-14T16:18:03+00:00\" \/>\n<meta property=\"og:image\" content=\"https:\/\/rlgrips.com\/wp-content\/uploads\/2021\/05\/GBANDS_TELA_5.jpg\" \/>\n\t<meta property=\"og:image:width\" content=\"900\" \/>\n\t<meta property=\"og:image:height\" content=\"900\" \/>\n\t<meta property=\"og:image:type\" content=\"image\/jpeg\" \/>\n<meta name=\"twitter:card\" content=\"summary_large_image\" \/>\n<meta name=\"twitter:label1\" content=\"Tempo estimado de leitura\" \/>\n\t<meta name=\"twitter:data1\" content=\"1 minuto\" \/>\n<script type=\"application\/ld+json\" class=\"yoast-schema-graph\">{\"@context\":\"https:\/\/schema.org\",\"@graph\":[{\"@type\":\"WebPage\",\"@id\":\"https:\/\/rlgrips.com\/pt-pt\/tienda\/rlg-glute-bands-bandas-de-gluteo\/\",\"url\":\"https:\/\/rlgrips.com\/pt-pt\/tienda\/rlg-glute-bands-bandas-de-gluteo\/\",\"name\":\"Faixas para Gl\u00fateos RLG Glute Bands | RL Grips\u00ae\",\"isPartOf\":{\"@id\":\"https:\/\/rlgrips.com\/pt-pt\/#website\"},\"primaryImageOfPage\":{\"@id\":\"https:\/\/rlgrips.com\/pt-pt\/tienda\/rlg-glute-bands-bandas-de-gluteo\/#primaryimage\"},\"image\":{\"@id\":\"https:\/\/rlgrips.com\/pt-pt\/tienda\/rlg-glute-bands-bandas-de-gluteo\/#primaryimage\"},\"thumbnailUrl\":\"https:\/\/rlgrips.com\/wp-content\/uploads\/2021\/05\/GBANDS_TELA_5.jpg\",\"datePublished\":\"2021-05-18T18:41:52+00:00\",\"dateModified\":\"2025-11-14T16:18:03+00:00\",\"description\":\"Fortale\u00e7a os seus gl\u00fateos com as bandas para gl\u00fateos RLG. Tonificar e firmar as pernas n\u00e3o ser\u00e1 dif\u00edcil com o nosso conjunto de 3 bandas para gl\u00fateos Quer dar uma vista de olhos?\",\"breadcrumb\":{\"@id\":\"https:\/\/rlgrips.com\/pt-pt\/tienda\/rlg-glute-bands-bandas-de-gluteo\/#breadcrumb\"},\"inLanguage\":\"pt-PT\",\"potentialAction\":[{\"@type\":\"ReadAction\",\"target\":[\"https:\/\/rlgrips.com\/pt-pt\/tienda\/rlg-glute-bands-bandas-de-gluteo\/\"]}]},{\"@type\":\"ImageObject\",\"inLanguage\":\"pt-PT\",\"@id\":\"https:\/\/rlgrips.com\/pt-pt\/tienda\/rlg-glute-bands-bandas-de-gluteo\/#primaryimage\",\"url\":\"https:\/\/rlgrips.com\/wp-content\/uploads\/2021\/05\/GBANDS_TELA_5.jpg\",\"contentUrl\":\"https:\/\/rlgrips.com\/wp-content\/uploads\/2021\/05\/GBANDS_TELA_5.jpg\",\"width\":900,\"height\":900},{\"@type\":\"BreadcrumbList\",\"@id\":\"https:\/\/rlgrips.com\/pt-pt\/tienda\/rlg-glute-bands-bandas-de-gluteo\/#breadcrumb\",\"itemListElement\":[{\"@type\":\"ListItem\",\"position\":1,\"name\":\"Portada\",\"item\":\"https:\/\/rlgrips.com\/pt-pt\/home\/\"},{\"@type\":\"ListItem\",\"position\":2,\"name\":\"Loja\",\"item\":\"https:\/\/rlgrips.com\/pt-pt\/loja\/\"},{\"@type\":\"ListItem\",\"position\":3,\"name\":\"RLG Glute Bands &#8211; Bandas de Gl\u00fateo\"}]},{\"@type\":\"WebSite\",\"@id\":\"https:\/\/rlgrips.com\/pt-pt\/#website\",\"url\":\"https:\/\/rlgrips.com\/pt-pt\/\",\"name\":\"RL Grips\",\"description\":\"Equipamiento y Accesorios de Entrenamiento\",\"publisher\":{\"@id\":\"https:\/\/rlgrips.com\/pt-pt\/#organization\"},\"potentialAction\":[{\"@type\":\"SearchAction\",\"target\":{\"@type\":\"EntryPoint\",\"urlTemplate\":\"https:\/\/rlgrips.com\/pt-pt\/?s={search_term_string}\"},\"query-input\":{\"@type\":\"PropertyValueSpecification\",\"valueRequired\":true,\"valueName\":\"search_term_string\"}}],\"inLanguage\":\"pt-PT\"},{\"@type\":\"Organization\",\"@id\":\"https:\/\/rlgrips.com\/pt-pt\/#organization\",\"name\":\"RL Grips\u2122\",\"url\":\"https:\/\/rlgrips.com\/pt-pt\/\",\"logo\":{\"@type\":\"ImageObject\",\"inLanguage\":\"pt-PT\",\"@id\":\"https:\/\/rlgrips.com\/pt-pt\/#\/schema\/logo\/image\/\",\"url\":\"https:\/\/rlgrips.com\/wp-content\/uploads\/2021\/04\/RLG2SBLACK-e1617355385190.png\",\"contentUrl\":\"https:\/\/rlgrips.com\/wp-content\/uploads\/2021\/04\/RLG2SBLACK-e1617355385190.png\",\"width\":128,\"height\":60,\"caption\":\"RL Grips\u2122\"},\"image\":{\"@id\":\"https:\/\/rlgrips.com\/pt-pt\/#\/schema\/logo\/image\/\"}}]}<\/script>\n<!-- \/ Yoast SEO plugin. -->","yoast_head_json":{"title":"Faixas para Gl\u00fateos RLG Glute Bands | RL Grips\u00ae","description":"Fortale\u00e7a os seus gl\u00fateos com as bandas para gl\u00fateos RLG. Tonificar e firmar as pernas n\u00e3o ser\u00e1 dif\u00edcil com o nosso conjunto de 3 bandas para gl\u00fateos Quer dar uma vista de olhos?","robots":{"index":"index","follow":"follow","max-snippet":"max-snippet:-1","max-image-preview":"max-image-preview:large","max-video-preview":"max-video-preview:-1"},"canonical":"https:\/\/rlgrips.com\/pt-pt\/tienda\/rlg-glute-bands-bandas-de-gluteo\/","og_locale":"pt_PT","og_type":"article","og_title":"Faixas para Gl\u00fateos RLG Glute Bands | RL Grips\u00ae","og_description":"Fortale\u00e7a os seus gl\u00fateos com as bandas para gl\u00fateos RLG. Tonificar e firmar as pernas n\u00e3o ser\u00e1 dif\u00edcil com o nosso conjunto de 3 bandas para gl\u00fateos Quer dar uma vista de olhos?","og_url":"https:\/\/rlgrips.com\/pt-pt\/tienda\/rlg-glute-bands-bandas-de-gluteo\/","og_site_name":"RL Grips","article_modified_time":"2025-11-14T16:18:03+00:00","og_image":[{"width":900,"height":900,"url":"https:\/\/rlgrips.com\/wp-content\/uploads\/2021\/05\/GBANDS_TELA_5.jpg","type":"image\/jpeg"}],"twitter_card":"summary_large_image","twitter_misc":{"Tempo estimado de leitura":"1 minuto"},"schema":{"@context":"https:\/\/schema.org","@graph":[{"@type":"WebPage","@id":"https:\/\/rlgrips.com\/pt-pt\/tienda\/rlg-glute-bands-bandas-de-gluteo\/","url":"https:\/\/rlgrips.com\/pt-pt\/tienda\/rlg-glute-bands-bandas-de-gluteo\/","name":"Faixas para Gl\u00fateos RLG Glute Bands | RL Grips\u00ae","isPartOf":{"@id":"https:\/\/rlgrips.com\/pt-pt\/#website"},"primaryImageOfPage":{"@id":"https:\/\/rlgrips.com\/pt-pt\/tienda\/rlg-glute-bands-bandas-de-gluteo\/#primaryimage"},"image":{"@id":"https:\/\/rlgrips.com\/pt-pt\/tienda\/rlg-glute-bands-bandas-de-gluteo\/#primaryimage"},"thumbnailUrl":"https:\/\/rlgrips.com\/wp-content\/uploads\/2021\/05\/GBANDS_TELA_5.jpg","datePublished":"2021-05-18T18:41:52+00:00","dateModified":"2025-11-14T16:18:03+00:00","description":"Fortale\u00e7a os seus gl\u00fateos com as bandas para gl\u00fateos RLG. Tonificar e firmar as pernas n\u00e3o ser\u00e1 dif\u00edcil com o nosso conjunto de 3 bandas para gl\u00fateos Quer dar uma vista de olhos?","breadcrumb":{"@id":"https:\/\/rlgrips.com\/pt-pt\/tienda\/rlg-glute-bands-bandas-de-gluteo\/#breadcrumb"},"inLanguage":"pt-PT","potentialAction":[{"@type":"ReadAction","target":["https:\/\/rlgrips.com\/pt-pt\/tienda\/rlg-glute-bands-bandas-de-gluteo\/"]}]},{"@type":"ImageObject","inLanguage":"pt-PT","@id":"https:\/\/rlgrips.com\/pt-pt\/tienda\/rlg-glute-bands-bandas-de-gluteo\/#primaryimage","url":"https:\/\/rlgrips.com\/wp-content\/uploads\/2021\/05\/GBANDS_TELA_5.jpg","contentUrl":"https:\/\/rlgrips.com\/wp-content\/uploads\/2021\/05\/GBANDS_TELA_5.jpg","width":900,"height":900},{"@type":"BreadcrumbList","@id":"https:\/\/rlgrips.com\/pt-pt\/tienda\/rlg-glute-bands-bandas-de-gluteo\/#breadcrumb","itemListElement":[{"@type":"ListItem","position":1,"name":"Portada","item":"https:\/\/rlgrips.com\/pt-pt\/home\/"},{"@type":"ListItem","position":2,"name":"Loja","item":"https:\/\/rlgrips.com\/pt-pt\/loja\/"},{"@type":"ListItem","position":3,"name":"RLG Glute Bands &#8211; Bandas de Gl\u00fateo"}]},{"@type":"WebSite","@id":"https:\/\/rlgrips.com\/pt-pt\/#website","url":"https:\/\/rlgrips.com\/pt-pt\/","name":"RL Grips","description":"Equipamiento y Accesorios de Entrenamiento","publisher":{"@id":"https:\/\/rlgrips.com\/pt-pt\/#organization"},"potentialAction":[{"@type":"SearchAction","target":{"@type":"EntryPoint","urlTemplate":"https:\/\/rlgrips.com\/pt-pt\/?s={search_term_string}"},"query-input":{"@type":"PropertyValueSpecification","valueRequired":true,"valueName":"search_term_string"}}],"inLanguage":"pt-PT"},{"@type":"Organization","@id":"https:\/\/rlgrips.com\/pt-pt\/#organization","name":"RL Grips\u2122","url":"https:\/\/rlgrips.com\/pt-pt\/","logo":{"@type":"ImageObject","inLanguage":"pt-PT","@id":"https:\/\/rlgrips.com\/pt-pt\/#\/schema\/logo\/image\/","url":"https:\/\/rlgrips.com\/wp-content\/uploads\/2021\/04\/RLG2SBLACK-e1617355385190.png","contentUrl":"https:\/\/rlgrips.com\/wp-content\/uploads\/2021\/04\/RLG2SBLACK-e1617355385190.png","width":128,"height":60,"caption":"RL Grips\u2122"},"image":{"@id":"https:\/\/rlgrips.com\/pt-pt\/#\/schema\/logo\/image\/"}}]}},"_links":{"self":[{"href":"https:\/\/rlgrips.com\/pt-pt\/wp-json\/wp\/v2\/product\/16509","targetHints":{"allow":["GET"]}}],"collection":[{"href":"https:\/\/rlgrips.com\/pt-pt\/wp-json\/wp\/v2\/product"}],"about":[{"href":"https:\/\/rlgrips.com\/pt-pt\/wp-json\/wp\/v2\/types\/product"}],"version-history":[{"count":0,"href":"https:\/\/rlgrips.com\/pt-pt\/wp-json\/wp\/v2\/product\/16509\/revisions"}],"wp:featuredmedia":[{"embeddable":true,"href":"https:\/\/rlgrips.com\/pt-pt\/wp-json\/wp\/v2\/media\/14714"}],"wp:attachment":[{"href":"https:\/\/rlgrips.com\/pt-pt\/wp-json\/wp\/v2\/media?parent=16509"}],"wp:term":[{"taxonomy":"product_brand","embeddable":true,"href":"https:\/\/rlgrips.com\/pt-pt\/wp-json\/wp\/v2\/product_brand?post=16509"},{"taxonomy":"product_cat","embeddable":true,"href":"https:\/\/rlgrips.com\/pt-pt\/wp-json\/wp\/v2\/product_cat?post=16509"},{"taxonomy":"product_tag","embeddable":true,"href":"https:\/\/rlgrips.com\/pt-pt\/wp-json\/wp\/v2\/product_tag?post=16509"}],"curies":[{"name":"wp","href":"https:\/\/api.w.org\/{rel}","templated":true}]}}