{"id":16485,"date":"2025-02-23T20:13:51","date_gmt":"2025-02-23T19:13:51","guid":{"rendered":"https:\/\/rlgrips.com\/tienda\/rlg-wrist-wraps-protectores-de-pulso-para-ginasio\/"},"modified":"2025-11-14T09:40:48","modified_gmt":"2025-11-14T08:40:48","slug":"rlg-wrist-wraps-protectores-de-pulso-para-ginasio","status":"publish","type":"product","link":"https:\/\/rlgrips.com\/pt-pt\/tienda\/rlg-wrist-wraps-protectores-de-pulso-para-ginasio\/","title":{"rendered":"RLG Wrist Wraps &#8211; Protectores de Pulso para Gin\u00e1sio"},"content":{"rendered":"\t\t<div data-elementor-type=\"product-post\" data-elementor-id=\"16485\" class=\"elementor elementor-16485 elementor-3521\" data-elementor-post-type=\"product\">\n\t\t\t\t\t\t<section class=\"elementor-section elementor-top-section elementor-element elementor-element-16fe6f5 elementor-section-full_width elementor-section-height-default elementor-section-height-default\" data-id=\"16fe6f5\" data-element_type=\"section\" data-settings=\"{&quot;jet_parallax_layout_list&quot;:[]}\">\n\t\t\t\t\t\t<div class=\"elementor-container elementor-column-gap-default\">\n\t\t\t\t\t<div class=\"elementor-column elementor-col-100 elementor-top-column elementor-element elementor-element-8b2d4ed\" data-id=\"8b2d4ed\" data-element_type=\"column\">\n\t\t\t<div class=\"elementor-widget-wrap elementor-element-populated\">\n\t\t\t\t\t\t<div class=\"elementor-element elementor-element-792e992 elementor-widget elementor-widget-heading\" data-id=\"792e992\" data-element_type=\"widget\" data-widget_type=\"heading.default\">\n\t\t\t\t<div class=\"elementor-widget-container\">\n\t\t\t\t\t<h2 class=\"elementor-heading-title elementor-size-large\">Protectores de pulso desportivos RLG Wrist Wraps<\/h2>\t\t\t\t<\/div>\n\t\t\t\t<\/div>\n\t\t\t\t<section class=\"elementor-section elementor-inner-section elementor-element elementor-element-b3a74de elementor-section-content-middle elementor-section-boxed elementor-section-height-default elementor-section-height-default\" data-id=\"b3a74de\" data-element_type=\"section\" data-settings=\"{&quot;jet_parallax_layout_list&quot;:[]}\">\n\t\t\t\t\t\t<div class=\"elementor-container elementor-column-gap-default\">\n\t\t\t\t\t<div class=\"elementor-column elementor-col-50 elementor-inner-column elementor-element elementor-element-f3cc262\" data-id=\"f3cc262\" data-element_type=\"column\">\n\t\t\t<div class=\"elementor-widget-wrap elementor-element-populated\">\n\t\t\t\t\t\t<div class=\"elementor-element elementor-element-f68bc76 elementor-widget elementor-widget-image\" data-id=\"f68bc76\" data-element_type=\"widget\" data-widget_type=\"image.default\">\n\t\t\t\t<div class=\"elementor-widget-container\">\n\t\t\t\t\t\t\t\t\t\t\t\t\t\t\t<img fetchpriority=\"high\" decoding=\"async\" width=\"768\" height=\"576\" src=\"https:\/\/rlgrips.com\/wp-content\/uploads\/2021\/05\/DESC_1_wristwrap-768x576.jpg\" class=\"attachment-medium_large size-medium_large wp-image-14534\" alt=\"\" srcset=\"https:\/\/rlgrips.com\/wp-content\/uploads\/2021\/05\/DESC_1_wristwrap-768x576.jpg 768w, https:\/\/rlgrips.com\/wp-content\/uploads\/2021\/05\/DESC_1_wristwrap-1000x750.jpg 1000w, https:\/\/rlgrips.com\/wp-content\/uploads\/2021\/05\/DESC_1_wristwrap-300x225.jpg 300w, https:\/\/rlgrips.com\/wp-content\/uploads\/2021\/05\/DESC_1_wristwrap-1024x768.jpg 1024w, https:\/\/rlgrips.com\/wp-content\/uploads\/2021\/05\/DESC_1_wristwrap-600x450.jpg.webp 600w, https:\/\/rlgrips.com\/wp-content\/uploads\/2021\/05\/DESC_1_wristwrap.jpg 1200w\" sizes=\"(max-width: 768px) 100vw, 768px\" \/>\t\t\t\t\t\t\t\t\t\t\t\t\t\t\t<\/div>\n\t\t\t\t<\/div>\n\t\t\t\t\t<\/div>\n\t\t<\/div>\n\t\t\t\t<div class=\"elementor-column elementor-col-50 elementor-inner-column elementor-element elementor-element-b8e417d\" data-id=\"b8e417d\" data-element_type=\"column\">\n\t\t\t<div class=\"elementor-widget-wrap elementor-element-populated\">\n\t\t\t\t\t\t<div class=\"elementor-element elementor-element-035a1e2 elementor-widget elementor-widget-text-editor\" data-id=\"035a1e2\" data-element_type=\"widget\" data-widget_type=\"text-editor.default\">\n\t\t\t\t<div class=\"elementor-widget-container\">\n\t\t\t\t\t\t\t\t\t<p>As pulseiras <strong>RLG<\/strong> s\u00e3o as pulseiras desportivas perfeitas para o seu treino de for\u00e7a, crossfit, calistenia e muitos outros desportos. Gra\u00e7as a elas, libertar\u00e1 os seus pulsos da tens\u00e3o,<strong> evitando les\u00f5es<\/strong> e proporcionando a seguran\u00e7a necess\u00e1ria para realizar as suas melhores eleva\u00e7\u00f5es e os seus treinos mais extremos. <\/p>\n<p>Desafie <strong>e ultrapasse os seus limites<\/strong> com o <strong>RLG Wrist Wraps<\/strong>.<\/p>\n\t\t\t\t\t\t\t\t<\/div>\n\t\t\t\t<\/div>\n\t\t\t\t\t<\/div>\n\t\t<\/div>\n\t\t\t\t\t<\/div>\n\t\t<\/section>\n\t\t\t\t<section class=\"elementor-section elementor-inner-section elementor-element elementor-element-e1b1b84 elementor-section-content-middle elementor-section-boxed elementor-section-height-default elementor-section-height-default\" data-id=\"e1b1b84\" data-element_type=\"section\" data-settings=\"{&quot;jet_parallax_layout_list&quot;:[]}\">\n\t\t\t\t\t\t<div class=\"elementor-container elementor-column-gap-default\">\n\t\t\t\t\t<div class=\"elementor-column elementor-col-50 elementor-inner-column elementor-element elementor-element-e18c3f3\" data-id=\"e18c3f3\" data-element_type=\"column\">\n\t\t\t<div class=\"elementor-widget-wrap elementor-element-populated\">\n\t\t\t\t\t\t<div class=\"elementor-element elementor-element-187380a elementor-widget elementor-widget-heading\" data-id=\"187380a\" data-element_type=\"widget\" data-widget_type=\"heading.default\">\n\t\t\t\t<div class=\"elementor-widget-container\">\n\t\t\t\t\t<h2 class=\"elementor-heading-title elementor-size-large\">Caracter\u00edsticas de RLG Wrist Wraps<\/h2>\t\t\t\t<\/div>\n\t\t\t\t<\/div>\n\t\t\t\t<div class=\"elementor-element elementor-element-648fbce elementor-widget elementor-widget-text-editor\" data-id=\"648fbce\" data-element_type=\"widget\" data-widget_type=\"text-editor.default\">\n\t\t\t\t<div class=\"elementor-widget-container\">\n\t\t\t\t\t\t\t\t\t<ul>\n<li>Fabricado em algod\u00e3o e l\u00e1tex de alta qualidade<\/li>\n<li>Elevada elasticidade devido ao material de fabrico<\/li>\n<li>Adapta-se a qualquer tamanho gra\u00e7as ao fecho de velcro ajust\u00e1vel<\/li>\n<li>M\u00e1xima durabilidade devido \u00e0 qualidade do seu material<\/li>\n<li>MEDIDAS: 55 X 8,5 cm (unidade)<\/li>\n<li>PESO: 0,088 kg (unidade)<\/li>\n<\/ul>\n\t\t\t\t\t\t\t\t<\/div>\n\t\t\t\t<\/div>\n\t\t\t\t\t<\/div>\n\t\t<\/div>\n\t\t\t\t<div class=\"elementor-column elementor-col-50 elementor-inner-column elementor-element elementor-element-2848d4d\" data-id=\"2848d4d\" data-element_type=\"column\">\n\t\t\t<div class=\"elementor-widget-wrap elementor-element-populated\">\n\t\t\t\t\t\t<div class=\"elementor-element elementor-element-f68299d elementor-widget elementor-widget-image\" data-id=\"f68299d\" data-element_type=\"widget\" data-widget_type=\"image.default\">\n\t\t\t\t<div class=\"elementor-widget-container\">\n\t\t\t\t\t\t\t\t\t\t\t\t\t\t\t<img decoding=\"async\" width=\"768\" height=\"1024\" src=\"https:\/\/rlgrips.com\/wp-content\/uploads\/2021\/05\/DESC_2_wristwrap-768x1024.jpg\" class=\"attachment-medium_large size-medium_large wp-image-14536\" alt=\"\" srcset=\"https:\/\/rlgrips.com\/wp-content\/uploads\/2021\/05\/DESC_2_wristwrap-768x1024.jpg 768w, https:\/\/rlgrips.com\/wp-content\/uploads\/2021\/05\/DESC_2_wristwrap-225x300.jpg 225w, https:\/\/rlgrips.com\/wp-content\/uploads\/2021\/05\/DESC_2_wristwrap-600x800.jpg.webp 600w, https:\/\/rlgrips.com\/wp-content\/uploads\/2021\/05\/DESC_2_wristwrap.jpg 900w\" sizes=\"(max-width: 768px) 100vw, 768px\" \/>\t\t\t\t\t\t\t\t\t\t\t\t\t\t\t<\/div>\n\t\t\t\t<\/div>\n\t\t\t\t\t<\/div>\n\t\t<\/div>\n\t\t\t\t\t<\/div>\n\t\t<\/section>\n\t\t\t\t\t<\/div>\n\t\t<\/div>\n\t\t\t\t\t<\/div>\n\t\t<\/section>\n\t\t\t\t<\/div>\n\t\t","protected":false},"excerpt":{"rendered":"<p><strong>DETALHES<br \/>\n<\/strong><span style=\"color: #ff0000;\">\u2714<\/span> Pacote de pulseiras dispon\u00edvel em 3 cores<br \/>\n<span style=\"color: #ff0000;\">\u2714<\/span> Fabricado em algod\u00e3o de alta qualidade<br \/>\n<span style=\"color: #ff0000;\">\u2714<\/span> Fecho de velcro ajust\u00e1vel<br \/>\n<span style=\"color: #ff0000;\">\u2714 <span style=\"color: #333333;\"> Prote\u00e7\u00e3o garantida para os seus pulsos<\/span><\/span><br \/>\n<span style=\"color: #ff0000;\">\u2714 <span style=\"color: #333333;\">Incluida bolsa de transporte<\/span><\/span><\/p>\n","protected":false},"featured_media":22986,"template":"","meta":{"_acf_changed":false,"site-sidebar-layout":"default","site-content-layout":"default","ast-site-content-layout":"default","site-content-style":"default","site-sidebar-style":"default","ast-global-header-display":"","ast-banner-title-visibility":"","ast-main-header-display":"","ast-hfb-above-header-display":"","ast-hfb-below-header-display":"","ast-hfb-mobile-header-display":"","site-post-title":"","ast-breadcrumbs-content":"","ast-featured-img":"","footer-sml-layout":"","ast-disable-related-posts":"","theme-transparent-header-meta":"default","adv-header-id-meta":"","stick-header-meta":"default","header-above-stick-meta":"","header-main-stick-meta":"","header-below-stick-meta":"","astra-migrate-meta-layouts":"set","ast-page-background-enabled":"default","ast-page-background-meta":{"desktop":{"background-color":"","background-image":"","background-repeat":"repeat","background-position":"center center","background-size":"auto","background-attachment":"scroll","background-type":"","background-media":"","overlay-type":"","overlay-color":"","overlay-opacity":"","overlay-gradient":""},"tablet":{"background-color":"","background-image":"","background-repeat":"repeat","background-position":"center center","background-size":"auto","background-attachment":"scroll","background-type":"","background-media":"","overlay-type":"","overlay-color":"","overlay-opacity":"","overlay-gradient":""},"mobile":{"background-color":"","background-image":"","background-repeat":"repeat","background-position":"center center","background-size":"auto","background-attachment":"scroll","background-type":"","background-media":"","overlay-type":"","overlay-color":"","overlay-opacity":"","overlay-gradient":""}},"ast-content-background-meta":{"desktop":{"background-color":"var(--ast-global-color-5)","background-image":"","background-repeat":"repeat","background-position":"center center","background-size":"auto","background-attachment":"scroll","background-type":"","background-media":"","overlay-type":"","overlay-color":"","overlay-opacity":"","overlay-gradient":""},"tablet":{"background-color":"var(--ast-global-color-5)","background-image":"","background-repeat":"repeat","background-position":"center center","background-size":"auto","background-attachment":"scroll","background-type":"","background-media":"","overlay-type":"","overlay-color":"","overlay-opacity":"","overlay-gradient":""},"mobile":{"background-color":"var(--ast-global-color-5)","background-image":"","background-repeat":"repeat","background-position":"center center","background-size":"auto","background-attachment":"scroll","background-type":"","background-media":"","overlay-type":"","overlay-color":"","overlay-opacity":"","overlay-gradient":""}}},"product_brand":[],"product_cat":[205],"product_tag":[],"class_list":{"0":"post-16485","1":"product","2":"type-product","3":"status-publish","4":"has-post-thumbnail","6":"product_cat-proteccoes-e-apoios","7":"desktop-align-center","8":"tablet-align-center","9":"mobile-align-center","10":"ast-product-gallery-layout-horizontal-slider","11":"ast-product-single-variable","12":"ast-product-tabs-layout-distributed","13":"ast-qv-on-image","15":"first","16":"instock","17":"featured","18":"taxable","19":"shipping-taxable","20":"purchasable","21":"product-type-variable"},"acf":[],"yoast_head":"<!-- This site is optimized with the Yoast SEO plugin v26.5 - https:\/\/yoast.com\/wordpress\/plugins\/seo\/ -->\n<title>Protectores de pulso para gin\u00e1sio, Crossfit ou Powerlifting | RL Grips\u00ae<\/title>\n<meta name=\"description\" content=\"Proteja-se com as melhores pulseiras desportivas para gin\u00e1sio, Crossfit ou treino de Powerlifting RLG Wrist Wraps de RL Grips\u00ae\" \/>\n<meta name=\"robots\" content=\"index, follow, max-snippet:-1, max-image-preview:large, max-video-preview:-1\" \/>\n<link rel=\"canonical\" href=\"https:\/\/rlgrips.com\/pt-pt\/tienda\/rlg-wrist-wraps-protectores-de-pulso-para-ginasio\/\" \/>\n<meta property=\"og:locale\" content=\"pt_PT\" \/>\n<meta property=\"og:type\" content=\"article\" \/>\n<meta property=\"og:title\" content=\"Protectores de pulso para gin\u00e1sio, Crossfit ou Powerlifting | RL Grips\u00ae\" \/>\n<meta property=\"og:description\" content=\"Proteja-se com as melhores pulseiras desportivas para gin\u00e1sio, Crossfit ou treino de Powerlifting RLG Wrist Wraps de RL Grips\u00ae\" \/>\n<meta property=\"og:url\" content=\"https:\/\/rlgrips.com\/pt-pt\/tienda\/rlg-wrist-wraps-protectores-de-pulso-para-ginasio\/\" \/>\n<meta property=\"og:site_name\" content=\"RL Grips\" \/>\n<meta property=\"article:modified_time\" content=\"2025-11-14T08:40:48+00:00\" \/>\n<meta property=\"og:image\" content=\"https:\/\/rlgrips.com\/wp-content\/uploads\/2021\/12\/IMG_1_NEGRA-1.jpg\" \/>\n\t<meta property=\"og:image:width\" content=\"1000\" \/>\n\t<meta property=\"og:image:height\" content=\"1000\" \/>\n\t<meta property=\"og:image:type\" content=\"image\/jpeg\" \/>\n<meta name=\"twitter:card\" content=\"summary_large_image\" \/>\n<meta name=\"twitter:label1\" content=\"Tempo estimado de leitura\" \/>\n\t<meta name=\"twitter:data1\" content=\"1 minuto\" \/>\n<script type=\"application\/ld+json\" class=\"yoast-schema-graph\">{\"@context\":\"https:\/\/schema.org\",\"@graph\":[{\"@type\":\"WebPage\",\"@id\":\"https:\/\/rlgrips.com\/pt-pt\/tienda\/rlg-wrist-wraps-protectores-de-pulso-para-ginasio\/\",\"url\":\"https:\/\/rlgrips.com\/pt-pt\/tienda\/rlg-wrist-wraps-protectores-de-pulso-para-ginasio\/\",\"name\":\"Protectores de pulso para gin\u00e1sio, Crossfit ou Powerlifting | RL Grips\u00ae\",\"isPartOf\":{\"@id\":\"https:\/\/rlgrips.com\/pt-pt\/#website\"},\"primaryImageOfPage\":{\"@id\":\"https:\/\/rlgrips.com\/pt-pt\/tienda\/rlg-wrist-wraps-protectores-de-pulso-para-ginasio\/#primaryimage\"},\"image\":{\"@id\":\"https:\/\/rlgrips.com\/pt-pt\/tienda\/rlg-wrist-wraps-protectores-de-pulso-para-ginasio\/#primaryimage\"},\"thumbnailUrl\":\"https:\/\/rlgrips.com\/wp-content\/uploads\/2025\/02\/IMG_1_NEGRO.jpg\",\"datePublished\":\"2025-02-23T19:13:51+00:00\",\"dateModified\":\"2025-11-14T08:40:48+00:00\",\"description\":\"Proteja-se com as melhores pulseiras desportivas para gin\u00e1sio, Crossfit ou treino de Powerlifting RLG Wrist Wraps de RL Grips\u00ae\",\"breadcrumb\":{\"@id\":\"https:\/\/rlgrips.com\/pt-pt\/tienda\/rlg-wrist-wraps-protectores-de-pulso-para-ginasio\/#breadcrumb\"},\"inLanguage\":\"pt-PT\",\"potentialAction\":[{\"@type\":\"ReadAction\",\"target\":[\"https:\/\/rlgrips.com\/pt-pt\/tienda\/rlg-wrist-wraps-protectores-de-pulso-para-ginasio\/\"]}]},{\"@type\":\"ImageObject\",\"inLanguage\":\"pt-PT\",\"@id\":\"https:\/\/rlgrips.com\/pt-pt\/tienda\/rlg-wrist-wraps-protectores-de-pulso-para-ginasio\/#primaryimage\",\"url\":\"https:\/\/rlgrips.com\/wp-content\/uploads\/2025\/02\/IMG_1_NEGRO.jpg\",\"contentUrl\":\"https:\/\/rlgrips.com\/wp-content\/uploads\/2025\/02\/IMG_1_NEGRO.jpg\",\"width\":1000,\"height\":1000,\"caption\":\"\u2705ESTILO Y COLOR A TU GUSTO: Elige entre los elegantes colores rojo y negro, ideales para darle un toque de estilo y energ\u00eda a tus entrenamientos de gimnasio. Adem\u00e1s, disfruta de un dise\u00f1o exclusivo en la leng\u00fceta que hace destacar tu equipo.\"},{\"@type\":\"BreadcrumbList\",\"@id\":\"https:\/\/rlgrips.com\/pt-pt\/tienda\/rlg-wrist-wraps-protectores-de-pulso-para-ginasio\/#breadcrumb\",\"itemListElement\":[{\"@type\":\"ListItem\",\"position\":1,\"name\":\"Portada\",\"item\":\"https:\/\/rlgrips.com\/pt-pt\/home\/\"},{\"@type\":\"ListItem\",\"position\":2,\"name\":\"Loja\",\"item\":\"https:\/\/rlgrips.com\/pt-pt\/loja\/\"},{\"@type\":\"ListItem\",\"position\":3,\"name\":\"RLG Wrist Wraps &#8211; Protectores de Pulso para Gin\u00e1sio\"}]},{\"@type\":\"WebSite\",\"@id\":\"https:\/\/rlgrips.com\/pt-pt\/#website\",\"url\":\"https:\/\/rlgrips.com\/pt-pt\/\",\"name\":\"RL Grips\",\"description\":\"Equipamiento y Accesorios de Entrenamiento\",\"publisher\":{\"@id\":\"https:\/\/rlgrips.com\/pt-pt\/#organization\"},\"potentialAction\":[{\"@type\":\"SearchAction\",\"target\":{\"@type\":\"EntryPoint\",\"urlTemplate\":\"https:\/\/rlgrips.com\/pt-pt\/?s={search_term_string}\"},\"query-input\":{\"@type\":\"PropertyValueSpecification\",\"valueRequired\":true,\"valueName\":\"search_term_string\"}}],\"inLanguage\":\"pt-PT\"},{\"@type\":\"Organization\",\"@id\":\"https:\/\/rlgrips.com\/pt-pt\/#organization\",\"name\":\"RL Grips\u2122\",\"url\":\"https:\/\/rlgrips.com\/pt-pt\/\",\"logo\":{\"@type\":\"ImageObject\",\"inLanguage\":\"pt-PT\",\"@id\":\"https:\/\/rlgrips.com\/pt-pt\/#\/schema\/logo\/image\/\",\"url\":\"https:\/\/rlgrips.com\/wp-content\/uploads\/2021\/04\/RLG2SBLACK-e1617355385190.png\",\"contentUrl\":\"https:\/\/rlgrips.com\/wp-content\/uploads\/2021\/04\/RLG2SBLACK-e1617355385190.png\",\"width\":128,\"height\":60,\"caption\":\"RL Grips\u2122\"},\"image\":{\"@id\":\"https:\/\/rlgrips.com\/pt-pt\/#\/schema\/logo\/image\/\"}}]}<\/script>\n<!-- \/ Yoast SEO plugin. -->","yoast_head_json":{"title":"Protectores de pulso para gin\u00e1sio, Crossfit ou Powerlifting | RL Grips\u00ae","description":"Proteja-se com as melhores pulseiras desportivas para gin\u00e1sio, Crossfit ou treino de Powerlifting RLG Wrist Wraps de RL Grips\u00ae","robots":{"index":"index","follow":"follow","max-snippet":"max-snippet:-1","max-image-preview":"max-image-preview:large","max-video-preview":"max-video-preview:-1"},"canonical":"https:\/\/rlgrips.com\/pt-pt\/tienda\/rlg-wrist-wraps-protectores-de-pulso-para-ginasio\/","og_locale":"pt_PT","og_type":"article","og_title":"Protectores de pulso para gin\u00e1sio, Crossfit ou Powerlifting | RL Grips\u00ae","og_description":"Proteja-se com as melhores pulseiras desportivas para gin\u00e1sio, Crossfit ou treino de Powerlifting RLG Wrist Wraps de RL Grips\u00ae","og_url":"https:\/\/rlgrips.com\/pt-pt\/tienda\/rlg-wrist-wraps-protectores-de-pulso-para-ginasio\/","og_site_name":"RL Grips","article_modified_time":"2025-11-14T08:40:48+00:00","og_image":[{"width":1000,"height":1000,"url":"https:\/\/rlgrips.com\/wp-content\/uploads\/2021\/12\/IMG_1_NEGRA-1.jpg","type":"image\/jpeg"}],"twitter_card":"summary_large_image","twitter_misc":{"Tempo estimado de leitura":"1 minuto"},"schema":{"@context":"https:\/\/schema.org","@graph":[{"@type":"WebPage","@id":"https:\/\/rlgrips.com\/pt-pt\/tienda\/rlg-wrist-wraps-protectores-de-pulso-para-ginasio\/","url":"https:\/\/rlgrips.com\/pt-pt\/tienda\/rlg-wrist-wraps-protectores-de-pulso-para-ginasio\/","name":"Protectores de pulso para gin\u00e1sio, Crossfit ou Powerlifting | RL Grips\u00ae","isPartOf":{"@id":"https:\/\/rlgrips.com\/pt-pt\/#website"},"primaryImageOfPage":{"@id":"https:\/\/rlgrips.com\/pt-pt\/tienda\/rlg-wrist-wraps-protectores-de-pulso-para-ginasio\/#primaryimage"},"image":{"@id":"https:\/\/rlgrips.com\/pt-pt\/tienda\/rlg-wrist-wraps-protectores-de-pulso-para-ginasio\/#primaryimage"},"thumbnailUrl":"https:\/\/rlgrips.com\/wp-content\/uploads\/2025\/02\/IMG_1_NEGRO.jpg","datePublished":"2025-02-23T19:13:51+00:00","dateModified":"2025-11-14T08:40:48+00:00","description":"Proteja-se com as melhores pulseiras desportivas para gin\u00e1sio, Crossfit ou treino de Powerlifting RLG Wrist Wraps de RL Grips\u00ae","breadcrumb":{"@id":"https:\/\/rlgrips.com\/pt-pt\/tienda\/rlg-wrist-wraps-protectores-de-pulso-para-ginasio\/#breadcrumb"},"inLanguage":"pt-PT","potentialAction":[{"@type":"ReadAction","target":["https:\/\/rlgrips.com\/pt-pt\/tienda\/rlg-wrist-wraps-protectores-de-pulso-para-ginasio\/"]}]},{"@type":"ImageObject","inLanguage":"pt-PT","@id":"https:\/\/rlgrips.com\/pt-pt\/tienda\/rlg-wrist-wraps-protectores-de-pulso-para-ginasio\/#primaryimage","url":"https:\/\/rlgrips.com\/wp-content\/uploads\/2025\/02\/IMG_1_NEGRO.jpg","contentUrl":"https:\/\/rlgrips.com\/wp-content\/uploads\/2025\/02\/IMG_1_NEGRO.jpg","width":1000,"height":1000,"caption":"\u2705ESTILO Y COLOR A TU GUSTO: Elige entre los elegantes colores rojo y negro, ideales para darle un toque de estilo y energ\u00eda a tus entrenamientos de gimnasio. Adem\u00e1s, disfruta de un dise\u00f1o exclusivo en la leng\u00fceta que hace destacar tu equipo."},{"@type":"BreadcrumbList","@id":"https:\/\/rlgrips.com\/pt-pt\/tienda\/rlg-wrist-wraps-protectores-de-pulso-para-ginasio\/#breadcrumb","itemListElement":[{"@type":"ListItem","position":1,"name":"Portada","item":"https:\/\/rlgrips.com\/pt-pt\/home\/"},{"@type":"ListItem","position":2,"name":"Loja","item":"https:\/\/rlgrips.com\/pt-pt\/loja\/"},{"@type":"ListItem","position":3,"name":"RLG Wrist Wraps &#8211; Protectores de Pulso para Gin\u00e1sio"}]},{"@type":"WebSite","@id":"https:\/\/rlgrips.com\/pt-pt\/#website","url":"https:\/\/rlgrips.com\/pt-pt\/","name":"RL Grips","description":"Equipamiento y Accesorios de Entrenamiento","publisher":{"@id":"https:\/\/rlgrips.com\/pt-pt\/#organization"},"potentialAction":[{"@type":"SearchAction","target":{"@type":"EntryPoint","urlTemplate":"https:\/\/rlgrips.com\/pt-pt\/?s={search_term_string}"},"query-input":{"@type":"PropertyValueSpecification","valueRequired":true,"valueName":"search_term_string"}}],"inLanguage":"pt-PT"},{"@type":"Organization","@id":"https:\/\/rlgrips.com\/pt-pt\/#organization","name":"RL Grips\u2122","url":"https:\/\/rlgrips.com\/pt-pt\/","logo":{"@type":"ImageObject","inLanguage":"pt-PT","@id":"https:\/\/rlgrips.com\/pt-pt\/#\/schema\/logo\/image\/","url":"https:\/\/rlgrips.com\/wp-content\/uploads\/2021\/04\/RLG2SBLACK-e1617355385190.png","contentUrl":"https:\/\/rlgrips.com\/wp-content\/uploads\/2021\/04\/RLG2SBLACK-e1617355385190.png","width":128,"height":60,"caption":"RL Grips\u2122"},"image":{"@id":"https:\/\/rlgrips.com\/pt-pt\/#\/schema\/logo\/image\/"}}]}},"_links":{"self":[{"href":"https:\/\/rlgrips.com\/pt-pt\/wp-json\/wp\/v2\/product\/16485","targetHints":{"allow":["GET"]}}],"collection":[{"href":"https:\/\/rlgrips.com\/pt-pt\/wp-json\/wp\/v2\/product"}],"about":[{"href":"https:\/\/rlgrips.com\/pt-pt\/wp-json\/wp\/v2\/types\/product"}],"version-history":[{"count":0,"href":"https:\/\/rlgrips.com\/pt-pt\/wp-json\/wp\/v2\/product\/16485\/revisions"}],"wp:featuredmedia":[{"embeddable":true,"href":"https:\/\/rlgrips.com\/pt-pt\/wp-json\/wp\/v2\/media\/22986"}],"wp:attachment":[{"href":"https:\/\/rlgrips.com\/pt-pt\/wp-json\/wp\/v2\/media?parent=16485"}],"wp:term":[{"taxonomy":"product_brand","embeddable":true,"href":"https:\/\/rlgrips.com\/pt-pt\/wp-json\/wp\/v2\/product_brand?post=16485"},{"taxonomy":"product_cat","embeddable":true,"href":"https:\/\/rlgrips.com\/pt-pt\/wp-json\/wp\/v2\/product_cat?post=16485"},{"taxonomy":"product_tag","embeddable":true,"href":"https:\/\/rlgrips.com\/pt-pt\/wp-json\/wp\/v2\/product_tag?post=16485"}],"curies":[{"name":"wp","href":"https:\/\/api.w.org\/{rel}","templated":true}]}}