{"id":16672,"date":"2021-07-18T09:37:16","date_gmt":"2021-07-18T07:37:16","guid":{"rendered":"https:\/\/rlgrips.com\/aviso-legal\/"},"modified":"2024-07-16T13:10:34","modified_gmt":"2024-07-16T11:10:34","slug":"aviso-legal","status":"publish","type":"page","link":"https:\/\/rlgrips.com\/pt-pt\/aviso-legal\/","title":{"rendered":"Aviso Legal"},"content":{"rendered":"\t\t<div data-elementor-type=\"wp-page\" data-elementor-id=\"16672\" class=\"elementor elementor-16672 elementor-4604\" data-elementor-post-type=\"page\">\n\t\t\t\t\t\t<section class=\"elementor-section elementor-top-section elementor-element elementor-element-d1c4261 elementor-section-height-min-height elementor-section-full_width elementor-section-items-stretch elementor-section-height-default\" data-id=\"d1c4261\" data-element_type=\"section\" data-settings=\"{&quot;background_background&quot;:&quot;classic&quot;,&quot;jet_parallax_layout_list&quot;:[]}\">\n\t\t\t\t\t\t\t<div class=\"elementor-background-overlay\"><\/div>\n\t\t\t\t\t\t\t<div class=\"elementor-container elementor-column-gap-default\">\n\t\t\t\t\t<div class=\"elementor-column elementor-col-100 elementor-top-column elementor-element elementor-element-1589ae74\" data-id=\"1589ae74\" data-element_type=\"column\">\n\t\t\t<div class=\"elementor-widget-wrap elementor-element-populated\">\n\t\t\t\t\t\t<div class=\"elementor-element elementor-element-40a5197 elementor-widget elementor-widget-heading\" data-id=\"40a5197\" data-element_type=\"widget\" data-widget_type=\"heading.default\">\n\t\t\t\t<div class=\"elementor-widget-container\">\n\t\t\t\t\t<h1 class=\"elementor-heading-title elementor-size-default\">Aviso Legal<\/h1>\t\t\t\t<\/div>\n\t\t\t\t<\/div>\n\t\t\t\t\t<\/div>\n\t\t<\/div>\n\t\t\t\t\t<\/div>\n\t\t<\/section>\n\t\t\t\t<section class=\"elementor-section elementor-top-section elementor-element elementor-element-f4d48b0 elementor-section-boxed elementor-section-height-default elementor-section-height-default\" data-id=\"f4d48b0\" data-element_type=\"section\" data-settings=\"{&quot;jet_parallax_layout_list&quot;:[]}\">\n\t\t\t\t\t\t<div class=\"elementor-container elementor-column-gap-default\">\n\t\t\t\t\t<div class=\"elementor-column elementor-col-100 elementor-top-column elementor-element elementor-element-d579294\" data-id=\"d579294\" data-element_type=\"column\">\n\t\t\t<div class=\"elementor-widget-wrap elementor-element-populated\">\n\t\t\t\t\t\t<div class=\"elementor-element elementor-element-2fffdb8 elementor-widget elementor-widget-text-editor\" data-id=\"2fffdb8\" data-element_type=\"widget\" data-widget_type=\"text-editor.default\">\n\t\t\t\t<div class=\"elementor-widget-container\">\n\t\t\t\t\t\t\t\t\t<h2>1. introdu\u00e7\u00e3o<\/h2>\n<p><span style=\"font-size: 15px;\">O presente Aviso Legal destina-se a informar o utilizador dos seus direitos e obriga\u00e7\u00f5es enquanto utilizador deste s\u00edtio Web. Aqui encontrar\u00e1 todas as informa\u00e7\u00f5es necess\u00e1rias sobre este s\u00edtio Web, a sua atividade, os dados pessoais que recolhe e a sua finalidade, bem como as regras de utiliza\u00e7\u00e3o que regulam o uso deste s\u00edtio Web.<\/span><\/p>\n<p>No momento em que acede a este s\u00edtio Web&nbsp;<strong>https:\/\/rlgrips.com,<\/strong> o utilizador assume a condi\u00e7\u00e3o de utilizador, pelo que o conte\u00fado do presente Aviso Legal o afecta diretamente. Por conseguinte, \u00e9 importante que o leia para dissipar quaisquer d\u00favidas que possa ter e para ter conhecimento das condi\u00e7\u00f5es que est\u00e1 a aceitar. &nbsp;<\/p>\n<p>Para come\u00e7ar, deve saber que este s\u00edtio Web cumpre a regulamenta\u00e7\u00e3o em vigor em mat\u00e9ria de prote\u00e7\u00e3o de dados, com o objetivo de lhe dar as garantias, a seguran\u00e7a e a transpar\u00eancia a que, como utilizador, tem direito quando utiliza este s\u00edtio Web.<\/p>\n<p>O&nbsp;<strong>RGPD&nbsp;<\/strong>(<strong>Regulamento (UE) 2016\/679 do Parlamento Europeu e do Conselho, de 27 de abril de 2016, relativo \u00e0 prote\u00e7\u00e3o das pessoas singulares<\/strong>)&nbsp;que \u00e9 o novo regulamento da Uni\u00e3o Europeia que unifica a regulamenta\u00e7\u00e3o do tratamento de dados pessoais nos diferentes pa\u00edses da UE.<\/p>\n<p>La&nbsp;<strong>LOPD<\/strong>&nbsp;(<strong>Lei Org\u00e2nica 15\/1999, de 13 de dezembro, sobre a Prote\u00e7\u00e3o de Dados Pessoais<\/strong>&nbsp;y&nbsp;<strong>Real Decreto 1720\/2007 de 21 de dezembro de 2007, Regulamento de aplica\u00e7\u00e3o da LOPD.<\/strong>) que regula o tratamento de dados pessoais e as obriga\u00e7\u00f5es que os respons\u00e1veis por um s\u00edtio Web ou blogue devem assumir na gest\u00e3o destas informa\u00e7\u00f5es.<\/p>\n<p>O&nbsp;<strong>LSSI<\/strong>&nbsp;(<strong>Lei 34\/2002, de 11 de julho, sobre Servi\u00e7os da Sociedade da Informa\u00e7\u00e3o e Com\u00e9rcio Eletr\u00f3nico.<\/strong>)&nbsp;que regula as transac\u00e7\u00f5es econ\u00f3micas por via eletr\u00f3nica, como \u00e9 o caso deste blogue.<\/p>\n<h2><strong>2. Dados de identifica\u00e7\u00e3o<\/strong><\/h2>\n<p>O respons\u00e1vel e propriet\u00e1rio deste s\u00edtio Web \u00e9 a <b>RLG ECOM SL (a seguir designada por &#8220;O Propriet\u00e1rio&#8221;)<\/b>.<\/p>\n<ul>\n<li><strong>Nome:<\/strong>&nbsp;RLG ECOM SL<\/li>\n<li><strong>NIF:<\/strong>&nbsp;ESB56786502<\/li>\n<li><strong>Atividade do s\u00edtio Web<\/strong>: distribui\u00e7\u00e3o de conte\u00fados relacionados com fitness, nutri\u00e7\u00e3o e sa\u00fade, e com\u00e9rcio eletr\u00f3nico de produtos relacionados com o desporto.<\/li>\n<li>Correio <strong>eletr\u00f3nico<\/strong>: contacto@rlgrips.com<\/li>\n<\/ul>\n<p>Os dados que nos facultar com o seu consentimento, e de acordo com a utiliza\u00e7\u00e3o estabelecida na nossa Pol\u00edtica de Privacidade, ser\u00e3o incorporados num ficheiro automatizado devidamente registado na Ag\u00eancia Espanhola de Prote\u00e7\u00e3o de Dados, no qual o respons\u00e1vel pelo ficheiro \u00e9: <b>O titular<\/b><strong>.&nbsp;<\/strong>Isto significa que os seus dados est\u00e3o seguros, em conformidade com a lei.<\/p>\n<h2><strong>3. regras de acesso ao s\u00edtio Web<\/strong><\/h2>\n<p>Enquanto utilizador do nosso s\u00edtio Web, o utilizador tem tamb\u00e9m uma s\u00e9rie de obriga\u00e7\u00f5es:<\/p>\n<p>N\u00e3o \u00e9 permitido utilizar este s\u00edtio Web para realizar actividades contr\u00e1rias \u00e0 lei, \u00e0 moral, \u00e0 ordem p\u00fablica e, em geral, para o utilizar de acordo com as condi\u00e7\u00f5es estabelecidas no presente Aviso Legal.<\/p>\n<p>O utilizador n\u00e3o pode participar em publicidade ou explora\u00e7\u00e3o comercial enviando mensagens utilizando uma identidade falsa.<\/p>\n<p>O utilizador \u00e9 o \u00fanico respons\u00e1vel pela veracidade e exatid\u00e3o do conte\u00fado que introduz neste s\u00edtio Web e pelos dados pessoais que fornece para os fins definidos na nossa Pol\u00edtica de Privacidade.<\/p>\n<p>Ser\u00e1 tamb\u00e9m o \u00fanico respons\u00e1vel pela realiza\u00e7\u00e3o de qualquer tipo de a\u00e7\u00e3o ilegal, nociva, prejudicial e\/ou danosa nos sites de terceiros para os quais o possamos remeter a partir deste site para o desenvolvimento da nossa atividade.<\/p>\n<p>Como respons\u00e1vel pelo s\u00edtio Web,&nbsp;<strong>O titular<\/strong>&nbsp;pode interromper o servi\u00e7o da p\u00e1gina que est\u00e1 a ser utilizada pelo utilizador e terminar imediatamente a rela\u00e7\u00e3o se detetar qualquer utiliza\u00e7\u00e3o do s\u00edtio Web ou de qualquer um dos servi\u00e7os nele oferecidos que possa ser considerada contr\u00e1ria ao que est\u00e1 expresso no presente Aviso Legal.<\/p>\n<p><\/p>\n<h2><strong>4. Propriedade intelectual e industrial<\/strong><\/h2>\n<p>Todo este s\u00edtio Web (texto, imagens, marcas, gr\u00e1ficos, log\u00f3tipos, bot\u00f5es, ficheiros de software, combina\u00e7\u00f5es de cores, bem como a estrutura, sele\u00e7\u00e3o, disposi\u00e7\u00e3o e apresenta\u00e7\u00e3o dos seus conte\u00fados) est\u00e1 protegido pelas leis de Propriedade Intelectual e Industrial em vigor, sendo proibida a sua reprodu\u00e7\u00e3o, distribui\u00e7\u00e3o, comunica\u00e7\u00e3o p\u00fablica e transforma\u00e7\u00e3o, exceto para uso pessoal e privado.<\/p>\n<p>Como propriet\u00e1rio deste s\u00edtio Web,<strong>&nbsp;O titular&nbsp;<\/strong>n\u00e3o garante que os conte\u00fados sejam exactos ou isentos de erros ou que a livre utiliza\u00e7\u00e3o dos conte\u00fados pelos utilizadores n\u00e3o infrinja os direitos de terceiros. A boa ou m\u00e1 utiliza\u00e7\u00e3o deste s\u00edtio e dos seus conte\u00fados \u00e9 da responsabilidade do utilizador.<\/p>\n<p>Do mesmo modo, \u00e9 proibida a reprodu\u00e7\u00e3o, retransmiss\u00e3o, c\u00f3pia, cess\u00e3o ou retransmiss\u00e3o, total ou parcial, das informa\u00e7\u00f5es contidas no s\u00edtio, seja qual for a finalidade e o meio utilizado, sem autoriza\u00e7\u00e3o pr\u00e9via de&nbsp;<span style=\"font-size: 15px; font-style: normal; font-weight: bold;\">O titular<\/span>.<\/p>\n<h2><strong>5. Liga\u00e7\u00f5es<\/strong><\/h2>\n<p>Este s\u00edtio Web inclui liga\u00e7\u00f5es a s\u00edtios de terceiros. As p\u00e1ginas pertencentes a estes terceiros n\u00e3o foram revistas e n\u00e3o s\u00e3o verificadas por n\u00f3s, pelo que n\u00e3o&nbsp;<span style=\"font-size: 15px; font-style: normal; font-weight: bold;\">O titular&nbsp;<\/span>n\u00e3o \u00e9 respons\u00e1vel pelo conte\u00fado desses s\u00edtios Web, nem pelas medidas tomadas em rela\u00e7\u00e3o \u00e0 sua privacidade ou ao tratamento dos seus dados pessoais ou de quaisquer outros dados que possam surgir.<\/p>\n<p>Por conseguinte, recomendamos que leia atentamente as condi\u00e7\u00f5es de utiliza\u00e7\u00e3o, a pol\u00edtica de privacidade, os avisos legais e\/ou avisos semelhantes desses s\u00edtios.<\/p>\n<h2><strong>6. Limita\u00e7\u00e3o da responsabilidade<\/strong><\/h2>\n<p>No exerc\u00edcio do seu direito de propriet\u00e1rio deste s\u00edtio Web, informamos que&nbsp;<span style=\"font-size: 15px; font-style: normal; font-weight: bold;\">O titular&nbsp;<\/span>n\u00e3o ser\u00e1, em caso algum, respons\u00e1vel pelo seguinte:<\/p>\n<p>A qualidade do servi\u00e7o, a rapidez de acesso, o funcionamento correto e a disponibilidade e continuidade do funcionamento do s\u00edtio.<\/p>\n<p>A exist\u00eancia de v\u00edrus, malware, programas maliciosos ou prejudiciais nos conte\u00fados.<\/p>\n<p>El uso il\u00edcito, negligente, fraudulento o contrario a este Aviso Legal.<\/p>\n<p>A falta de legalidade, qualidade, fiabilidade, utilidade e disponibilidade dos servi\u00e7os prestados por terceiros e colocados \u00e0 disposi\u00e7\u00e3o dos utilizadores neste s\u00edtio Web.<\/p>\n<p>Por danos que possam resultar da utiliza\u00e7\u00e3o ilegal ou indevida deste blogue.<\/p>\n<p><\/p>\n<h2><strong>7. Pol\u00edtica de privacidade e prote\u00e7\u00e3o de dados<\/strong><\/h2>\n<p>Este s\u00edtio Web est\u00e1 em conformidade com a legisla\u00e7\u00e3o em vigor em mat\u00e9ria de prote\u00e7\u00e3o de dados, o que significa que, enquanto utilizador, deve dar o seu consentimento expresso antes de nos fornecer dados pessoais atrav\u00e9s dos v\u00e1rios formul\u00e1rios disponibilizados nas sec\u00e7\u00f5es do nosso s\u00edtio Web.<\/p>\n<p>Para o efeito, no interesse da transpar\u00eancia e do exerc\u00edcio do seu direito, \u00e9 nosso dever inform\u00e1-lo sobre os dados pessoais que recolhemos, armazenamos e tratamos e para que finalidades, e tem a possibilidade de, a qualquer momento, revogar livremente o seu consentimento.<\/p>\n<p>Todas estas informa\u00e7\u00f5es podem ser consultadas na nossa&nbsp;<strong><a href=\"https:\/\/rlgrips.com\/pt-pt\/politica-de-privacidade\/\">POL\u00cdTICA DE PRIVACIDADE<\/a>.<\/strong><\/p>\n<h2><strong>8. Pol\u00edtica de cookies<\/strong><\/h2>\n<p>Como o informamos assim que acede ao nosso s\u00edtio Web, este s\u00edtio utiliza cookies pr\u00f3prios e de terceiros para lhe proporcionar a melhor experi\u00eancia de utiliza\u00e7\u00e3o e para desenvolver a nossa atividade.<\/p>\n<p>A qualquer momento, o utilizador ter\u00e1 a possibilidade de configurar o seu navegador para rejeitar a utiliza\u00e7\u00e3o destes cookies que, em alguns casos, afectar\u00e3o a sua experi\u00eancia de utilizador.<\/p>\n<p>Para obter informa\u00e7\u00f5es completas sobre a utiliza\u00e7\u00e3o de cookies neste s\u00edtio Web, a sua finalidade e a sua rejei\u00e7\u00e3o, consulte a nossa&nbsp;<strong><a href=\"https:\/\/rlgrips.com\/pt-pt\/politica-de-cookies\/\">POL\u00cdTICA DE COOKIES<\/a><\/strong>.<\/p>\n<p><\/p>\n<h2><strong>9. Legisla\u00e7\u00e3o aplic\u00e1vel e jurisdi\u00e7\u00e3o competente<\/strong><\/h2>\n<p>O presente Aviso Legal est\u00e1 sujeito \u00e0 legisla\u00e7\u00e3o espanhola em vigor.<\/p>\n<p>Se necess\u00e1rio, em caso de lit\u00edgio de natureza jur\u00eddica.&nbsp;<span style=\"font-size: 15px; font-style: normal; font-weight: bold;\">O titular&nbsp;<\/span>e o utilizador, com ren\u00fancia expressa a qualquer outro foro, submete-se aos Tribunais do domic\u00edlio do utilizador para qualquer lit\u00edgio que possa surgir.<\/p>\n<p>No caso de o utilizador estar domiciliado fora de Espanha,&nbsp;<span style=\"font-size: 15px; font-style: normal; font-weight: bold;\">O titular&nbsp;<\/span>e o utilizador submete-se, com ren\u00fancia expressa a qualquer outro foro, aos tribunais de Barcelona (Espanha).<\/p>\n<p>Se tiver alguma d\u00favida sobre este Aviso Legal, pode enviar-nos uma mensagem de correio eletr\u00f3nico para contacto@rlgrips.com.<\/p>\t\t\t\t\t\t\t\t<\/div>\n\t\t\t\t<\/div>\n\t\t\t\t\t<\/div>\n\t\t<\/div>\n\t\t\t\t\t<\/div>\n\t\t<\/section>\n\t\t\t\t<\/div>\n\t\t","protected":false},"excerpt":{"rendered":"<p>Aviso Legal 1. introdu\u00e7\u00e3o O presente Aviso Legal destina-se a informar o utilizador dos seus direitos e obriga\u00e7\u00f5es enquanto utilizador deste s\u00edtio Web. Aqui encontrar\u00e1 todas as informa\u00e7\u00f5es necess\u00e1rias sobre este s\u00edtio Web, a sua atividade, os dados pessoais que recolhe e a sua finalidade, bem como as regras de utiliza\u00e7\u00e3o que regulam o uso [&hellip;]<\/p>\n","protected":false},"author":1,"featured_media":0,"parent":0,"menu_order":0,"comment_status":"closed","ping_status":"closed","template":"","meta":{"_acf_changed":false,"site-sidebar-layout":"no-sidebar","site-content-layout":"page-builder","ast-site-content-layout":"default","site-content-style":"default","site-sidebar-style":"default","ast-global-header-display":"","ast-banner-title-visibility":"","ast-main-header-display":"","ast-hfb-above-header-display":"","ast-hfb-below-header-display":"","ast-hfb-mobile-header-display":"","site-post-title":"disabled","ast-breadcrumbs-content":"","ast-featured-img":"disabled","footer-sml-layout":"","ast-disable-related-posts":"","theme-transparent-header-meta":"default","adv-header-id-meta":"","stick-header-meta":"","header-above-stick-meta":"","header-main-stick-meta":"","header-below-stick-meta":"","astra-migrate-meta-layouts":"default","ast-page-background-enabled":"default","ast-page-background-meta":{"desktop":{"background-color":"","background-image":"","background-repeat":"repeat","background-position":"center center","background-size":"auto","background-attachment":"scroll","background-type":"","background-media":"","overlay-type":"","overlay-color":"","overlay-opacity":"","overlay-gradient":""},"tablet":{"background-color":"","background-image":"","background-repeat":"repeat","background-position":"center center","background-size":"auto","background-attachment":"scroll","background-type":"","background-media":"","overlay-type":"","overlay-color":"","overlay-opacity":"","overlay-gradient":""},"mobile":{"background-color":"","background-image":"","background-repeat":"repeat","background-position":"center center","background-size":"auto","background-attachment":"scroll","background-type":"","background-media":"","overlay-type":"","overlay-color":"","overlay-opacity":"","overlay-gradient":""}},"ast-content-background-meta":{"desktop":{"background-color":"var(--ast-global-color-5)","background-image":"","background-repeat":"repeat","background-position":"center center","background-size":"auto","background-attachment":"scroll","background-type":"","background-media":"","overlay-type":"","overlay-color":"","overlay-opacity":"","overlay-gradient":""},"tablet":{"background-color":"var(--ast-global-color-5)","background-image":"","background-repeat":"repeat","background-position":"center center","background-size":"auto","background-attachment":"scroll","background-type":"","background-media":"","overlay-type":"","overlay-color":"","overlay-opacity":"","overlay-gradient":""},"mobile":{"background-color":"var(--ast-global-color-5)","background-image":"","background-repeat":"repeat","background-position":"center center","background-size":"auto","background-attachment":"scroll","background-type":"","background-media":"","overlay-type":"","overlay-color":"","overlay-opacity":"","overlay-gradient":""}},"footnotes":""},"class_list":["post-16672","page","type-page","status-publish","hentry"],"acf":[],"yoast_head":"<!-- This site is optimized with the Yoast SEO plugin v26.5 - https:\/\/yoast.com\/wordpress\/plugins\/seo\/ -->\n<title>Aviso Legal | RL Grips<\/title>\n<meta name=\"robots\" content=\"noindex, follow\" \/>\n<meta property=\"og:locale\" content=\"pt_PT\" \/>\n<meta property=\"og:type\" content=\"article\" \/>\n<meta property=\"og:title\" content=\"Aviso Legal | RL Grips\" \/>\n<meta property=\"og:description\" content=\"Aviso Legal 1. introdu\u00e7\u00e3o O presente Aviso Legal destina-se a informar o utilizador dos seus direitos e obriga\u00e7\u00f5es enquanto utilizador deste s\u00edtio Web. Aqui encontrar\u00e1 todas as informa\u00e7\u00f5es necess\u00e1rias sobre este s\u00edtio Web, a sua atividade, os dados pessoais que recolhe e a sua finalidade, bem como as regras de utiliza\u00e7\u00e3o que regulam o uso [&hellip;]\" \/>\n<meta property=\"og:url\" content=\"https:\/\/rlgrips.com\/pt-pt\/aviso-legal\/\" \/>\n<meta property=\"og:site_name\" content=\"RL Grips\" \/>\n<meta property=\"article:modified_time\" content=\"2024-07-16T11:10:34+00:00\" \/>\n<meta name=\"twitter:card\" content=\"summary_large_image\" \/>\n<meta name=\"twitter:label1\" content=\"Tempo estimado de leitura\" \/>\n\t<meta name=\"twitter:data1\" content=\"7 minutos\" \/>\n<script type=\"application\/ld+json\" class=\"yoast-schema-graph\">{\"@context\":\"https:\/\/schema.org\",\"@graph\":[{\"@type\":\"WebPage\",\"@id\":\"https:\/\/rlgrips.com\/pt-pt\/aviso-legal\/\",\"url\":\"https:\/\/rlgrips.com\/pt-pt\/aviso-legal\/\",\"name\":\"Aviso Legal | RL Grips\",\"isPartOf\":{\"@id\":\"https:\/\/rlgrips.com\/pt-pt\/#website\"},\"datePublished\":\"2021-07-18T07:37:16+00:00\",\"dateModified\":\"2024-07-16T11:10:34+00:00\",\"breadcrumb\":{\"@id\":\"https:\/\/rlgrips.com\/pt-pt\/aviso-legal\/#breadcrumb\"},\"inLanguage\":\"pt-PT\",\"potentialAction\":[{\"@type\":\"ReadAction\",\"target\":[\"https:\/\/rlgrips.com\/pt-pt\/aviso-legal\/\"]}]},{\"@type\":\"BreadcrumbList\",\"@id\":\"https:\/\/rlgrips.com\/pt-pt\/aviso-legal\/#breadcrumb\",\"itemListElement\":[{\"@type\":\"ListItem\",\"position\":1,\"name\":\"Portada\",\"item\":\"https:\/\/rlgrips.com\/pt-pt\/home\/\"},{\"@type\":\"ListItem\",\"position\":2,\"name\":\"Aviso Legal\"}]},{\"@type\":\"WebSite\",\"@id\":\"https:\/\/rlgrips.com\/pt-pt\/#website\",\"url\":\"https:\/\/rlgrips.com\/pt-pt\/\",\"name\":\"RL Grips\",\"description\":\"Equipamiento y Accesorios de Entrenamiento\",\"publisher\":{\"@id\":\"https:\/\/rlgrips.com\/pt-pt\/#organization\"},\"potentialAction\":[{\"@type\":\"SearchAction\",\"target\":{\"@type\":\"EntryPoint\",\"urlTemplate\":\"https:\/\/rlgrips.com\/pt-pt\/?s={search_term_string}\"},\"query-input\":{\"@type\":\"PropertyValueSpecification\",\"valueRequired\":true,\"valueName\":\"search_term_string\"}}],\"inLanguage\":\"pt-PT\"},{\"@type\":\"Organization\",\"@id\":\"https:\/\/rlgrips.com\/pt-pt\/#organization\",\"name\":\"RL Grips\u2122\",\"url\":\"https:\/\/rlgrips.com\/pt-pt\/\",\"logo\":{\"@type\":\"ImageObject\",\"inLanguage\":\"pt-PT\",\"@id\":\"https:\/\/rlgrips.com\/pt-pt\/#\/schema\/logo\/image\/\",\"url\":\"https:\/\/rlgrips.com\/wp-content\/uploads\/2021\/04\/RLG2SBLACK-e1617355385190.png\",\"contentUrl\":\"https:\/\/rlgrips.com\/wp-content\/uploads\/2021\/04\/RLG2SBLACK-e1617355385190.png\",\"width\":128,\"height\":60,\"caption\":\"RL Grips\u2122\"},\"image\":{\"@id\":\"https:\/\/rlgrips.com\/pt-pt\/#\/schema\/logo\/image\/\"}}]}<\/script>\n<!-- \/ Yoast SEO plugin. -->","yoast_head_json":{"title":"Aviso Legal | RL Grips","robots":{"index":"noindex","follow":"follow"},"og_locale":"pt_PT","og_type":"article","og_title":"Aviso Legal | RL Grips","og_description":"Aviso Legal 1. introdu\u00e7\u00e3o O presente Aviso Legal destina-se a informar o utilizador dos seus direitos e obriga\u00e7\u00f5es enquanto utilizador deste s\u00edtio Web. Aqui encontrar\u00e1 todas as informa\u00e7\u00f5es necess\u00e1rias sobre este s\u00edtio Web, a sua atividade, os dados pessoais que recolhe e a sua finalidade, bem como as regras de utiliza\u00e7\u00e3o que regulam o uso [&hellip;]","og_url":"https:\/\/rlgrips.com\/pt-pt\/aviso-legal\/","og_site_name":"RL Grips","article_modified_time":"2024-07-16T11:10:34+00:00","twitter_card":"summary_large_image","twitter_misc":{"Tempo estimado de leitura":"7 minutos"},"schema":{"@context":"https:\/\/schema.org","@graph":[{"@type":"WebPage","@id":"https:\/\/rlgrips.com\/pt-pt\/aviso-legal\/","url":"https:\/\/rlgrips.com\/pt-pt\/aviso-legal\/","name":"Aviso Legal | RL Grips","isPartOf":{"@id":"https:\/\/rlgrips.com\/pt-pt\/#website"},"datePublished":"2021-07-18T07:37:16+00:00","dateModified":"2024-07-16T11:10:34+00:00","breadcrumb":{"@id":"https:\/\/rlgrips.com\/pt-pt\/aviso-legal\/#breadcrumb"},"inLanguage":"pt-PT","potentialAction":[{"@type":"ReadAction","target":["https:\/\/rlgrips.com\/pt-pt\/aviso-legal\/"]}]},{"@type":"BreadcrumbList","@id":"https:\/\/rlgrips.com\/pt-pt\/aviso-legal\/#breadcrumb","itemListElement":[{"@type":"ListItem","position":1,"name":"Portada","item":"https:\/\/rlgrips.com\/pt-pt\/home\/"},{"@type":"ListItem","position":2,"name":"Aviso Legal"}]},{"@type":"WebSite","@id":"https:\/\/rlgrips.com\/pt-pt\/#website","url":"https:\/\/rlgrips.com\/pt-pt\/","name":"RL Grips","description":"Equipamiento y Accesorios de Entrenamiento","publisher":{"@id":"https:\/\/rlgrips.com\/pt-pt\/#organization"},"potentialAction":[{"@type":"SearchAction","target":{"@type":"EntryPoint","urlTemplate":"https:\/\/rlgrips.com\/pt-pt\/?s={search_term_string}"},"query-input":{"@type":"PropertyValueSpecification","valueRequired":true,"valueName":"search_term_string"}}],"inLanguage":"pt-PT"},{"@type":"Organization","@id":"https:\/\/rlgrips.com\/pt-pt\/#organization","name":"RL Grips\u2122","url":"https:\/\/rlgrips.com\/pt-pt\/","logo":{"@type":"ImageObject","inLanguage":"pt-PT","@id":"https:\/\/rlgrips.com\/pt-pt\/#\/schema\/logo\/image\/","url":"https:\/\/rlgrips.com\/wp-content\/uploads\/2021\/04\/RLG2SBLACK-e1617355385190.png","contentUrl":"https:\/\/rlgrips.com\/wp-content\/uploads\/2021\/04\/RLG2SBLACK-e1617355385190.png","width":128,"height":60,"caption":"RL Grips\u2122"},"image":{"@id":"https:\/\/rlgrips.com\/pt-pt\/#\/schema\/logo\/image\/"}}]}},"_links":{"self":[{"href":"https:\/\/rlgrips.com\/pt-pt\/wp-json\/wp\/v2\/pages\/16672","targetHints":{"allow":["GET"]}}],"collection":[{"href":"https:\/\/rlgrips.com\/pt-pt\/wp-json\/wp\/v2\/pages"}],"about":[{"href":"https:\/\/rlgrips.com\/pt-pt\/wp-json\/wp\/v2\/types\/page"}],"author":[{"embeddable":true,"href":"https:\/\/rlgrips.com\/pt-pt\/wp-json\/wp\/v2\/users\/1"}],"replies":[{"embeddable":true,"href":"https:\/\/rlgrips.com\/pt-pt\/wp-json\/wp\/v2\/comments?post=16672"}],"version-history":[{"count":0,"href":"https:\/\/rlgrips.com\/pt-pt\/wp-json\/wp\/v2\/pages\/16672\/revisions"}],"wp:attachment":[{"href":"https:\/\/rlgrips.com\/pt-pt\/wp-json\/wp\/v2\/media?parent=16672"}],"curies":[{"name":"wp","href":"https:\/\/api.w.org\/{rel}","templated":true}]}}