{"id":20319,"date":"2021-05-18T20:41:52","date_gmt":"2021-05-18T18:41:52","guid":{"rendered":"https:\/\/rlgrips.com\/tienda\/rlg-glute-bands-bandes-pour-fessiers\/"},"modified":"2025-11-14T17:18:03","modified_gmt":"2025-11-14T16:18:03","slug":"rlg-glute-bands-bandes-pour-fessiers","status":"publish","type":"product","link":"https:\/\/rlgrips.com\/fr\/tienda\/rlg-glute-bands-bandes-pour-fessiers\/","title":{"rendered":"RLG Glute Bands &#8211; Bandes pour fessiers"},"content":{"rendered":"\t\t<div data-elementor-type=\"product-post\" data-elementor-id=\"20319\" class=\"elementor elementor-20319 elementor-3219\" data-elementor-post-type=\"product\">\n\t\t\t\t\t\t<section class=\"elementor-section elementor-top-section elementor-element elementor-element-16fe6f5 elementor-section-full_width elementor-section-height-default elementor-section-height-default\" data-id=\"16fe6f5\" data-element_type=\"section\" data-settings=\"{&quot;jet_parallax_layout_list&quot;:[]}\">\n\t\t\t\t\t\t<div class=\"elementor-container elementor-column-gap-default\">\n\t\t\t\t\t<div class=\"elementor-column elementor-col-100 elementor-top-column elementor-element elementor-element-8b2d4ed\" data-id=\"8b2d4ed\" data-element_type=\"column\">\n\t\t\t<div class=\"elementor-widget-wrap elementor-element-populated\">\n\t\t\t\t\t\t<section class=\"elementor-section elementor-inner-section elementor-element elementor-element-483e397 elementor-section-content-middle elementor-section-full_width elementor-section-height-default elementor-section-height-default\" data-id=\"483e397\" data-element_type=\"section\" data-settings=\"{&quot;jet_parallax_layout_list&quot;:[]}\">\n\t\t\t\t\t\t<div class=\"elementor-container elementor-column-gap-default\">\n\t\t\t\t\t<div class=\"elementor-column elementor-col-50 elementor-inner-column elementor-element elementor-element-432a807\" data-id=\"432a807\" data-element_type=\"column\">\n\t\t\t<div class=\"elementor-widget-wrap elementor-element-populated\">\n\t\t\t\t\t\t<div class=\"elementor-element elementor-element-c6356c7 elementor-widget elementor-widget-image\" data-id=\"c6356c7\" data-element_type=\"widget\" data-widget_type=\"image.default\">\n\t\t\t\t<div class=\"elementor-widget-container\">\n\t\t\t\t\t\t\t\t\t\t\t\t\t\t\t<img fetchpriority=\"high\" decoding=\"async\" width=\"768\" height=\"768\" src=\"https:\/\/rlgrips.com\/wp-content\/uploads\/2021\/05\/GBANDS_TELA_6-768x768.jpg\" class=\"attachment-medium_large size-medium_large wp-image-20331\" alt=\"\" srcset=\"https:\/\/rlgrips.com\/wp-content\/uploads\/2021\/05\/GBANDS_TELA_6-768x768.jpg 768w, https:\/\/rlgrips.com\/wp-content\/uploads\/2021\/05\/GBANDS_TELA_6-500x500.jpg 500w, https:\/\/rlgrips.com\/wp-content\/uploads\/2021\/05\/GBANDS_TELA_6-100x100.jpg 100w, https:\/\/rlgrips.com\/wp-content\/uploads\/2021\/05\/GBANDS_TELA_6-300x300.jpg 300w, https:\/\/rlgrips.com\/wp-content\/uploads\/2021\/05\/GBANDS_TELA_6-150x150.jpg 150w, https:\/\/rlgrips.com\/wp-content\/uploads\/2021\/05\/GBANDS_TELA_6-600x600.jpg 600w, https:\/\/rlgrips.com\/wp-content\/uploads\/2021\/05\/GBANDS_TELA_6.jpg 900w\" sizes=\"(max-width: 768px) 100vw, 768px\" \/>\t\t\t\t\t\t\t\t\t\t\t\t\t\t\t<\/div>\n\t\t\t\t<\/div>\n\t\t\t\t\t<\/div>\n\t\t<\/div>\n\t\t\t\t<div class=\"elementor-column elementor-col-50 elementor-inner-column elementor-element elementor-element-835c3da\" data-id=\"835c3da\" data-element_type=\"column\">\n\t\t\t<div class=\"elementor-widget-wrap elementor-element-populated\">\n\t\t\t\t\t\t<div class=\"elementor-element elementor-element-792e992 elementor-widget elementor-widget-heading\" data-id=\"792e992\" data-element_type=\"widget\" data-widget_type=\"heading.default\">\n\t\t\t\t<div class=\"elementor-widget-container\">\n\t\t\t\t\t<h2 class=\"elementor-heading-title elementor-size-large\">Bandes fessi\u00e8res RLG Glute Bands<\/h2>\t\t\t\t<\/div>\n\t\t\t\t<\/div>\n\t\t\t\t<div class=\"elementor-element elementor-element-035a1e2 elementor-widget elementor-widget-text-editor\" data-id=\"035a1e2\" data-element_type=\"widget\" data-widget_type=\"text-editor.default\">\n\t\t\t\t<div class=\"elementor-widget-container\">\n\t\t\t\t\t\t\t\t\t<p>Les <strong>RLG Glute Bands<\/strong> sont 3 bandes de fessiers avec diff\u00e9rentes r\u00e9sistances qui vous permettent d&#8217;effectuer des exercices \u00e0 la maison, ainsi que la possibilit\u00e9 de donner un autre stimulus \u00e0 vos fessiers lors de votre entra\u00eenement \u00e0 la salle de sport.<span style=\"font-size: 15px;\"> <\/span><\/p>\n<p>Combinez les <strong>bandes fessi\u00e8res RLG<\/strong> avec des exercices tels que les Hip Thrusts et les squats pour une plus grande activation du moyen fessier, ainsi que pour pouvoir effectuer de nombreux exercices d&#8217;abduction de la hanche.<\/p>\n\t\t\t\t\t\t\t\t<\/div>\n\t\t\t\t<\/div>\n\t\t\t\t\t<\/div>\n\t\t<\/div>\n\t\t\t\t\t<\/div>\n\t\t<\/section>\n\t\t\t\t<section class=\"elementor-section elementor-inner-section elementor-element elementor-element-0a8e011 elementor-section-content-middle elementor-section-full_width elementor-section-height-default elementor-section-height-default\" data-id=\"0a8e011\" data-element_type=\"section\" data-settings=\"{&quot;jet_parallax_layout_list&quot;:[]}\">\n\t\t\t\t\t\t<div class=\"elementor-container elementor-column-gap-default\">\n\t\t\t\t\t<div class=\"elementor-column elementor-col-50 elementor-inner-column elementor-element elementor-element-f0021ab\" data-id=\"f0021ab\" data-element_type=\"column\">\n\t\t\t<div class=\"elementor-widget-wrap elementor-element-populated\">\n\t\t\t\t\t\t<div class=\"elementor-element elementor-element-50c6a50 elementor-widget elementor-widget-heading\" data-id=\"50c6a50\" data-element_type=\"widget\" data-widget_type=\"heading.default\">\n\t\t\t\t<div class=\"elementor-widget-container\">\n\t\t\t\t\t<h2 class=\"elementor-heading-title elementor-size-large\">Avantages de l'entra\u00eenement avec des bandes fessi\u00e8res<\/h2>\t\t\t\t<\/div>\n\t\t\t\t<\/div>\n\t\t\t\t<div class=\"elementor-element elementor-element-ad2d1a3 elementor-widget elementor-widget-text-editor\" data-id=\"ad2d1a3\" data-element_type=\"widget\" data-widget_type=\"text-editor.default\">\n\t\t\t\t<div class=\"elementor-widget-container\">\n\t\t\t\t\t\t\t\t\t<ul>\n<li><strong>Renforce le moyen fessier<\/strong> avec les <strong>bandes fessi\u00e8res RLG<\/strong><\/li>\n<li>Un fessier fort <strong>pr\u00e9vient les blessures<\/strong><\/li>\n<li>Il nous aide \u00e0 <strong>corriger le valgus du genou<\/strong> lors d&#8217;exercices tels que les squats ou autres.<\/li>\n<li>Les <strong>bandes fessi\u00e8res RLG<\/strong> vous aident \u00e0 atteindre l&#8217;objectif de nombreux utilisateurs de salles de sport, \u00e0 savoir des <strong>fessiers fermes et minces<\/strong>.<\/li>\n<li>Facilement transportables, ils vous permettent de <strong>vous entra\u00eener n&#8217;importe o\u00f9<\/strong>.<\/li>\n<\/ul>\n\t\t\t\t\t\t\t\t<\/div>\n\t\t\t\t<\/div>\n\t\t\t\t\t<\/div>\n\t\t<\/div>\n\t\t\t\t<div class=\"elementor-column elementor-col-50 elementor-inner-column elementor-element elementor-element-48ca37f\" data-id=\"48ca37f\" data-element_type=\"column\">\n\t\t\t<div class=\"elementor-widget-wrap elementor-element-populated\">\n\t\t\t\t\t\t<div class=\"elementor-element elementor-element-d9d5b4e elementor-widget elementor-widget-image\" data-id=\"d9d5b4e\" data-element_type=\"widget\" data-widget_type=\"image.default\">\n\t\t\t\t<div class=\"elementor-widget-container\">\n\t\t\t\t\t\t\t\t\t\t\t\t\t\t\t<img decoding=\"async\" width=\"768\" height=\"1152\" src=\"https:\/\/rlgrips.com\/wp-content\/uploads\/2021\/05\/GBANDS_TELA_7-768x1152.jpg\" class=\"attachment-medium_large size-medium_large wp-image-20329\" alt=\"\" srcset=\"https:\/\/rlgrips.com\/wp-content\/uploads\/2021\/05\/GBANDS_TELA_7-768x1152.jpg 768w, https:\/\/rlgrips.com\/wp-content\/uploads\/2021\/05\/GBANDS_TELA_7-200x300.jpg 200w, https:\/\/rlgrips.com\/wp-content\/uploads\/2021\/05\/GBANDS_TELA_7-683x1024.jpg 683w, https:\/\/rlgrips.com\/wp-content\/uploads\/2021\/05\/GBANDS_TELA_7-600x900.jpg 600w, https:\/\/rlgrips.com\/wp-content\/uploads\/2021\/05\/GBANDS_TELA_7.jpg 800w\" sizes=\"(max-width: 768px) 100vw, 768px\" \/>\t\t\t\t\t\t\t\t\t\t\t\t\t\t\t<\/div>\n\t\t\t\t<\/div>\n\t\t\t\t\t<\/div>\n\t\t<\/div>\n\t\t\t\t\t<\/div>\n\t\t<\/section>\n\t\t\t\t<section class=\"elementor-section elementor-inner-section elementor-element elementor-element-173a328 elementor-section-content-middle elementor-section-full_width elementor-section-height-default elementor-section-height-default\" data-id=\"173a328\" data-element_type=\"section\" data-settings=\"{&quot;jet_parallax_layout_list&quot;:[]}\">\n\t\t\t\t\t\t<div class=\"elementor-container elementor-column-gap-default\">\n\t\t\t\t\t<div class=\"elementor-column elementor-col-50 elementor-inner-column elementor-element elementor-element-5adbc37\" data-id=\"5adbc37\" data-element_type=\"column\">\n\t\t\t<div class=\"elementor-widget-wrap elementor-element-populated\">\n\t\t\t\t\t\t<div class=\"elementor-element elementor-element-fddf165 elementor-widget elementor-widget-image\" data-id=\"fddf165\" data-element_type=\"widget\" data-widget_type=\"image.default\">\n\t\t\t\t<div class=\"elementor-widget-container\">\n\t\t\t\t\t\t\t\t\t\t\t\t\t\t\t<img decoding=\"async\" width=\"768\" height=\"1152\" src=\"https:\/\/rlgrips.com\/wp-content\/uploads\/2021\/05\/DESC_2_GLUTE_BANDS-768x1152.jpg\" class=\"attachment-medium_large size-medium_large wp-image-20328\" alt=\"\" srcset=\"https:\/\/rlgrips.com\/wp-content\/uploads\/2021\/05\/DESC_2_GLUTE_BANDS-768x1152.jpg 768w, https:\/\/rlgrips.com\/wp-content\/uploads\/2021\/05\/DESC_2_GLUTE_BANDS-200x300.jpg 200w, https:\/\/rlgrips.com\/wp-content\/uploads\/2021\/05\/DESC_2_GLUTE_BANDS-683x1024.jpg 683w, https:\/\/rlgrips.com\/wp-content\/uploads\/2021\/05\/DESC_2_GLUTE_BANDS-600x900.jpg 600w, https:\/\/rlgrips.com\/wp-content\/uploads\/2021\/05\/DESC_2_GLUTE_BANDS.jpg 800w\" sizes=\"(max-width: 768px) 100vw, 768px\" \/>\t\t\t\t\t\t\t\t\t\t\t\t\t\t\t<\/div>\n\t\t\t\t<\/div>\n\t\t\t\t\t<\/div>\n\t\t<\/div>\n\t\t\t\t<div class=\"elementor-column elementor-col-50 elementor-inner-column elementor-element elementor-element-f3e1728\" data-id=\"f3e1728\" data-element_type=\"column\">\n\t\t\t<div class=\"elementor-widget-wrap elementor-element-populated\">\n\t\t\t\t\t\t<div class=\"elementor-element elementor-element-ad7e0dd elementor-widget elementor-widget-heading\" data-id=\"ad7e0dd\" data-element_type=\"widget\" data-widget_type=\"heading.default\">\n\t\t\t\t<div class=\"elementor-widget-container\">\n\t\t\t\t\t<h2 class=\"elementor-heading-title elementor-size-large\">Caract\u00e9ristiques de RLG Glute Bands<\/h2>\t\t\t\t<\/div>\n\t\t\t\t<\/div>\n\t\t\t\t<div class=\"elementor-element elementor-element-648fbce elementor-widget elementor-widget-text-editor\" data-id=\"648fbce\" data-element_type=\"widget\" data-widget_type=\"text-editor.default\">\n\t\t\t\t<div class=\"elementor-widget-container\">\n\t\t\t\t\t\t\t\t\t<ul>\n<li>Fabriqu\u00e9 en polyester, coton et latex<\/li>\n<li>Compos\u00e9 de mat\u00e9riaux de haute qualit\u00e9<\/li>\n<li>Disponible en trois couleurs : gris, noir et rouge.<\/li>\n<li>Trois niveaux de r\u00e9sistance<\/li>\n<li>MESURES : 25 X 25 X 10 cm<\/li>\n<li>Poids : 0,385 kg<\/li>\n<li>Fourni avec un sac en toile RLG gratuit<\/li>\n<\/ul>\t\t\t\t\t\t\t\t<\/div>\n\t\t\t\t<\/div>\n\t\t\t\t\t<\/div>\n\t\t<\/div>\n\t\t\t\t\t<\/div>\n\t\t<\/section>\n\t\t\t\t\t<\/div>\n\t\t<\/div>\n\t\t\t\t\t<\/div>\n\t\t<\/section>\n\t\t\t\t<\/div>\n\t\t","protected":false},"excerpt":{"rendered":"<p><strong>D\u00c9TAILS<br \/>\n<\/strong><span style=\"color: #ff0000;\">\u2714<\/span> Ensemble de bandes fessi\u00e8res + pochette Rejilla<br \/>\n<span style=\"color: #ff0000;\">\u2714<\/span> 3 niveaux de r\u00e9sistance : dur, moyen et doux<br \/>\n<span style=\"color: #ff0000;\">\u2714 <\/span>Mat\u00e9riau durable et r\u00e9sistant<br \/>\n<span style=\"color: #ff0000;\">\u2714 <span style=\"color: #333333;\">Coutures renforc\u00e9es et effet antid\u00e9rapant<\/span><\/span><br \/>\n<span style=\"color: #ff0000;\">\u2714 <\/span> Compl\u00e9ment id\u00e9al \u00e0 l&#8217;entra\u00eenement des fessiers et des jambes.<\/p>\n","protected":false},"featured_media":20320,"template":"","meta":{"_acf_changed":false,"site-sidebar-layout":"default","site-content-layout":"default","ast-site-content-layout":"default","site-content-style":"default","site-sidebar-style":"default","ast-global-header-display":"","ast-banner-title-visibility":"","ast-main-header-display":"","ast-hfb-above-header-display":"","ast-hfb-below-header-display":"","ast-hfb-mobile-header-display":"","site-post-title":"","ast-breadcrumbs-content":"","ast-featured-img":"","footer-sml-layout":"","ast-disable-related-posts":"","theme-transparent-header-meta":"default","adv-header-id-meta":"","stick-header-meta":"default","header-above-stick-meta":"","header-main-stick-meta":"","header-below-stick-meta":"","astra-migrate-meta-layouts":"default","ast-page-background-enabled":"default","ast-page-background-meta":{"desktop":{"background-color":"","background-image":"","background-repeat":"repeat","background-position":"center center","background-size":"auto","background-attachment":"scroll","background-type":"","background-media":"","overlay-type":"","overlay-color":"","overlay-opacity":"","overlay-gradient":""},"tablet":{"background-color":"","background-image":"","background-repeat":"repeat","background-position":"center center","background-size":"auto","background-attachment":"scroll","background-type":"","background-media":"","overlay-type":"","overlay-color":"","overlay-opacity":"","overlay-gradient":""},"mobile":{"background-color":"","background-image":"","background-repeat":"repeat","background-position":"center center","background-size":"auto","background-attachment":"scroll","background-type":"","background-media":"","overlay-type":"","overlay-color":"","overlay-opacity":"","overlay-gradient":""}},"ast-content-background-meta":{"desktop":{"background-color":"var(--ast-global-color-5)","background-image":"","background-repeat":"repeat","background-position":"center center","background-size":"auto","background-attachment":"scroll","background-type":"","background-media":"","overlay-type":"","overlay-color":"","overlay-opacity":"","overlay-gradient":""},"tablet":{"background-color":"var(--ast-global-color-5)","background-image":"","background-repeat":"repeat","background-position":"center center","background-size":"auto","background-attachment":"scroll","background-type":"","background-media":"","overlay-type":"","overlay-color":"","overlay-opacity":"","overlay-gradient":""},"mobile":{"background-color":"var(--ast-global-color-5)","background-image":"","background-repeat":"repeat","background-position":"center center","background-size":"auto","background-attachment":"scroll","background-type":"","background-media":"","overlay-type":"","overlay-color":"","overlay-opacity":"","overlay-gradient":""}}},"product_brand":[],"product_cat":[406],"product_tag":[],"class_list":{"0":"post-20319","1":"product","2":"type-product","3":"status-publish","4":"has-post-thumbnail","6":"product_cat-bandes-elastiques","7":"desktop-align-center","8":"tablet-align-center","9":"mobile-align-center","10":"ast-product-gallery-layout-horizontal-slider","11":"ast-product-tabs-layout-distributed","12":"ast-qv-on-image","14":"first","15":"outofstock","16":"taxable","17":"shipping-taxable","18":"purchasable","19":"product-type-simple"},"acf":[],"yoast_head":"<!-- This site is optimized with the Yoast SEO plugin v26.5 - https:\/\/yoast.com\/wordpress\/plugins\/seo\/ -->\n<title>Bandes pour fessiers RLG Glute Bands | RL Grips<\/title>\n<meta name=\"description\" content=\"Renforcez vos fessiers avec RLG Glute Bands. Tonifier et raffermir vos jambes ne sera pas difficile avec notre lot de 3 bandes de fessiers. Vous voulez v\u00e9rifier ?\" \/>\n<meta name=\"robots\" content=\"index, follow, max-snippet:-1, max-image-preview:large, max-video-preview:-1\" \/>\n<link rel=\"canonical\" href=\"https:\/\/rlgrips.com\/fr\/tienda\/rlg-glute-bands-bandes-pour-fessiers\/\" \/>\n<meta property=\"og:locale\" content=\"fr_FR\" \/>\n<meta property=\"og:type\" content=\"article\" \/>\n<meta property=\"og:title\" content=\"Bandes pour fessiers RLG Glute Bands | RL Grips\" \/>\n<meta property=\"og:description\" content=\"Renforcez vos fessiers avec RLG Glute Bands. Tonifier et raffermir vos jambes ne sera pas difficile avec notre lot de 3 bandes de fessiers. Vous voulez v\u00e9rifier ?\" \/>\n<meta property=\"og:url\" content=\"https:\/\/rlgrips.com\/fr\/tienda\/rlg-glute-bands-bandes-pour-fessiers\/\" \/>\n<meta property=\"og:site_name\" content=\"RL Grips\" \/>\n<meta property=\"article:modified_time\" content=\"2025-11-14T16:18:03+00:00\" \/>\n<meta property=\"og:image\" content=\"https:\/\/rlgrips.com\/wp-content\/uploads\/2021\/05\/GBANDS_TELA_5.jpg\" \/>\n\t<meta property=\"og:image:width\" content=\"900\" \/>\n\t<meta property=\"og:image:height\" content=\"900\" \/>\n\t<meta property=\"og:image:type\" content=\"image\/jpeg\" \/>\n<meta name=\"twitter:card\" content=\"summary_large_image\" \/>\n<meta name=\"twitter:label1\" content=\"Dur\u00e9e de lecture estim\u00e9e\" \/>\n\t<meta name=\"twitter:data1\" content=\"1 minute\" \/>\n<script type=\"application\/ld+json\" class=\"yoast-schema-graph\">{\"@context\":\"https:\/\/schema.org\",\"@graph\":[{\"@type\":\"WebPage\",\"@id\":\"https:\/\/rlgrips.com\/fr\/tienda\/rlg-glute-bands-bandes-pour-fessiers\/\",\"url\":\"https:\/\/rlgrips.com\/fr\/tienda\/rlg-glute-bands-bandes-pour-fessiers\/\",\"name\":\"Bandes pour fessiers RLG Glute Bands | RL Grips\",\"isPartOf\":{\"@id\":\"https:\/\/rlgrips.com\/fr\/#website\"},\"primaryImageOfPage\":{\"@id\":\"https:\/\/rlgrips.com\/fr\/tienda\/rlg-glute-bands-bandes-pour-fessiers\/#primaryimage\"},\"image\":{\"@id\":\"https:\/\/rlgrips.com\/fr\/tienda\/rlg-glute-bands-bandes-pour-fessiers\/#primaryimage\"},\"thumbnailUrl\":\"https:\/\/rlgrips.com\/wp-content\/uploads\/2021\/05\/GBANDS_TELA_5.jpg\",\"datePublished\":\"2021-05-18T18:41:52+00:00\",\"dateModified\":\"2025-11-14T16:18:03+00:00\",\"description\":\"Renforcez vos fessiers avec RLG Glute Bands. Tonifier et raffermir vos jambes ne sera pas difficile avec notre lot de 3 bandes de fessiers. Vous voulez v\u00e9rifier ?\",\"breadcrumb\":{\"@id\":\"https:\/\/rlgrips.com\/fr\/tienda\/rlg-glute-bands-bandes-pour-fessiers\/#breadcrumb\"},\"inLanguage\":\"fr-FR\",\"potentialAction\":[{\"@type\":\"ReadAction\",\"target\":[\"https:\/\/rlgrips.com\/fr\/tienda\/rlg-glute-bands-bandes-pour-fessiers\/\"]}]},{\"@type\":\"ImageObject\",\"inLanguage\":\"fr-FR\",\"@id\":\"https:\/\/rlgrips.com\/fr\/tienda\/rlg-glute-bands-bandes-pour-fessiers\/#primaryimage\",\"url\":\"https:\/\/rlgrips.com\/wp-content\/uploads\/2021\/05\/GBANDS_TELA_5.jpg\",\"contentUrl\":\"https:\/\/rlgrips.com\/wp-content\/uploads\/2021\/05\/GBANDS_TELA_5.jpg\",\"width\":900,\"height\":900},{\"@type\":\"BreadcrumbList\",\"@id\":\"https:\/\/rlgrips.com\/fr\/tienda\/rlg-glute-bands-bandes-pour-fessiers\/#breadcrumb\",\"itemListElement\":[{\"@type\":\"ListItem\",\"position\":1,\"name\":\"Portada\",\"item\":\"https:\/\/rlgrips.com\/fr\/\"},{\"@type\":\"ListItem\",\"position\":2,\"name\":\"Tienda\",\"item\":\"https:\/\/rlgrips.com\/tienda\/\"},{\"@type\":\"ListItem\",\"position\":3,\"name\":\"RLG Glute Bands &#8211; Bandes pour fessiers\"}]},{\"@type\":\"WebSite\",\"@id\":\"https:\/\/rlgrips.com\/fr\/#website\",\"url\":\"https:\/\/rlgrips.com\/fr\/\",\"name\":\"RL Grips\",\"description\":\"Equipamiento y Accesorios de Entrenamiento\",\"publisher\":{\"@id\":\"https:\/\/rlgrips.com\/fr\/#organization\"},\"potentialAction\":[{\"@type\":\"SearchAction\",\"target\":{\"@type\":\"EntryPoint\",\"urlTemplate\":\"https:\/\/rlgrips.com\/fr\/?s={search_term_string}\"},\"query-input\":{\"@type\":\"PropertyValueSpecification\",\"valueRequired\":true,\"valueName\":\"search_term_string\"}}],\"inLanguage\":\"fr-FR\"},{\"@type\":\"Organization\",\"@id\":\"https:\/\/rlgrips.com\/fr\/#organization\",\"name\":\"RL Grips\u2122\",\"url\":\"https:\/\/rlgrips.com\/fr\/\",\"logo\":{\"@type\":\"ImageObject\",\"inLanguage\":\"fr-FR\",\"@id\":\"https:\/\/rlgrips.com\/fr\/#\/schema\/logo\/image\/\",\"url\":\"https:\/\/rlgrips.com\/wp-content\/uploads\/2021\/04\/RLG2SBLACK-e1617355385190.png\",\"contentUrl\":\"https:\/\/rlgrips.com\/wp-content\/uploads\/2021\/04\/RLG2SBLACK-e1617355385190.png\",\"width\":128,\"height\":60,\"caption\":\"RL Grips\u2122\"},\"image\":{\"@id\":\"https:\/\/rlgrips.com\/fr\/#\/schema\/logo\/image\/\"}}]}<\/script>\n<!-- \/ Yoast SEO plugin. -->","yoast_head_json":{"title":"Bandes pour fessiers RLG Glute Bands | RL Grips","description":"Renforcez vos fessiers avec RLG Glute Bands. Tonifier et raffermir vos jambes ne sera pas difficile avec notre lot de 3 bandes de fessiers. Vous voulez v\u00e9rifier ?","robots":{"index":"index","follow":"follow","max-snippet":"max-snippet:-1","max-image-preview":"max-image-preview:large","max-video-preview":"max-video-preview:-1"},"canonical":"https:\/\/rlgrips.com\/fr\/tienda\/rlg-glute-bands-bandes-pour-fessiers\/","og_locale":"fr_FR","og_type":"article","og_title":"Bandes pour fessiers RLG Glute Bands | RL Grips","og_description":"Renforcez vos fessiers avec RLG Glute Bands. Tonifier et raffermir vos jambes ne sera pas difficile avec notre lot de 3 bandes de fessiers. Vous voulez v\u00e9rifier ?","og_url":"https:\/\/rlgrips.com\/fr\/tienda\/rlg-glute-bands-bandes-pour-fessiers\/","og_site_name":"RL Grips","article_modified_time":"2025-11-14T16:18:03+00:00","og_image":[{"width":900,"height":900,"url":"https:\/\/rlgrips.com\/wp-content\/uploads\/2021\/05\/GBANDS_TELA_5.jpg","type":"image\/jpeg"}],"twitter_card":"summary_large_image","twitter_misc":{"Dur\u00e9e de lecture estim\u00e9e":"1 minute"},"schema":{"@context":"https:\/\/schema.org","@graph":[{"@type":"WebPage","@id":"https:\/\/rlgrips.com\/fr\/tienda\/rlg-glute-bands-bandes-pour-fessiers\/","url":"https:\/\/rlgrips.com\/fr\/tienda\/rlg-glute-bands-bandes-pour-fessiers\/","name":"Bandes pour fessiers RLG Glute Bands | RL Grips","isPartOf":{"@id":"https:\/\/rlgrips.com\/fr\/#website"},"primaryImageOfPage":{"@id":"https:\/\/rlgrips.com\/fr\/tienda\/rlg-glute-bands-bandes-pour-fessiers\/#primaryimage"},"image":{"@id":"https:\/\/rlgrips.com\/fr\/tienda\/rlg-glute-bands-bandes-pour-fessiers\/#primaryimage"},"thumbnailUrl":"https:\/\/rlgrips.com\/wp-content\/uploads\/2021\/05\/GBANDS_TELA_5.jpg","datePublished":"2021-05-18T18:41:52+00:00","dateModified":"2025-11-14T16:18:03+00:00","description":"Renforcez vos fessiers avec RLG Glute Bands. Tonifier et raffermir vos jambes ne sera pas difficile avec notre lot de 3 bandes de fessiers. Vous voulez v\u00e9rifier ?","breadcrumb":{"@id":"https:\/\/rlgrips.com\/fr\/tienda\/rlg-glute-bands-bandes-pour-fessiers\/#breadcrumb"},"inLanguage":"fr-FR","potentialAction":[{"@type":"ReadAction","target":["https:\/\/rlgrips.com\/fr\/tienda\/rlg-glute-bands-bandes-pour-fessiers\/"]}]},{"@type":"ImageObject","inLanguage":"fr-FR","@id":"https:\/\/rlgrips.com\/fr\/tienda\/rlg-glute-bands-bandes-pour-fessiers\/#primaryimage","url":"https:\/\/rlgrips.com\/wp-content\/uploads\/2021\/05\/GBANDS_TELA_5.jpg","contentUrl":"https:\/\/rlgrips.com\/wp-content\/uploads\/2021\/05\/GBANDS_TELA_5.jpg","width":900,"height":900},{"@type":"BreadcrumbList","@id":"https:\/\/rlgrips.com\/fr\/tienda\/rlg-glute-bands-bandes-pour-fessiers\/#breadcrumb","itemListElement":[{"@type":"ListItem","position":1,"name":"Portada","item":"https:\/\/rlgrips.com\/fr\/"},{"@type":"ListItem","position":2,"name":"Tienda","item":"https:\/\/rlgrips.com\/tienda\/"},{"@type":"ListItem","position":3,"name":"RLG Glute Bands &#8211; Bandes pour fessiers"}]},{"@type":"WebSite","@id":"https:\/\/rlgrips.com\/fr\/#website","url":"https:\/\/rlgrips.com\/fr\/","name":"RL Grips","description":"Equipamiento y Accesorios de Entrenamiento","publisher":{"@id":"https:\/\/rlgrips.com\/fr\/#organization"},"potentialAction":[{"@type":"SearchAction","target":{"@type":"EntryPoint","urlTemplate":"https:\/\/rlgrips.com\/fr\/?s={search_term_string}"},"query-input":{"@type":"PropertyValueSpecification","valueRequired":true,"valueName":"search_term_string"}}],"inLanguage":"fr-FR"},{"@type":"Organization","@id":"https:\/\/rlgrips.com\/fr\/#organization","name":"RL Grips\u2122","url":"https:\/\/rlgrips.com\/fr\/","logo":{"@type":"ImageObject","inLanguage":"fr-FR","@id":"https:\/\/rlgrips.com\/fr\/#\/schema\/logo\/image\/","url":"https:\/\/rlgrips.com\/wp-content\/uploads\/2021\/04\/RLG2SBLACK-e1617355385190.png","contentUrl":"https:\/\/rlgrips.com\/wp-content\/uploads\/2021\/04\/RLG2SBLACK-e1617355385190.png","width":128,"height":60,"caption":"RL Grips\u2122"},"image":{"@id":"https:\/\/rlgrips.com\/fr\/#\/schema\/logo\/image\/"}}]}},"_links":{"self":[{"href":"https:\/\/rlgrips.com\/fr\/wp-json\/wp\/v2\/product\/20319","targetHints":{"allow":["GET"]}}],"collection":[{"href":"https:\/\/rlgrips.com\/fr\/wp-json\/wp\/v2\/product"}],"about":[{"href":"https:\/\/rlgrips.com\/fr\/wp-json\/wp\/v2\/types\/product"}],"version-history":[{"count":0,"href":"https:\/\/rlgrips.com\/fr\/wp-json\/wp\/v2\/product\/20319\/revisions"}],"wp:featuredmedia":[{"embeddable":true,"href":"https:\/\/rlgrips.com\/fr\/wp-json\/wp\/v2\/media\/20320"}],"wp:attachment":[{"href":"https:\/\/rlgrips.com\/fr\/wp-json\/wp\/v2\/media?parent=20319"}],"wp:term":[{"taxonomy":"product_brand","embeddable":true,"href":"https:\/\/rlgrips.com\/fr\/wp-json\/wp\/v2\/product_brand?post=20319"},{"taxonomy":"product_cat","embeddable":true,"href":"https:\/\/rlgrips.com\/fr\/wp-json\/wp\/v2\/product_cat?post=20319"},{"taxonomy":"product_tag","embeddable":true,"href":"https:\/\/rlgrips.com\/fr\/wp-json\/wp\/v2\/product_tag?post=20319"}],"curies":[{"name":"wp","href":"https:\/\/api.w.org\/{rel}","templated":true}]}}