{"id":17178,"date":"2021-05-18T20:41:52","date_gmt":"2021-05-18T18:41:52","guid":{"rendered":"https:\/\/rlgrips.com\/tienda\/rlg-glute-bands-gesaessbaender\/"},"modified":"2025-11-14T17:18:03","modified_gmt":"2025-11-14T16:18:03","slug":"rlg-glute-bands-gesaessbaender","status":"publish","type":"product","link":"https:\/\/rlgrips.com\/de\/tienda\/rlg-glute-bands-gesaessbaender\/","title":{"rendered":"RLG Glute Bands &#8211; Ges\u00e4\u00dfb\u00e4nder"},"content":{"rendered":"\t\t<div data-elementor-type=\"product-post\" data-elementor-id=\"17178\" class=\"elementor elementor-17178 elementor-3219\" data-elementor-post-type=\"product\">\n\t\t\t\t\t\t<section class=\"elementor-section elementor-top-section elementor-element elementor-element-16fe6f5 elementor-section-full_width elementor-section-height-default elementor-section-height-default\" data-id=\"16fe6f5\" data-element_type=\"section\" data-settings=\"{&quot;jet_parallax_layout_list&quot;:[]}\">\n\t\t\t\t\t\t<div class=\"elementor-container elementor-column-gap-default\">\n\t\t\t\t\t<div class=\"elementor-column elementor-col-100 elementor-top-column elementor-element elementor-element-8b2d4ed\" data-id=\"8b2d4ed\" data-element_type=\"column\">\n\t\t\t<div class=\"elementor-widget-wrap elementor-element-populated\">\n\t\t\t\t\t\t<section class=\"elementor-section elementor-inner-section elementor-element elementor-element-483e397 elementor-section-content-middle elementor-section-full_width elementor-section-height-default elementor-section-height-default\" data-id=\"483e397\" data-element_type=\"section\" data-settings=\"{&quot;jet_parallax_layout_list&quot;:[]}\">\n\t\t\t\t\t\t<div class=\"elementor-container elementor-column-gap-default\">\n\t\t\t\t\t<div class=\"elementor-column elementor-col-50 elementor-inner-column elementor-element elementor-element-432a807\" data-id=\"432a807\" data-element_type=\"column\">\n\t\t\t<div class=\"elementor-widget-wrap elementor-element-populated\">\n\t\t\t\t\t\t<div class=\"elementor-element elementor-element-c6356c7 elementor-widget elementor-widget-image\" data-id=\"c6356c7\" data-element_type=\"widget\" data-widget_type=\"image.default\">\n\t\t\t\t<div class=\"elementor-widget-container\">\n\t\t\t\t\t\t\t\t\t\t\t\t\t\t\t<img fetchpriority=\"high\" decoding=\"async\" width=\"768\" height=\"768\" src=\"https:\/\/rlgrips.com\/wp-content\/uploads\/2021\/05\/GBANDS_TELA_6-768x768.jpg\" class=\"attachment-medium_large size-medium_large wp-image-14723\" alt=\"\" srcset=\"https:\/\/rlgrips.com\/wp-content\/uploads\/2021\/05\/GBANDS_TELA_6-768x768.jpg 768w, https:\/\/rlgrips.com\/wp-content\/uploads\/2021\/05\/GBANDS_TELA_6-500x500.jpg 500w, https:\/\/rlgrips.com\/wp-content\/uploads\/2021\/05\/GBANDS_TELA_6-100x100.jpg 100w, https:\/\/rlgrips.com\/wp-content\/uploads\/2021\/05\/GBANDS_TELA_6-300x300.jpg 300w, https:\/\/rlgrips.com\/wp-content\/uploads\/2021\/05\/GBANDS_TELA_6-150x150.jpg 150w, https:\/\/rlgrips.com\/wp-content\/uploads\/2021\/05\/GBANDS_TELA_6-600x600.jpg 600w, https:\/\/rlgrips.com\/wp-content\/uploads\/2021\/05\/GBANDS_TELA_6.jpg 900w\" sizes=\"(max-width: 768px) 100vw, 768px\" \/>\t\t\t\t\t\t\t\t\t\t\t\t\t\t\t<\/div>\n\t\t\t\t<\/div>\n\t\t\t\t\t<\/div>\n\t\t<\/div>\n\t\t\t\t<div class=\"elementor-column elementor-col-50 elementor-inner-column elementor-element elementor-element-835c3da\" data-id=\"835c3da\" data-element_type=\"column\">\n\t\t\t<div class=\"elementor-widget-wrap elementor-element-populated\">\n\t\t\t\t\t\t<div class=\"elementor-element elementor-element-792e992 elementor-widget elementor-widget-heading\" data-id=\"792e992\" data-element_type=\"widget\" data-widget_type=\"heading.default\">\n\t\t\t\t<div class=\"elementor-widget-container\">\n\t\t\t\t\t<h2 class=\"elementor-heading-title elementor-size-large\">Ges\u00e4\u00df-B\u00e4nder RLG Glute Bands<\/h2>\t\t\t\t<\/div>\n\t\t\t\t<\/div>\n\t\t\t\t<div class=\"elementor-element elementor-element-035a1e2 elementor-widget elementor-widget-text-editor\" data-id=\"035a1e2\" data-element_type=\"widget\" data-widget_type=\"text-editor.default\">\n\t\t\t\t<div class=\"elementor-widget-container\">\n\t\t\t\t\t\t\t\t\t<p>Bei den <strong>RLG Glute Bands<\/strong> handelt es sich um 3 Ges\u00e4\u00dfb\u00e4nder mit unterschiedlichen Widerst\u00e4nden, die es Ihnen erm\u00f6glichen, \u00dcbungen zu Hause auszuf\u00fchren, aber auch die M\u00f6glichkeit bieten, Ihren Ges\u00e4\u00dfmuskeln beim Training im Fitnessstudio einen weiteren Reiz zu geben.<span style=\"font-size: 15px;\"> <\/span><\/p>\n<p>Kombinieren Sie die <strong>RLG Glute Bands<\/strong> mit \u00dcbungen wie Hip Thrusts und Squats, um den Gluteus medius zu aktivieren und zahlreiche H\u00fcftabduktions\u00fcbungen durchf\u00fchren zu k\u00f6nnen.<\/p>\n\t\t\t\t\t\t\t\t<\/div>\n\t\t\t\t<\/div>\n\t\t\t\t\t<\/div>\n\t\t<\/div>\n\t\t\t\t\t<\/div>\n\t\t<\/section>\n\t\t\t\t<section class=\"elementor-section elementor-inner-section elementor-element elementor-element-0a8e011 elementor-section-content-middle elementor-section-full_width elementor-section-height-default elementor-section-height-default\" data-id=\"0a8e011\" data-element_type=\"section\" data-settings=\"{&quot;jet_parallax_layout_list&quot;:[]}\">\n\t\t\t\t\t\t<div class=\"elementor-container elementor-column-gap-default\">\n\t\t\t\t\t<div class=\"elementor-column elementor-col-50 elementor-inner-column elementor-element elementor-element-f0021ab\" data-id=\"f0021ab\" data-element_type=\"column\">\n\t\t\t<div class=\"elementor-widget-wrap elementor-element-populated\">\n\t\t\t\t\t\t<div class=\"elementor-element elementor-element-50c6a50 elementor-widget elementor-widget-heading\" data-id=\"50c6a50\" data-element_type=\"widget\" data-widget_type=\"heading.default\">\n\t\t\t\t<div class=\"elementor-widget-container\">\n\t\t\t\t\t<h2 class=\"elementor-heading-title elementor-size-large\">Vorteile des Trainings mit Ges\u00e4\u00dfmuskelb\u00e4ndern<\/h2>\t\t\t\t<\/div>\n\t\t\t\t<\/div>\n\t\t\t\t<div class=\"elementor-element elementor-element-ad2d1a3 elementor-widget elementor-widget-text-editor\" data-id=\"ad2d1a3\" data-element_type=\"widget\" data-widget_type=\"text-editor.default\">\n\t\t\t\t<div class=\"elementor-widget-container\">\n\t\t\t\t\t\t\t\t\t<ul>\n<li><strong>Kr\u00e4ftigt den Gluteus medius<\/strong> mit <strong>RLG Glute Bands<\/strong><\/li>\n<li>Ein starker Ges\u00e4\u00dfmuskel <strong>beugt Verletzungen vor<\/strong><\/li>\n<li>Sie hilft uns, den Valgus des Knies bei \u00dcbungen wie Kniebeugen oder \u00e4hnlichem <strong>zu korrigieren<\/strong>.<\/li>\n<li>Die <strong>RLG Glute Bands<\/strong> helfen Ihnen, das Ziel vieler Fitnessstudiobesucher zu erreichen, n\u00e4mlich eine <strong>feste und schlanke Ges\u00e4\u00dfmuskulatur<\/strong>.<\/li>\n<li>Dank der leichten Tragbarkeit k\u00f6nnen Sie <strong>\u00fcberall mit ihnen trainieren<\/strong>.<\/li>\n<\/ul>\n\t\t\t\t\t\t\t\t<\/div>\n\t\t\t\t<\/div>\n\t\t\t\t\t<\/div>\n\t\t<\/div>\n\t\t\t\t<div class=\"elementor-column elementor-col-50 elementor-inner-column elementor-element elementor-element-48ca37f\" data-id=\"48ca37f\" data-element_type=\"column\">\n\t\t\t<div class=\"elementor-widget-wrap elementor-element-populated\">\n\t\t\t\t\t\t<div class=\"elementor-element elementor-element-d9d5b4e elementor-widget elementor-widget-image\" data-id=\"d9d5b4e\" data-element_type=\"widget\" data-widget_type=\"image.default\">\n\t\t\t\t<div class=\"elementor-widget-container\">\n\t\t\t\t\t\t\t\t\t\t\t\t\t\t\t<img decoding=\"async\" width=\"768\" height=\"1152\" src=\"https:\/\/rlgrips.com\/wp-content\/uploads\/2021\/05\/GBANDS_TELA_7-768x1152.jpg\" class=\"attachment-medium_large size-medium_large wp-image-14719\" alt=\"\" srcset=\"https:\/\/rlgrips.com\/wp-content\/uploads\/2021\/05\/GBANDS_TELA_7-768x1152.jpg 768w, https:\/\/rlgrips.com\/wp-content\/uploads\/2021\/05\/GBANDS_TELA_7-200x300.jpg 200w, https:\/\/rlgrips.com\/wp-content\/uploads\/2021\/05\/GBANDS_TELA_7-683x1024.jpg 683w, https:\/\/rlgrips.com\/wp-content\/uploads\/2021\/05\/GBANDS_TELA_7-600x900.jpg 600w, https:\/\/rlgrips.com\/wp-content\/uploads\/2021\/05\/GBANDS_TELA_7.jpg 800w\" sizes=\"(max-width: 768px) 100vw, 768px\" \/>\t\t\t\t\t\t\t\t\t\t\t\t\t\t\t<\/div>\n\t\t\t\t<\/div>\n\t\t\t\t\t<\/div>\n\t\t<\/div>\n\t\t\t\t\t<\/div>\n\t\t<\/section>\n\t\t\t\t<section class=\"elementor-section elementor-inner-section elementor-element elementor-element-173a328 elementor-section-content-middle elementor-section-full_width elementor-section-height-default elementor-section-height-default\" data-id=\"173a328\" data-element_type=\"section\" data-settings=\"{&quot;jet_parallax_layout_list&quot;:[]}\">\n\t\t\t\t\t\t<div class=\"elementor-container elementor-column-gap-default\">\n\t\t\t\t\t<div class=\"elementor-column elementor-col-50 elementor-inner-column elementor-element elementor-element-5adbc37\" data-id=\"5adbc37\" data-element_type=\"column\">\n\t\t\t<div class=\"elementor-widget-wrap elementor-element-populated\">\n\t\t\t\t\t\t<div class=\"elementor-element elementor-element-fddf165 elementor-widget elementor-widget-image\" data-id=\"fddf165\" data-element_type=\"widget\" data-widget_type=\"image.default\">\n\t\t\t\t<div class=\"elementor-widget-container\">\n\t\t\t\t\t\t\t\t\t\t\t\t\t\t\t<img decoding=\"async\" width=\"768\" height=\"1152\" src=\"https:\/\/rlgrips.com\/wp-content\/uploads\/2021\/05\/DESC_2_GLUTE_BANDS-768x1152.jpg\" class=\"attachment-medium_large size-medium_large wp-image-14717\" alt=\"\" srcset=\"https:\/\/rlgrips.com\/wp-content\/uploads\/2021\/05\/DESC_2_GLUTE_BANDS-768x1152.jpg 768w, https:\/\/rlgrips.com\/wp-content\/uploads\/2021\/05\/DESC_2_GLUTE_BANDS-200x300.jpg 200w, https:\/\/rlgrips.com\/wp-content\/uploads\/2021\/05\/DESC_2_GLUTE_BANDS-683x1024.jpg 683w, https:\/\/rlgrips.com\/wp-content\/uploads\/2021\/05\/DESC_2_GLUTE_BANDS-600x900.jpg 600w, https:\/\/rlgrips.com\/wp-content\/uploads\/2021\/05\/DESC_2_GLUTE_BANDS.jpg 800w\" sizes=\"(max-width: 768px) 100vw, 768px\" \/>\t\t\t\t\t\t\t\t\t\t\t\t\t\t\t<\/div>\n\t\t\t\t<\/div>\n\t\t\t\t\t<\/div>\n\t\t<\/div>\n\t\t\t\t<div class=\"elementor-column elementor-col-50 elementor-inner-column elementor-element elementor-element-f3e1728\" data-id=\"f3e1728\" data-element_type=\"column\">\n\t\t\t<div class=\"elementor-widget-wrap elementor-element-populated\">\n\t\t\t\t\t\t<div class=\"elementor-element elementor-element-ad7e0dd elementor-widget elementor-widget-heading\" data-id=\"ad7e0dd\" data-element_type=\"widget\" data-widget_type=\"heading.default\">\n\t\t\t\t<div class=\"elementor-widget-container\">\n\t\t\t\t\t<h2 class=\"elementor-heading-title elementor-size-large\">Eigenschaften von RLG Glute Bands<\/h2>\t\t\t\t<\/div>\n\t\t\t\t<\/div>\n\t\t\t\t<div class=\"elementor-element elementor-element-648fbce elementor-widget elementor-widget-text-editor\" data-id=\"648fbce\" data-element_type=\"widget\" data-widget_type=\"text-editor.default\">\n\t\t\t\t<div class=\"elementor-widget-container\">\n\t\t\t\t\t\t\t\t\t<ul>\n<li>Hergestellt aus Polyester, Baumwolle und Latex<\/li>\n<li>Besteht aus hochwertigem Material<\/li>\n<li>Erh\u00e4ltlich in drei Farben: grau, schwarz und rot.<\/li>\n<li>Drei Stufen des Widerstands<\/li>\n<li>ABMESSUNGEN: 25 X 25 X 10 cm<\/li>\n<li>GEWICHT: 0,385 kg<\/li>\n<li>Lieferung mit kostenloser RLG-Netztuchtasche<\/li>\n<\/ul>\t\t\t\t\t\t\t\t<\/div>\n\t\t\t\t<\/div>\n\t\t\t\t\t<\/div>\n\t\t<\/div>\n\t\t\t\t\t<\/div>\n\t\t<\/section>\n\t\t\t\t\t<\/div>\n\t\t<\/div>\n\t\t\t\t\t<\/div>\n\t\t<\/section>\n\t\t\t\t<\/div>\n\t\t","protected":false},"excerpt":{"rendered":"<p><strong>DETAILS<br \/>\n<\/strong><span style=\"color: #ff0000;\">\u2714<\/span> Ges\u00e4\u00dfband-Set + Rejilla-Beutel<br \/>\n<span style=\"color: #ff0000;\">\u2714<\/span> 3 Widerstandsstufen: hart, mittel und weich<br \/>\n<span style=\"color: #ff0000;\">\u2714 <\/span>Strapazierf\u00e4higes und langlebiges Material<br \/>\n<span style=\"color: #ff0000;\">\u2714 <span style=\"color: #333333;\">Verst\u00e4rkte N\u00e4hte und Anti-Rutsch-Effekt<\/span><\/span><br \/>\n<span style=\"color: #ff0000;\">\u2714 <\/span> Ideale Erg\u00e4nzung f\u00fcr Ihr Ges\u00e4\u00df- und Beintraining<\/p>\n","protected":false},"featured_media":14713,"template":"","meta":{"_acf_changed":false,"site-sidebar-layout":"default","site-content-layout":"default","ast-site-content-layout":"default","site-content-style":"default","site-sidebar-style":"default","ast-global-header-display":"","ast-banner-title-visibility":"","ast-main-header-display":"","ast-hfb-above-header-display":"","ast-hfb-below-header-display":"","ast-hfb-mobile-header-display":"","site-post-title":"","ast-breadcrumbs-content":"","ast-featured-img":"","footer-sml-layout":"","ast-disable-related-posts":"","theme-transparent-header-meta":"default","adv-header-id-meta":"","stick-header-meta":"default","header-above-stick-meta":"","header-main-stick-meta":"","header-below-stick-meta":"","astra-migrate-meta-layouts":"set","ast-page-background-enabled":"default","ast-page-background-meta":{"desktop":{"background-color":"","background-image":"","background-repeat":"repeat","background-position":"center center","background-size":"auto","background-attachment":"scroll","background-type":"","background-media":"","overlay-type":"","overlay-color":"","overlay-opacity":"","overlay-gradient":""},"tablet":{"background-color":"","background-image":"","background-repeat":"repeat","background-position":"center center","background-size":"auto","background-attachment":"scroll","background-type":"","background-media":"","overlay-type":"","overlay-color":"","overlay-opacity":"","overlay-gradient":""},"mobile":{"background-color":"","background-image":"","background-repeat":"repeat","background-position":"center center","background-size":"auto","background-attachment":"scroll","background-type":"","background-media":"","overlay-type":"","overlay-color":"","overlay-opacity":"","overlay-gradient":""}},"ast-content-background-meta":{"desktop":{"background-color":"var(--ast-global-color-5)","background-image":"","background-repeat":"repeat","background-position":"center center","background-size":"auto","background-attachment":"scroll","background-type":"","background-media":"","overlay-type":"","overlay-color":"","overlay-opacity":"","overlay-gradient":""},"tablet":{"background-color":"var(--ast-global-color-5)","background-image":"","background-repeat":"repeat","background-position":"center center","background-size":"auto","background-attachment":"scroll","background-type":"","background-media":"","overlay-type":"","overlay-color":"","overlay-opacity":"","overlay-gradient":""},"mobile":{"background-color":"var(--ast-global-color-5)","background-image":"","background-repeat":"repeat","background-position":"center center","background-size":"auto","background-attachment":"scroll","background-type":"","background-media":"","overlay-type":"","overlay-color":"","overlay-opacity":"","overlay-gradient":""}}},"product_brand":[],"product_cat":[289],"product_tag":[],"class_list":{"0":"post-17178","1":"product","2":"type-product","3":"status-publish","4":"has-post-thumbnail","6":"product_cat-elastische-bander","7":"desktop-align-center","8":"tablet-align-center","9":"mobile-align-center","10":"ast-product-gallery-layout-horizontal-slider","11":"ast-product-tabs-layout-distributed","12":"ast-qv-on-image","14":"first","15":"outofstock","16":"taxable","17":"shipping-taxable","18":"purchasable","19":"product-type-simple"},"acf":[],"yoast_head":"<!-- This site is optimized with the Yoast SEO plugin v26.5 - https:\/\/yoast.com\/wordpress\/plugins\/seo\/ -->\n<title>Ges\u00e4\u00dfb\u00e4nder RLG Glute Bands | RL Grips<\/title>\n<meta name=\"description\" content=\"St\u00e4rken Sie Ihre Ges\u00e4\u00dfmuskeln mit RLG Glute Bands. Mit unserem 3er-Set von Gluteb\u00e4ndern ist es nicht schwer, Ihre Beine zu straffen und zu festigen. M\u00f6chten Sie es ausprobieren?\" \/>\n<meta name=\"robots\" content=\"index, follow, max-snippet:-1, max-image-preview:large, max-video-preview:-1\" \/>\n<link rel=\"canonical\" href=\"https:\/\/rlgrips.com\/de\/tienda\/rlg-glute-bands-gesaessbaender\/\" \/>\n<meta property=\"og:locale\" content=\"de_DE\" \/>\n<meta property=\"og:type\" content=\"article\" \/>\n<meta property=\"og:title\" content=\"Ges\u00e4\u00dfb\u00e4nder RLG Glute Bands | RL Grips\" \/>\n<meta property=\"og:description\" content=\"St\u00e4rken Sie Ihre Ges\u00e4\u00dfmuskeln mit RLG Glute Bands. Mit unserem 3er-Set von Gluteb\u00e4ndern ist es nicht schwer, Ihre Beine zu straffen und zu festigen. M\u00f6chten Sie es ausprobieren?\" \/>\n<meta property=\"og:url\" content=\"https:\/\/rlgrips.com\/de\/tienda\/rlg-glute-bands-gesaessbaender\/\" \/>\n<meta property=\"og:site_name\" content=\"RL Grips\" \/>\n<meta property=\"article:modified_time\" content=\"2025-11-14T16:18:03+00:00\" \/>\n<meta property=\"og:image\" content=\"https:\/\/rlgrips.com\/wp-content\/uploads\/2021\/05\/GBANDS_TELA_5.jpg\" \/>\n\t<meta property=\"og:image:width\" content=\"900\" \/>\n\t<meta property=\"og:image:height\" content=\"900\" \/>\n\t<meta property=\"og:image:type\" content=\"image\/jpeg\" \/>\n<meta name=\"twitter:card\" content=\"summary_large_image\" \/>\n<meta name=\"twitter:label1\" content=\"Gesch\u00e4tzte Lesezeit\" \/>\n\t<meta name=\"twitter:data1\" content=\"2\u00a0Minuten\" \/>\n<script type=\"application\/ld+json\" class=\"yoast-schema-graph\">{\"@context\":\"https:\/\/schema.org\",\"@graph\":[{\"@type\":\"WebPage\",\"@id\":\"https:\/\/rlgrips.com\/de\/tienda\/rlg-glute-bands-gesaessbaender\/\",\"url\":\"https:\/\/rlgrips.com\/de\/tienda\/rlg-glute-bands-gesaessbaender\/\",\"name\":\"Ges\u00e4\u00dfb\u00e4nder RLG Glute Bands | RL Grips\",\"isPartOf\":{\"@id\":\"https:\/\/rlgrips.com\/de\/#website\"},\"primaryImageOfPage\":{\"@id\":\"https:\/\/rlgrips.com\/de\/tienda\/rlg-glute-bands-gesaessbaender\/#primaryimage\"},\"image\":{\"@id\":\"https:\/\/rlgrips.com\/de\/tienda\/rlg-glute-bands-gesaessbaender\/#primaryimage\"},\"thumbnailUrl\":\"https:\/\/rlgrips.com\/wp-content\/uploads\/2021\/05\/GBANDS_TELA_5.jpg\",\"datePublished\":\"2021-05-18T18:41:52+00:00\",\"dateModified\":\"2025-11-14T16:18:03+00:00\",\"description\":\"St\u00e4rken Sie Ihre Ges\u00e4\u00dfmuskeln mit RLG Glute Bands. Mit unserem 3er-Set von Gluteb\u00e4ndern ist es nicht schwer, Ihre Beine zu straffen und zu festigen. M\u00f6chten Sie es ausprobieren?\",\"breadcrumb\":{\"@id\":\"https:\/\/rlgrips.com\/de\/tienda\/rlg-glute-bands-gesaessbaender\/#breadcrumb\"},\"inLanguage\":\"de\",\"potentialAction\":[{\"@type\":\"ReadAction\",\"target\":[\"https:\/\/rlgrips.com\/de\/tienda\/rlg-glute-bands-gesaessbaender\/\"]}]},{\"@type\":\"ImageObject\",\"inLanguage\":\"de\",\"@id\":\"https:\/\/rlgrips.com\/de\/tienda\/rlg-glute-bands-gesaessbaender\/#primaryimage\",\"url\":\"https:\/\/rlgrips.com\/wp-content\/uploads\/2021\/05\/GBANDS_TELA_5.jpg\",\"contentUrl\":\"https:\/\/rlgrips.com\/wp-content\/uploads\/2021\/05\/GBANDS_TELA_5.jpg\",\"width\":900,\"height\":900},{\"@type\":\"BreadcrumbList\",\"@id\":\"https:\/\/rlgrips.com\/de\/tienda\/rlg-glute-bands-gesaessbaender\/#breadcrumb\",\"itemListElement\":[{\"@type\":\"ListItem\",\"position\":1,\"name\":\"Portada\",\"item\":\"https:\/\/rlgrips.com\/de\/startseite\/\"},{\"@type\":\"ListItem\",\"position\":2,\"name\":\"Shop\",\"item\":\"https:\/\/rlgrips.com\/de\/shop\/\"},{\"@type\":\"ListItem\",\"position\":3,\"name\":\"RLG Glute Bands &#8211; Ges\u00e4\u00dfb\u00e4nder\"}]},{\"@type\":\"WebSite\",\"@id\":\"https:\/\/rlgrips.com\/de\/#website\",\"url\":\"https:\/\/rlgrips.com\/de\/\",\"name\":\"RL Grips\",\"description\":\"Equipamiento y Accesorios de Entrenamiento\",\"publisher\":{\"@id\":\"https:\/\/rlgrips.com\/de\/#organization\"},\"potentialAction\":[{\"@type\":\"SearchAction\",\"target\":{\"@type\":\"EntryPoint\",\"urlTemplate\":\"https:\/\/rlgrips.com\/de\/?s={search_term_string}\"},\"query-input\":{\"@type\":\"PropertyValueSpecification\",\"valueRequired\":true,\"valueName\":\"search_term_string\"}}],\"inLanguage\":\"de\"},{\"@type\":\"Organization\",\"@id\":\"https:\/\/rlgrips.com\/de\/#organization\",\"name\":\"RL Grips\u2122\",\"url\":\"https:\/\/rlgrips.com\/de\/\",\"logo\":{\"@type\":\"ImageObject\",\"inLanguage\":\"de\",\"@id\":\"https:\/\/rlgrips.com\/de\/#\/schema\/logo\/image\/\",\"url\":\"https:\/\/rlgrips.com\/wp-content\/uploads\/2021\/04\/RLG2SBLACK-e1617355385190.png\",\"contentUrl\":\"https:\/\/rlgrips.com\/wp-content\/uploads\/2021\/04\/RLG2SBLACK-e1617355385190.png\",\"width\":128,\"height\":60,\"caption\":\"RL Grips\u2122\"},\"image\":{\"@id\":\"https:\/\/rlgrips.com\/de\/#\/schema\/logo\/image\/\"}}]}<\/script>\n<!-- \/ Yoast SEO plugin. -->","yoast_head_json":{"title":"Ges\u00e4\u00dfb\u00e4nder RLG Glute Bands | RL Grips","description":"St\u00e4rken Sie Ihre Ges\u00e4\u00dfmuskeln mit RLG Glute Bands. Mit unserem 3er-Set von Gluteb\u00e4ndern ist es nicht schwer, Ihre Beine zu straffen und zu festigen. M\u00f6chten Sie es ausprobieren?","robots":{"index":"index","follow":"follow","max-snippet":"max-snippet:-1","max-image-preview":"max-image-preview:large","max-video-preview":"max-video-preview:-1"},"canonical":"https:\/\/rlgrips.com\/de\/tienda\/rlg-glute-bands-gesaessbaender\/","og_locale":"de_DE","og_type":"article","og_title":"Ges\u00e4\u00dfb\u00e4nder RLG Glute Bands | RL Grips","og_description":"St\u00e4rken Sie Ihre Ges\u00e4\u00dfmuskeln mit RLG Glute Bands. Mit unserem 3er-Set von Gluteb\u00e4ndern ist es nicht schwer, Ihre Beine zu straffen und zu festigen. M\u00f6chten Sie es ausprobieren?","og_url":"https:\/\/rlgrips.com\/de\/tienda\/rlg-glute-bands-gesaessbaender\/","og_site_name":"RL Grips","article_modified_time":"2025-11-14T16:18:03+00:00","og_image":[{"width":900,"height":900,"url":"https:\/\/rlgrips.com\/wp-content\/uploads\/2021\/05\/GBANDS_TELA_5.jpg","type":"image\/jpeg"}],"twitter_card":"summary_large_image","twitter_misc":{"Gesch\u00e4tzte Lesezeit":"2\u00a0Minuten"},"schema":{"@context":"https:\/\/schema.org","@graph":[{"@type":"WebPage","@id":"https:\/\/rlgrips.com\/de\/tienda\/rlg-glute-bands-gesaessbaender\/","url":"https:\/\/rlgrips.com\/de\/tienda\/rlg-glute-bands-gesaessbaender\/","name":"Ges\u00e4\u00dfb\u00e4nder RLG Glute Bands | RL Grips","isPartOf":{"@id":"https:\/\/rlgrips.com\/de\/#website"},"primaryImageOfPage":{"@id":"https:\/\/rlgrips.com\/de\/tienda\/rlg-glute-bands-gesaessbaender\/#primaryimage"},"image":{"@id":"https:\/\/rlgrips.com\/de\/tienda\/rlg-glute-bands-gesaessbaender\/#primaryimage"},"thumbnailUrl":"https:\/\/rlgrips.com\/wp-content\/uploads\/2021\/05\/GBANDS_TELA_5.jpg","datePublished":"2021-05-18T18:41:52+00:00","dateModified":"2025-11-14T16:18:03+00:00","description":"St\u00e4rken Sie Ihre Ges\u00e4\u00dfmuskeln mit RLG Glute Bands. Mit unserem 3er-Set von Gluteb\u00e4ndern ist es nicht schwer, Ihre Beine zu straffen und zu festigen. M\u00f6chten Sie es ausprobieren?","breadcrumb":{"@id":"https:\/\/rlgrips.com\/de\/tienda\/rlg-glute-bands-gesaessbaender\/#breadcrumb"},"inLanguage":"de","potentialAction":[{"@type":"ReadAction","target":["https:\/\/rlgrips.com\/de\/tienda\/rlg-glute-bands-gesaessbaender\/"]}]},{"@type":"ImageObject","inLanguage":"de","@id":"https:\/\/rlgrips.com\/de\/tienda\/rlg-glute-bands-gesaessbaender\/#primaryimage","url":"https:\/\/rlgrips.com\/wp-content\/uploads\/2021\/05\/GBANDS_TELA_5.jpg","contentUrl":"https:\/\/rlgrips.com\/wp-content\/uploads\/2021\/05\/GBANDS_TELA_5.jpg","width":900,"height":900},{"@type":"BreadcrumbList","@id":"https:\/\/rlgrips.com\/de\/tienda\/rlg-glute-bands-gesaessbaender\/#breadcrumb","itemListElement":[{"@type":"ListItem","position":1,"name":"Portada","item":"https:\/\/rlgrips.com\/de\/startseite\/"},{"@type":"ListItem","position":2,"name":"Shop","item":"https:\/\/rlgrips.com\/de\/shop\/"},{"@type":"ListItem","position":3,"name":"RLG Glute Bands &#8211; Ges\u00e4\u00dfb\u00e4nder"}]},{"@type":"WebSite","@id":"https:\/\/rlgrips.com\/de\/#website","url":"https:\/\/rlgrips.com\/de\/","name":"RL Grips","description":"Equipamiento y Accesorios de Entrenamiento","publisher":{"@id":"https:\/\/rlgrips.com\/de\/#organization"},"potentialAction":[{"@type":"SearchAction","target":{"@type":"EntryPoint","urlTemplate":"https:\/\/rlgrips.com\/de\/?s={search_term_string}"},"query-input":{"@type":"PropertyValueSpecification","valueRequired":true,"valueName":"search_term_string"}}],"inLanguage":"de"},{"@type":"Organization","@id":"https:\/\/rlgrips.com\/de\/#organization","name":"RL Grips\u2122","url":"https:\/\/rlgrips.com\/de\/","logo":{"@type":"ImageObject","inLanguage":"de","@id":"https:\/\/rlgrips.com\/de\/#\/schema\/logo\/image\/","url":"https:\/\/rlgrips.com\/wp-content\/uploads\/2021\/04\/RLG2SBLACK-e1617355385190.png","contentUrl":"https:\/\/rlgrips.com\/wp-content\/uploads\/2021\/04\/RLG2SBLACK-e1617355385190.png","width":128,"height":60,"caption":"RL Grips\u2122"},"image":{"@id":"https:\/\/rlgrips.com\/de\/#\/schema\/logo\/image\/"}}]}},"_links":{"self":[{"href":"https:\/\/rlgrips.com\/de\/wp-json\/wp\/v2\/product\/17178","targetHints":{"allow":["GET"]}}],"collection":[{"href":"https:\/\/rlgrips.com\/de\/wp-json\/wp\/v2\/product"}],"about":[{"href":"https:\/\/rlgrips.com\/de\/wp-json\/wp\/v2\/types\/product"}],"version-history":[{"count":0,"href":"https:\/\/rlgrips.com\/de\/wp-json\/wp\/v2\/product\/17178\/revisions"}],"wp:featuredmedia":[{"embeddable":true,"href":"https:\/\/rlgrips.com\/de\/wp-json\/wp\/v2\/media\/14713"}],"wp:attachment":[{"href":"https:\/\/rlgrips.com\/de\/wp-json\/wp\/v2\/media?parent=17178"}],"wp:term":[{"taxonomy":"product_brand","embeddable":true,"href":"https:\/\/rlgrips.com\/de\/wp-json\/wp\/v2\/product_brand?post=17178"},{"taxonomy":"product_cat","embeddable":true,"href":"https:\/\/rlgrips.com\/de\/wp-json\/wp\/v2\/product_cat?post=17178"},{"taxonomy":"product_tag","embeddable":true,"href":"https:\/\/rlgrips.com\/de\/wp-json\/wp\/v2\/product_tag?post=17178"}],"curies":[{"name":"wp","href":"https:\/\/api.w.org\/{rel}","templated":true}]}}