{"id":17286,"date":"2020-12-31T14:41:41","date_gmt":"2020-12-31T13:41:41","guid":{"rendered":"https:\/\/rlgrips.com\/datenschutzbestimmungen\/"},"modified":"2024-08-09T14:03:04","modified_gmt":"2024-08-09T12:03:04","slug":"datenschutzbestimmungen","status":"publish","type":"page","link":"https:\/\/rlgrips.com\/de\/datenschutzbestimmungen\/","title":{"rendered":"Datenschutzbestimmungen"},"content":{"rendered":"\t\t<div data-elementor-type=\"wp-page\" data-elementor-id=\"17286\" class=\"elementor elementor-17286 elementor-3\" data-elementor-post-type=\"page\">\n\t\t\t\t\t\t<section class=\"elementor-section elementor-top-section elementor-element elementor-element-12cd03aa elementor-section-height-min-height elementor-section-full_width elementor-section-items-stretch elementor-section-height-default\" data-id=\"12cd03aa\" data-element_type=\"section\" data-settings=\"{&quot;background_background&quot;:&quot;classic&quot;,&quot;jet_parallax_layout_list&quot;:[]}\">\n\t\t\t\t\t\t\t<div class=\"elementor-background-overlay\"><\/div>\n\t\t\t\t\t\t\t<div class=\"elementor-container elementor-column-gap-default\">\n\t\t\t\t\t<div class=\"elementor-column elementor-col-100 elementor-top-column elementor-element elementor-element-1cceb69d\" data-id=\"1cceb69d\" data-element_type=\"column\">\n\t\t\t<div class=\"elementor-widget-wrap elementor-element-populated\">\n\t\t\t\t\t\t<div class=\"elementor-element elementor-element-33bb2632 elementor-widget elementor-widget-heading\" data-id=\"33bb2632\" data-element_type=\"widget\" data-widget_type=\"heading.default\">\n\t\t\t\t<div class=\"elementor-widget-container\">\n\t\t\t\t\t<h1 class=\"elementor-heading-title elementor-size-default\">Datenschutzbestimmungen<\/h1>\t\t\t\t<\/div>\n\t\t\t\t<\/div>\n\t\t\t\t\t<\/div>\n\t\t<\/div>\n\t\t\t\t\t<\/div>\n\t\t<\/section>\n\t\t\t\t<section class=\"elementor-section elementor-top-section elementor-element elementor-element-3f54432 elementor-section-boxed elementor-section-height-default elementor-section-height-default\" data-id=\"3f54432\" data-element_type=\"section\" data-settings=\"{&quot;jet_parallax_layout_list&quot;:[]}\">\n\t\t\t\t\t\t<div class=\"elementor-container elementor-column-gap-default\">\n\t\t\t\t\t<div class=\"elementor-column elementor-col-100 elementor-top-column elementor-element elementor-element-322fcf3\" data-id=\"322fcf3\" data-element_type=\"column\">\n\t\t\t<div class=\"elementor-widget-wrap elementor-element-populated\">\n\t\t\t\t\t\t<div class=\"elementor-element elementor-element-fd69db4 elementor-widget elementor-widget-text-editor\" data-id=\"fd69db4\" data-element_type=\"widget\" data-widget_type=\"text-editor.default\">\n\t\t\t\t<div class=\"elementor-widget-container\">\n\t\t\t\t\t\t\t\t\t<h2><b>1. Einleitung<\/b><\/h2>\n<p>Wenn Sie hier sind, dann deshalb, weil Sie mehr \u00fcber Ihre Pflichten und Rechte als Nutzer dieser Website <b>https:\/\/rlgrips.com<\/b> erfahren m\u00f6chten, und das ist gut so. Unsere Pflicht ist es, Sie zu informieren und Ihre ist es, richtig informiert zu werden.<\/p>\n<p>In dieser Datenschutzerkl\u00e4rung informieren wir Sie in aller Transparenz \u00fcber den Zweck dieser Website und alles, was die Daten betrifft, die Sie uns zur Verf\u00fcgung stellen, sowie \u00fcber die Pflichten und Rechte, die Ihnen zustehen.<\/p>\n<p>Zun\u00e4chst sollten Sie wissen, dass diese Website an die geltenden Datenschutzbestimmungen angepasst ist. Dies betrifft die personenbezogenen Daten, die Sie uns mit Ihrer ausdr\u00fccklichen Zustimmung zur Verf\u00fcgung stellen, sowie die Cookies, die wir verwenden, damit diese Website korrekt funktionieren und ihre T\u00e4tigkeit aus\u00fcben kann.<\/p>\n<p>Insbesondere entspricht diese Website den folgenden Bestimmungen:<\/p>\n<p>Die <b>DSGVO <\/b><b>(Verordnung (EU) 2016\/679 des Europ\u00e4ischen Parlaments und des Rates vom 27. April 2016 zum Schutz nat\u00fcrlicher Personen<\/b>) ist die neue Verordnung der Europ\u00e4ischen Union, die die Verarbeitung personenbezogener Daten in den verschiedenen EU-L\u00e4ndern einheitlich regelt.<\/p>\n<div class=\"banner desktop\">\n<div class=\" \"> <\/div>\n<\/div>\n<p>Die <b>LOPD<\/b> (<b>Organgesetz 15\/1999 vom 13. Dezember \u00fcber den Schutz personenbezogener Daten<\/b> y <b>K\u00f6niglicher Erlass 1720\/2007 vom 21. Dezember 2007, die Verordnung zur Umsetzung des LOPD.<\/b>) die die Verarbeitung personenbezogener Daten und die Verpflichtungen regelt, die die Verantwortlichen einer Website oder eines Blogs bei der Verwaltung dieser Informationen eingehen m\u00fcssen.<\/p>\n<p>Das <b>LSSI<\/b><b>(Gesetz 34\/2002 vom 11. Juli \u00fcber die Dienste der Informationsgesellschaft und den elektronischen Handel<\/b>), das die wirtschaftlichen Transaktionen auf elektronischem Wege regelt, wie im Falle dieses Blogs.<\/p>\n<h2><b>2. Daten zur Identifizierung<\/b><\/h2>\n<p>Der Verantwortliche und Eigent\u00fcmer dieser Website ist <b>RLG ECOM SL (im Folgenden der Eigent\u00fcmer)<\/b>.<\/p>\n<ul>\n<li><b>Name:<\/b> RLG ECOM SL<\/li>\n<li><b>UMSATZSTEUER-IDENTIFIKATIONSNUMMER:<\/b> B56786502<\/li>\n<li><b>Firmensitz:<\/b> C\/ Duero 33, Villaviciosa de Od\u00f3n, 28670, Madrid<\/li>\n<li><b>Website-Aktivit\u00e4ten<\/b>: Verbreitung von Inhalten zu den Themen Fitness, Ern\u00e4hrung und Gesundheit sowie E-Commerce von sportbezogenen Produkten.<\/li>\n<li><b>E-Mail<\/b>: contacto@rlgrips.com<\/li>\n<\/ul>\n<p>Die Daten, die Sie uns mit Ihrem Einverst\u00e4ndnis und in \u00dcbereinstimmung mit der in dieser Datenschutzrichtlinie festgelegten Verwendung zur Verf\u00fcgung stellen, werden in eine automatisierte Datei aufgenommen, die ordnungsgem\u00e4\u00df bei der spanischen Datenschutzbeh\u00f6rde registriert ist und f\u00fcr die folgende Person verantwortlich ist: <b>Der Inhaber<\/b>. Das bedeutet, dass Ihre Daten im Einklang mit dem Gesetz sicher sind.<\/p>\n<p>Die pers\u00f6nlichen Daten, die Sie uns zur Verf\u00fcgung stellen, werden, immer mit Ihrer ausdr\u00fccklichen Zustimmung, f\u00fcr die in dieser Datenschutzerkl\u00e4rung vorgesehenen und unten beschriebenen Zwecke gespeichert und verarbeitet, bis Sie uns bitten, sie zu l\u00f6schen.<b>.<\/b><\/p>\n<p>Wir weisen Sie darauf hin, dass diese Datenschutzerkl\u00e4rung jederzeit ge\u00e4ndert werden kann, um sie an neue Gesetze oder \u00c4nderungen unserer Aktivit\u00e4ten anzupassen, wobei stets die auf der Website ver\u00f6ffentlichte Fassung gilt. Sie werden \u00fcber jede derartige \u00c4nderung vor deren Umsetzung informiert.<\/p>\n<h2><b>3. Bedingungen f\u00fcr die Nutzung<\/b><\/h2>\n<p>Zu Ihrer Beruhigung sollten Sie wissen, dass wir Sie immer um Ihre ausdr\u00fcckliche Zustimmung zur Erfassung Ihrer Daten f\u00fcr den jeweils angegebenen Zweck bitten, was bedeutet, dass Sie, wenn Sie Ihre Zustimmung erteilen, diese Datenschutzrichtlinie gelesen und akzeptiert haben<b>.<\/b><\/p>\n<p>Wenn Sie auf diese Website zugreifen und sie nutzen, nehmen Sie Ihren Status als Nutzer mit den entsprechenden Rechten und Pflichten an.<\/p>\n<p>Wenn Sie \u00fcber 13 Jahre alt sind, k\u00f6nnen Sie sich ohne die vorherige Zustimmung Ihrer Eltern oder Ihres Vormunds als Nutzer dieser Website registrieren.<\/p>\n<p>Wenn Sie unter 13 Jahre alt sind, ben\u00f6tigen Sie die Zustimmung Ihrer Eltern oder Erziehungsberechtigten f\u00fcr die Verarbeitung Ihrer personenbezogenen Daten.<\/p>\n<h2><b>4. Registrierung und Zweck Ihrer Daten<\/b><\/h2>\n<p>Je nachdem, auf welches Formular oder welchen Bereich Sie zugreifen, fragen wir Sie nur nach den Daten, die f\u00fcr die unten beschriebenen Zwecke erforderlich sind. Sie m\u00fcssen jederzeit Ihr ausdr\u00fcckliches Einverst\u00e4ndnis geben, wenn wir Sie zu den folgenden Zwecken nach pers\u00f6nlichen Daten fragen:<\/p>\n<ul>\n<li>Die spezifischen Zwecke, die auf den einzelnen Seiten oder Abschnitten, auf denen das Registrierungs- oder elektronische Kontaktformular erscheint, besonders angegeben sind.<\/li>\n<li>Im Allgemeinen, um Ihre W\u00fcnsche, Kommentare, Fragen oder jede andere Art von Anfrage zu bearbeiten, die Sie als Nutzer \u00fcber eines der Kontaktformulare, die wir Ihnen zur Verf\u00fcgung stellen, stellen<\/li>\n<li>Um Sie \u00fcber Anfragen, W\u00fcnsche, Aktivit\u00e4ten, Produkte, Neuigkeiten und\/oder Dienstleistungen zu informieren; per E-Mail, Fax, Whatsapp, Skype, Telefon, SMS und MMS.<\/li>\n<li>Um Ihnen kommerzielle oder werbliche Mitteilungen \u00fcber andere elektronische oder physische Mittel zukommen zu lassen, die eine Kommunikation erm\u00f6glichen.<\/li>\n<\/ul>\n<p>Diese Mitteilungen beziehen sich immer auf unsere Produkte, Dienstleistungen, Neuigkeiten oder Werbeaktionen sowie auf Produkte oder Dienstleistungen, die wir als interessant f\u00fcr Sie erachten und die von Mitarbeitern, Unternehmen oder Partnern angeboten werden, mit denen wir Werbe- oder kommerzielle Kooperationsvereinbarungen getroffen haben.<\/p>\n<p>Wenn dies der Fall ist, garantieren wir, dass diese Dritten niemals Zugang zu Ihren pers\u00f6nlichen Daten haben werden, mit den unten aufgef\u00fchrten Ausnahmen, wobei diese Mitteilungen in jedem Fall von <b>The Holder als Eigent\u00fcmer der Website<\/b> stammen.<\/p>\n<p>Die verlinkten Seiten Dritter wurden weder \u00fcberpr\u00fcft, noch sind sie Gegenstand von Kontrollen oder Empfehlungen unsererseits. <b>Der Eigent\u00fcmer <\/b>kann daher in keinem Fall f\u00fcr den Inhalt dieser Websites, f\u00fcr die aus ihrer Nutzung in allen Bereichen abgeleiteten Verantwortlichkeiten oder f\u00fcr die Ma\u00dfnahmen, die in Bezug auf die Privatsph\u00e4re der Nutzer, die Verarbeitung ihrer pers\u00f6nlichen Daten oder andere festgestellte Ma\u00dfnahmen getroffen wurden, verantwortlich gemacht werden.<\/p>\n<p>Wir empfehlen Ihnen daher, alle Nutzungs- und Einkaufsbedingungen, Datenschutzrichtlinien, rechtlichen Hinweise und\/oder \u00e4hnliche Hinweise dieser verlinkten Websites im Voraus sorgf\u00e4ltig zu lesen, bevor Sie diese Websites nutzen.<\/p>\n<h2><b>5. Genauigkeit und Wahrhaftigkeit der Daten<\/b><\/h2>\n<p>Als Nutzer sind Sie allein f\u00fcr die Richtigkeit und \u00c4nderung der Daten verantwortlich, die Sie an <b>The Holder<\/b> \u00fcbermitteln, und entbinden uns von jeglicher Haftung in dieser Hinsicht.<\/p>\n<p>Mit anderen Worten: Sie sind in jedem Fall verantwortlich und haftbar f\u00fcr die Richtigkeit, G\u00fcltigkeit und Authentizit\u00e4t der angegebenen personenbezogenen Daten und verpflichten sich, diese ordnungsgem\u00e4\u00df auf dem neuesten Stand zu halten.<\/p>\n<p>Wie in dieser Datenschutzerkl\u00e4rung dargelegt, verpflichten Sie sich, vollst\u00e4ndige und korrekte Angaben im Kontakt- oder Abonnementformular zu machen.<\/p>\n<h2><b>6. Abbestellungen und Widerrufsrecht<\/b><\/h2>\n<p>Als Eigent\u00fcmer der Daten, die Sie uns zur Verf\u00fcgung gestellt haben, k\u00f6nnen Sie Ihre Rechte auf Zugang, Berichtigung, L\u00f6schung und Widerspruch jederzeit aus\u00fcben, indem Sie uns eine E-Mail an<b> contacto@rlgrips.com <\/b>schicken und eine Fotokopie Ihres Ausweises als g\u00fcltigen Nachweis beif\u00fcgen.<\/p>\n<p>Ebenso k\u00f6nnen Sie sich jederzeit abmelden, um unseren Newsletter oder andere kommerzielle Mitteilungen nicht mehr zu erhalten, und zwar direkt \u00fcber dieselbe E-Mail, die Sie erhalten haben, oder indem Sie uns eine E-Mail an <b>contacto@rlgrips.com schicken.<\/b><\/p>\n<h2><b>7. Zugriff auf Daten im Namen Dritter<\/b><\/h2>\n<p>Um Dienstleistungen zu erbringen, die f\u00fcr den Betrieb und die Entwicklung der Aktivit\u00e4ten dieser Website unbedingt erforderlich sind, informieren wir Sie, dass wir Daten mit den folgenden Dienstleistern unter deren entsprechenden Datenschutzbedingungen austauschen.<\/p>\n<p>Sie k\u00f6nnen sicher sein, dass diese Dritten diese Informationen nicht f\u00fcr Zwecke verwenden d\u00fcrfen, die in unseren Beziehungen zu ihnen nicht ausdr\u00fccklich durch die geltenden Gesetze zum Schutz personenbezogener Daten geregelt sind.<\/p>\n<p>Diese Website wird von <b>https:\/\/sered.net\/ unter<\/b> der Marke <b>Sered Hosting Professional<\/b> gehostet, die Ihnen die Hosting-Dienste zur Verf\u00fcgung stellt, damit Sie auf unsere Website zugreifen und sie durchsuchen k\u00f6nnen. Sie k\u00f6nnen die Datenschutzbestimmungen und andere rechtliche Aspekte dieses Unternehmens unter folgendem Link einsehen: <b>https:\/\/sered.net\/politica-de-privacidad.<\/b><\/p>\n<p>Unsere Website verwendet Ad-Server, um die kommerziellen Inhalte, die Sie auf unseren Seiten sehen, zu erm\u00f6glichen. Diese Anzeigenserver verwenden Cookies, damit sie Werbeinhalte auf die demografischen Profile der Nutzer abstimmen k\u00f6nnen:<\/p>\n<p><b>Google Analytics:<\/b><\/p>\n<p>Google Analytics ist ein Webanalysedienst von Google, Inc. mit Hauptsitz in 1600 Amphitheatre Parkway, Mountain View (Kalifornien), CA 94043, Vereinigte Staaten (&#8220;Google&#8221;).<\/p>\n<p>Google Analytics verwendet sog. &#8220;Cookies&#8221;, d.h. Textdateien, die auf Ihrem Computer gespeichert werden und die eine Analyse der Benutzung der Website durch Sie erm\u00f6glichen.<\/p>\n<p>Die von dem Cookie erzeugten Informationen \u00fcber Ihre Nutzung der Website (einschlie\u00dflich Ihrer IP-Adresse) werden an Google \u00fcbertragen und dort gespeichert. Google wird diese Informationen in unserem Auftrag benutzen, um Ihre Nutzung der Website auszuwerten, um Reports \u00fcber die Websiteaktivit\u00e4ten f\u00fcr die Websitebetreiber zusammenzustellen und um weitere mit der Websitenutzung und der Internetnutzung verbundene Dienstleistungen zu erbringen.<\/p>\n<p>Auch wird Google diese Informationen gegebenenfalls an Dritte \u00fcbertragen, sofern dies gesetzlich vorgeschrieben oder soweit Dritte diese Daten im Auftrag von Google verarbeiten. Google wird Ihre IP-Adresse nicht mit anderen von Google gespeicherten Daten in Verbindung bringen.<\/p>\n<p>Als Nutzer und in Aus\u00fcbung Ihrer Rechte k\u00f6nnen Sie die Verarbeitung von Daten oder Informationen verweigern, indem Sie die Verwendung von Cookies ablehnen, indem Sie die entsprechenden Einstellungen in Ihrem Browser vornehmen.<\/p>\n<p>Durch die Nutzung dieser Website erkl\u00e4ren Sie sich mit der Bearbeitung der \u00fcber Sie erhobenen Daten durch Google in der zuvor beschriebenen Art und Weise und zu dem zuvor benannten Zweck einverstanden.  <\/p>\n<p><b> <\/b>Weitere Informationen finden Sie in den Datenschutzbestimmungen von Google unter<a href=\"https:\/\/www.google.com\/intl\/es\/policies\/privacy\/\">https:\/\/www.google.com\/intl\/es\/policies\/privacy\/.<\/a><\/p>\n<p><b>Google Adsense:<\/b><\/p>\n<p>Google, als Drittanbieter, verwendet Cookies, um Anzeigen auf dieser Website zu schalten. Sie k\u00f6nnen die Verwendung des DART-Cookies deaktivieren, indem Sie die Google-Anzeige aufrufen und auf die Datenschutzbestimmungen des Content-Netzwerks zugreifen: <a href=\"https:\/\/www.google.com\/intl\/es\/policies\/privacy\/\">https:\/\/www.google.com\/intl\/es\/policies\/privacy\/.<\/a><\/p>\n<p>Google nutzt Werbepartner, um Anzeigen zu schalten, wenn Sie unsere Website besuchen. Diese Unternehmen k\u00f6nnen die Informationen, die sie bei Ihren Besuchen auf dieser und anderen Websites sammeln (dies schlie\u00dft nicht Ihren Namen, Ihre Adresse, E-Mail-Adresse oder Telefonnummer ein), verwenden, um Ihnen Werbung f\u00fcr Produkte und Dienstleistungen zukommen zu lassen, die Sie interessieren.  <\/p>\n<p>Durch die Nutzung dieser Website erkl\u00e4ren Sie sich mit der Bearbeitung der \u00fcber Sie erhobenen Daten durch Google in der zuvor beschriebenen Art und Weise und zu dem zuvor benannten Zweck einverstanden.<\/p>\n<p>Wenn Sie mehr \u00fcber unsere Verwendung von Cookies und die Praktiken der Datenerfassung erfahren m\u00f6chten, lesen Sie bitte unsere <a href=\"https:\/\/rlgrips.com\/de\/cookie-richtlinie\/\">COOKIE-POLITIK<\/a>.<\/p>\n<h2><b>8. Sicherheitsma\u00dfnahmen<\/b><\/h2>\n<p><b>Der Inhaber<\/b> hat als Eigent\u00fcmer der Website alle notwendigen technischen und organisatorischen Ma\u00dfnahmen ergriffen, um die Sicherheit und Integrit\u00e4t der von ihm verarbeiteten personenbezogenen Daten zu gew\u00e4hrleisten und deren Verlust, Ver\u00e4nderung und\/oder Zugriff durch unbefugte Dritte zu verhindern.  <\/p>\n<p>Wir erinnern Sie daran, dass Sie f\u00fcr weitere Informationen unsere Seiten <b><a href=\"https:\/\/rlgrips.com\/de\/rechtlicher-hinweis\/\">Rechtliche Hinweise<\/a>, Allgemeine <a href=\"https:\/\/rlgrips.com\/terminos-y-condiciones\/\">Gesch\u00e4ftsbedingungen<\/a> und <a href=\"https:\/\/rlgrips.com\/de\/cookie-richtlinie\/\">Cookies Policy<\/a><\/b> konsultieren k\u00f6nnen.<\/p>\n\t\t\t\t\t\t\t\t<\/div>\n\t\t\t\t<\/div>\n\t\t\t\t\t<\/div>\n\t\t<\/div>\n\t\t\t\t\t<\/div>\n\t\t<\/section>\n\t\t\t\t<\/div>\n\t\t","protected":false},"excerpt":{"rendered":"<p>Datenschutzbestimmungen 1. Einleitung Wenn Sie hier sind, dann deshalb, weil Sie mehr \u00fcber Ihre Pflichten und Rechte als Nutzer dieser Website https:\/\/rlgrips.com erfahren m\u00f6chten, und das ist gut so. Unsere Pflicht ist es, Sie zu informieren und Ihre ist es, richtig informiert zu werden. In dieser Datenschutzerkl\u00e4rung informieren wir Sie in aller Transparenz \u00fcber den [&hellip;]<\/p>\n","protected":false},"author":1,"featured_media":0,"parent":0,"menu_order":0,"comment_status":"closed","ping_status":"open","template":"","meta":{"_acf_changed":false,"site-sidebar-layout":"default","site-content-layout":"page-builder","ast-site-content-layout":"default","site-content-style":"default","site-sidebar-style":"default","ast-global-header-display":"","ast-banner-title-visibility":"","ast-main-header-display":"","ast-hfb-above-header-display":"","ast-hfb-below-header-display":"","ast-hfb-mobile-header-display":"","site-post-title":"disabled","ast-breadcrumbs-content":"","ast-featured-img":"","footer-sml-layout":"","ast-disable-related-posts":"","theme-transparent-header-meta":"default","adv-header-id-meta":"","stick-header-meta":"","header-above-stick-meta":"","header-main-stick-meta":"","header-below-stick-meta":"","astra-migrate-meta-layouts":"default","ast-page-background-enabled":"default","ast-page-background-meta":{"desktop":{"background-color":"","background-image":"","background-repeat":"repeat","background-position":"center center","background-size":"auto","background-attachment":"scroll","background-type":"","background-media":"","overlay-type":"","overlay-color":"","overlay-opacity":"","overlay-gradient":""},"tablet":{"background-color":"","background-image":"","background-repeat":"repeat","background-position":"center center","background-size":"auto","background-attachment":"scroll","background-type":"","background-media":"","overlay-type":"","overlay-color":"","overlay-opacity":"","overlay-gradient":""},"mobile":{"background-color":"","background-image":"","background-repeat":"repeat","background-position":"center center","background-size":"auto","background-attachment":"scroll","background-type":"","background-media":"","overlay-type":"","overlay-color":"","overlay-opacity":"","overlay-gradient":""}},"ast-content-background-meta":{"desktop":{"background-color":"var(--ast-global-color-5)","background-image":"","background-repeat":"repeat","background-position":"center center","background-size":"auto","background-attachment":"scroll","background-type":"","background-media":"","overlay-type":"","overlay-color":"","overlay-opacity":"","overlay-gradient":""},"tablet":{"background-color":"var(--ast-global-color-5)","background-image":"","background-repeat":"repeat","background-position":"center center","background-size":"auto","background-attachment":"scroll","background-type":"","background-media":"","overlay-type":"","overlay-color":"","overlay-opacity":"","overlay-gradient":""},"mobile":{"background-color":"var(--ast-global-color-5)","background-image":"","background-repeat":"repeat","background-position":"center center","background-size":"auto","background-attachment":"scroll","background-type":"","background-media":"","overlay-type":"","overlay-color":"","overlay-opacity":"","overlay-gradient":""}},"footnotes":""},"class_list":["post-17286","page","type-page","status-publish","hentry"],"acf":[],"yoast_head":"<!-- This site is optimized with the Yoast SEO plugin v26.5 - https:\/\/yoast.com\/wordpress\/plugins\/seo\/ -->\n<title>Datenschutzbestimmungen | RL Grips<\/title>\n<meta name=\"robots\" content=\"noindex, nofollow\" \/>\n<meta property=\"og:locale\" content=\"de_DE\" \/>\n<meta property=\"og:type\" content=\"article\" \/>\n<meta property=\"og:title\" content=\"Datenschutzbestimmungen | RL Grips\" \/>\n<meta property=\"og:description\" content=\"Datenschutzbestimmungen 1. Einleitung Wenn Sie hier sind, dann deshalb, weil Sie mehr \u00fcber Ihre Pflichten und Rechte als Nutzer dieser Website https:\/\/rlgrips.com erfahren m\u00f6chten, und das ist gut so. Unsere Pflicht ist es, Sie zu informieren und Ihre ist es, richtig informiert zu werden. In dieser Datenschutzerkl\u00e4rung informieren wir Sie in aller Transparenz \u00fcber den [&hellip;]\" \/>\n<meta property=\"og:url\" content=\"https:\/\/rlgrips.com\/de\/datenschutzbestimmungen\/\" \/>\n<meta property=\"og:site_name\" content=\"RL Grips\" \/>\n<meta property=\"article:modified_time\" content=\"2024-08-09T12:03:04+00:00\" \/>\n<meta name=\"twitter:card\" content=\"summary_large_image\" \/>\n<meta name=\"twitter:label1\" content=\"Gesch\u00e4tzte Lesezeit\" \/>\n\t<meta name=\"twitter:data1\" content=\"8\u00a0Minuten\" \/>\n<script type=\"application\/ld+json\" class=\"yoast-schema-graph\">{\"@context\":\"https:\/\/schema.org\",\"@graph\":[{\"@type\":\"WebPage\",\"@id\":\"https:\/\/rlgrips.com\/de\/datenschutzbestimmungen\/\",\"url\":\"https:\/\/rlgrips.com\/de\/datenschutzbestimmungen\/\",\"name\":\"Datenschutzbestimmungen | RL Grips\",\"isPartOf\":{\"@id\":\"https:\/\/rlgrips.com\/de\/#website\"},\"datePublished\":\"2020-12-31T13:41:41+00:00\",\"dateModified\":\"2024-08-09T12:03:04+00:00\",\"breadcrumb\":{\"@id\":\"https:\/\/rlgrips.com\/de\/datenschutzbestimmungen\/#breadcrumb\"},\"inLanguage\":\"de\",\"potentialAction\":[{\"@type\":\"ReadAction\",\"target\":[\"https:\/\/rlgrips.com\/de\/datenschutzbestimmungen\/\"]}]},{\"@type\":\"BreadcrumbList\",\"@id\":\"https:\/\/rlgrips.com\/de\/datenschutzbestimmungen\/#breadcrumb\",\"itemListElement\":[{\"@type\":\"ListItem\",\"position\":1,\"name\":\"Portada\",\"item\":\"https:\/\/rlgrips.com\/de\/startseite\/\"},{\"@type\":\"ListItem\",\"position\":2,\"name\":\"Datenschutzbestimmungen\"}]},{\"@type\":\"WebSite\",\"@id\":\"https:\/\/rlgrips.com\/de\/#website\",\"url\":\"https:\/\/rlgrips.com\/de\/\",\"name\":\"RL Grips\",\"description\":\"Equipamiento y Accesorios de Entrenamiento\",\"publisher\":{\"@id\":\"https:\/\/rlgrips.com\/de\/#organization\"},\"potentialAction\":[{\"@type\":\"SearchAction\",\"target\":{\"@type\":\"EntryPoint\",\"urlTemplate\":\"https:\/\/rlgrips.com\/de\/?s={search_term_string}\"},\"query-input\":{\"@type\":\"PropertyValueSpecification\",\"valueRequired\":true,\"valueName\":\"search_term_string\"}}],\"inLanguage\":\"de\"},{\"@type\":\"Organization\",\"@id\":\"https:\/\/rlgrips.com\/de\/#organization\",\"name\":\"RL Grips\u2122\",\"url\":\"https:\/\/rlgrips.com\/de\/\",\"logo\":{\"@type\":\"ImageObject\",\"inLanguage\":\"de\",\"@id\":\"https:\/\/rlgrips.com\/de\/#\/schema\/logo\/image\/\",\"url\":\"https:\/\/rlgrips.com\/wp-content\/uploads\/2021\/04\/RLG2SBLACK-e1617355385190.png\",\"contentUrl\":\"https:\/\/rlgrips.com\/wp-content\/uploads\/2021\/04\/RLG2SBLACK-e1617355385190.png\",\"width\":128,\"height\":60,\"caption\":\"RL Grips\u2122\"},\"image\":{\"@id\":\"https:\/\/rlgrips.com\/de\/#\/schema\/logo\/image\/\"}}]}<\/script>\n<!-- \/ Yoast SEO plugin. -->","yoast_head_json":{"title":"Datenschutzbestimmungen | RL Grips","robots":{"index":"noindex","follow":"nofollow"},"og_locale":"de_DE","og_type":"article","og_title":"Datenschutzbestimmungen | RL Grips","og_description":"Datenschutzbestimmungen 1. Einleitung Wenn Sie hier sind, dann deshalb, weil Sie mehr \u00fcber Ihre Pflichten und Rechte als Nutzer dieser Website https:\/\/rlgrips.com erfahren m\u00f6chten, und das ist gut so. Unsere Pflicht ist es, Sie zu informieren und Ihre ist es, richtig informiert zu werden. In dieser Datenschutzerkl\u00e4rung informieren wir Sie in aller Transparenz \u00fcber den [&hellip;]","og_url":"https:\/\/rlgrips.com\/de\/datenschutzbestimmungen\/","og_site_name":"RL Grips","article_modified_time":"2024-08-09T12:03:04+00:00","twitter_card":"summary_large_image","twitter_misc":{"Gesch\u00e4tzte Lesezeit":"8\u00a0Minuten"},"schema":{"@context":"https:\/\/schema.org","@graph":[{"@type":"WebPage","@id":"https:\/\/rlgrips.com\/de\/datenschutzbestimmungen\/","url":"https:\/\/rlgrips.com\/de\/datenschutzbestimmungen\/","name":"Datenschutzbestimmungen | RL Grips","isPartOf":{"@id":"https:\/\/rlgrips.com\/de\/#website"},"datePublished":"2020-12-31T13:41:41+00:00","dateModified":"2024-08-09T12:03:04+00:00","breadcrumb":{"@id":"https:\/\/rlgrips.com\/de\/datenschutzbestimmungen\/#breadcrumb"},"inLanguage":"de","potentialAction":[{"@type":"ReadAction","target":["https:\/\/rlgrips.com\/de\/datenschutzbestimmungen\/"]}]},{"@type":"BreadcrumbList","@id":"https:\/\/rlgrips.com\/de\/datenschutzbestimmungen\/#breadcrumb","itemListElement":[{"@type":"ListItem","position":1,"name":"Portada","item":"https:\/\/rlgrips.com\/de\/startseite\/"},{"@type":"ListItem","position":2,"name":"Datenschutzbestimmungen"}]},{"@type":"WebSite","@id":"https:\/\/rlgrips.com\/de\/#website","url":"https:\/\/rlgrips.com\/de\/","name":"RL Grips","description":"Equipamiento y Accesorios de Entrenamiento","publisher":{"@id":"https:\/\/rlgrips.com\/de\/#organization"},"potentialAction":[{"@type":"SearchAction","target":{"@type":"EntryPoint","urlTemplate":"https:\/\/rlgrips.com\/de\/?s={search_term_string}"},"query-input":{"@type":"PropertyValueSpecification","valueRequired":true,"valueName":"search_term_string"}}],"inLanguage":"de"},{"@type":"Organization","@id":"https:\/\/rlgrips.com\/de\/#organization","name":"RL Grips\u2122","url":"https:\/\/rlgrips.com\/de\/","logo":{"@type":"ImageObject","inLanguage":"de","@id":"https:\/\/rlgrips.com\/de\/#\/schema\/logo\/image\/","url":"https:\/\/rlgrips.com\/wp-content\/uploads\/2021\/04\/RLG2SBLACK-e1617355385190.png","contentUrl":"https:\/\/rlgrips.com\/wp-content\/uploads\/2021\/04\/RLG2SBLACK-e1617355385190.png","width":128,"height":60,"caption":"RL Grips\u2122"},"image":{"@id":"https:\/\/rlgrips.com\/de\/#\/schema\/logo\/image\/"}}]}},"_links":{"self":[{"href":"https:\/\/rlgrips.com\/de\/wp-json\/wp\/v2\/pages\/17286","targetHints":{"allow":["GET"]}}],"collection":[{"href":"https:\/\/rlgrips.com\/de\/wp-json\/wp\/v2\/pages"}],"about":[{"href":"https:\/\/rlgrips.com\/de\/wp-json\/wp\/v2\/types\/page"}],"author":[{"embeddable":true,"href":"https:\/\/rlgrips.com\/de\/wp-json\/wp\/v2\/users\/1"}],"replies":[{"embeddable":true,"href":"https:\/\/rlgrips.com\/de\/wp-json\/wp\/v2\/comments?post=17286"}],"version-history":[{"count":0,"href":"https:\/\/rlgrips.com\/de\/wp-json\/wp\/v2\/pages\/17286\/revisions"}],"wp:attachment":[{"href":"https:\/\/rlgrips.com\/de\/wp-json\/wp\/v2\/media?parent=17286"}],"curies":[{"name":"wp","href":"https:\/\/api.w.org\/{rel}","templated":true}]}}