{"id":17282,"date":"2023-02-23T11:42:14","date_gmt":"2023-02-23T10:42:14","guid":{"rendered":"https:\/\/rlgrips.com\/zahlungsarten\/"},"modified":"2024-08-09T13:49:37","modified_gmt":"2024-08-09T11:49:37","slug":"zahlungsarten","status":"publish","type":"page","link":"https:\/\/rlgrips.com\/de\/zahlungsarten\/","title":{"rendered":"Zahlungsarten"},"content":{"rendered":"\t\t<div data-elementor-type=\"wp-page\" data-elementor-id=\"17282\" class=\"elementor elementor-17282 elementor-10067\" data-elementor-post-type=\"page\">\n\t\t\t\t\t\t<section class=\"elementor-section elementor-top-section elementor-element elementor-element-2a06847 elementor-section-height-min-height elementor-section-full_width elementor-section-items-stretch elementor-section-height-default\" data-id=\"2a06847\" data-element_type=\"section\" data-settings=\"{&quot;background_background&quot;:&quot;classic&quot;,&quot;jet_parallax_layout_list&quot;:[]}\">\n\t\t\t\t\t\t\t<div class=\"elementor-background-overlay\"><\/div>\n\t\t\t\t\t\t\t<div class=\"elementor-container elementor-column-gap-default\">\n\t\t\t\t\t<div class=\"elementor-column elementor-col-100 elementor-top-column elementor-element elementor-element-afa7018\" data-id=\"afa7018\" data-element_type=\"column\">\n\t\t\t<div class=\"elementor-widget-wrap elementor-element-populated\">\n\t\t\t\t\t\t<div class=\"elementor-element elementor-element-9e0c784 elementor-widget elementor-widget-heading\" data-id=\"9e0c784\" data-element_type=\"widget\" data-widget_type=\"heading.default\">\n\t\t\t\t<div class=\"elementor-widget-container\">\n\t\t\t\t\t<h1 class=\"elementor-heading-title elementor-size-default\">Zahlungsarten<\/h1>\t\t\t\t<\/div>\n\t\t\t\t<\/div>\n\t\t\t\t\t<\/div>\n\t\t<\/div>\n\t\t\t\t\t<\/div>\n\t\t<\/section>\n\t\t\t\t<section class=\"elementor-section elementor-top-section elementor-element elementor-element-0e1c094 elementor-section-boxed elementor-section-height-default elementor-section-height-default\" data-id=\"0e1c094\" data-element_type=\"section\" data-settings=\"{&quot;jet_parallax_layout_list&quot;:[]}\">\n\t\t\t\t\t\t<div class=\"elementor-container elementor-column-gap-default\">\n\t\t\t\t\t<div class=\"elementor-column elementor-col-100 elementor-top-column elementor-element elementor-element-ae317d0\" data-id=\"ae317d0\" data-element_type=\"column\">\n\t\t\t<div class=\"elementor-widget-wrap elementor-element-populated\">\n\t\t\t\t\t\t<div class=\"elementor-element elementor-element-4cb2dcd elementor-widget elementor-widget-spacer\" data-id=\"4cb2dcd\" data-element_type=\"widget\" data-widget_type=\"spacer.default\">\n\t\t\t\t<div class=\"elementor-widget-container\">\n\t\t\t\t\t\t\t<div class=\"elementor-spacer\">\n\t\t\t<div class=\"elementor-spacer-inner\"><\/div>\n\t\t<\/div>\n\t\t\t\t\t\t<\/div>\n\t\t\t\t<\/div>\n\t\t\t\t<div class=\"elementor-element elementor-element-b928296 elementor-widget elementor-widget-text-editor\" data-id=\"b928296\" data-element_type=\"widget\" data-widget_type=\"text-editor.default\">\n\t\t\t\t<div class=\"elementor-widget-container\">\n\t\t\t\t\t\t\t\t\t<h3 style=\"text-align: center;\">INFORMATIONEN \u00dcBER ZAHLUNGSM\u00d6GLICHKEITEN<\/h3>\n<p>Bei <b>RLGRIPS.COM<\/b> bieten wir Ihnen verschiedene Zahlungsm\u00f6glichkeiten an, so dass Sie diejenige w\u00e4hlen k\u00f6nnen, die Ihren W\u00fcnschen und Bed\u00fcrfnissen am besten entspricht:<\/p>\n\t\t\t\t\t\t\t\t<\/div>\n\t\t\t\t<\/div>\n\t\t\t\t<section class=\"elementor-section elementor-inner-section elementor-element elementor-element-95182c9 elementor-section-boxed elementor-section-height-default elementor-section-height-default\" data-id=\"95182c9\" data-element_type=\"section\" data-settings=\"{&quot;jet_parallax_layout_list&quot;:[]}\">\n\t\t\t\t\t\t<div class=\"elementor-container elementor-column-gap-default\">\n\t\t\t\t\t<div class=\"elementor-column elementor-col-25 elementor-inner-column elementor-element elementor-element-20b2563\" data-id=\"20b2563\" data-element_type=\"column\">\n\t\t\t<div class=\"elementor-widget-wrap elementor-element-populated\">\n\t\t\t\t\t\t<div class=\"elementor-element elementor-element-d973cda elementor-position-left elementor-vertical-align-top elementor-widget elementor-widget-image-box\" data-id=\"d973cda\" data-element_type=\"widget\" data-widget_type=\"image-box.default\">\n\t\t\t\t<div class=\"elementor-widget-container\">\n\t\t\t\t\t<div class=\"elementor-image-box-wrapper\"><figure class=\"elementor-image-box-img\"><img decoding=\"async\" width=\"300\" height=\"139\" src=\"https:\/\/rlgrips.com\/wp-content\/uploads\/2023\/02\/5842a8e9a6515b1e0ad75b01-300x139.png\" class=\"attachment-medium size-medium wp-image-15690\" alt=\"\" srcset=\"https:\/\/rlgrips.com\/wp-content\/uploads\/2023\/02\/5842a8e9a6515b1e0ad75b01-300x139.png 300w, https:\/\/rlgrips.com\/wp-content\/uploads\/2023\/02\/5842a8e9a6515b1e0ad75b01-1000x463.png 1000w, https:\/\/rlgrips.com\/wp-content\/uploads\/2023\/02\/5842a8e9a6515b1e0ad75b01-1024x474.png 1024w, https:\/\/rlgrips.com\/wp-content\/uploads\/2023\/02\/5842a8e9a6515b1e0ad75b01-768x356.png 768w, https:\/\/rlgrips.com\/wp-content\/uploads\/2023\/02\/5842a8e9a6515b1e0ad75b01-1536x711.png 1536w, https:\/\/rlgrips.com\/wp-content\/uploads\/2023\/02\/5842a8e9a6515b1e0ad75b01-2048x948.png 2048w\" sizes=\"(max-width: 300px) 100vw, 300px\" \/><\/figure><div class=\"elementor-image-box-content\"><p class=\"elementor-image-box-description\">Zahlen Sie mit Kredit- oder Debitkarte \u00fcber <b>Stripe<\/b>.<\/p><\/div><\/div>\t\t\t\t<\/div>\n\t\t\t\t<\/div>\n\t\t\t\t\t<\/div>\n\t\t<\/div>\n\t\t\t\t<div class=\"elementor-column elementor-col-25 elementor-inner-column elementor-element elementor-element-a2c6691\" data-id=\"a2c6691\" data-element_type=\"column\">\n\t\t\t<div class=\"elementor-widget-wrap elementor-element-populated\">\n\t\t\t\t\t\t<div class=\"elementor-element elementor-element-d675f3b elementor-position-left elementor-vertical-align-top elementor-widget elementor-widget-image-box\" data-id=\"d675f3b\" data-element_type=\"widget\" data-widget_type=\"image-box.default\">\n\t\t\t\t<div class=\"elementor-widget-container\">\n\t\t\t\t\t<div class=\"elementor-image-box-wrapper\"><figure class=\"elementor-image-box-img\"><img decoding=\"async\" width=\"300\" height=\"86\" src=\"https:\/\/rlgrips.com\/wp-content\/uploads\/2023\/02\/580b57fcd9996e24bc43c530-300x86.png\" class=\"attachment-medium size-medium wp-image-15688\" alt=\"\" srcset=\"https:\/\/rlgrips.com\/wp-content\/uploads\/2023\/02\/580b57fcd9996e24bc43c530-300x86.png 300w, https:\/\/rlgrips.com\/wp-content\/uploads\/2023\/02\/580b57fcd9996e24bc43c530-1000x285.png 1000w, https:\/\/rlgrips.com\/wp-content\/uploads\/2023\/02\/580b57fcd9996e24bc43c530-1024x292.png 1024w, https:\/\/rlgrips.com\/wp-content\/uploads\/2023\/02\/580b57fcd9996e24bc43c530-768x219.png 768w, https:\/\/rlgrips.com\/wp-content\/uploads\/2023\/02\/580b57fcd9996e24bc43c530-1536x438.png 1536w, https:\/\/rlgrips.com\/wp-content\/uploads\/2023\/02\/580b57fcd9996e24bc43c530-350x100.png 350w, https:\/\/rlgrips.com\/wp-content\/uploads\/2023\/02\/580b57fcd9996e24bc43c530.png 1600w\" sizes=\"(max-width: 300px) 100vw, 300px\" \/><\/figure><div class=\"elementor-image-box-content\"><p class=\"elementor-image-box-description\">\u00dcber <b>PayPal<\/b> mit Kredit- oder Debitkarte, PayPal-Guthaben oder finanzierte Zahlung in 3 Raten.<\/p><\/div><\/div>\t\t\t\t<\/div>\n\t\t\t\t<\/div>\n\t\t\t\t\t<\/div>\n\t\t<\/div>\n\t\t\t\t<div class=\"elementor-column elementor-col-25 elementor-inner-column elementor-element elementor-element-7789688\" data-id=\"7789688\" data-element_type=\"column\">\n\t\t\t<div class=\"elementor-widget-wrap elementor-element-populated\">\n\t\t\t\t\t\t<div class=\"elementor-element elementor-element-8549c98 elementor-position-left elementor-vertical-align-top elementor-widget elementor-widget-image-box\" data-id=\"8549c98\" data-element_type=\"widget\" data-widget_type=\"image-box.default\">\n\t\t\t\t<div class=\"elementor-widget-container\">\n\t\t\t\t\t<div class=\"elementor-image-box-wrapper\"><figure class=\"elementor-image-box-img\"><img decoding=\"async\" width=\"300\" height=\"139\" src=\"https:\/\/rlgrips.com\/wp-content\/uploads\/2023\/02\/621f8e51654abf384c30d635-300x139.png\" class=\"attachment-medium size-medium wp-image-15684\" alt=\"\" srcset=\"https:\/\/rlgrips.com\/wp-content\/uploads\/2023\/02\/621f8e51654abf384c30d635-300x139.png 300w, https:\/\/rlgrips.com\/wp-content\/uploads\/2023\/02\/621f8e51654abf384c30d635-1000x463.png 1000w, https:\/\/rlgrips.com\/wp-content\/uploads\/2023\/02\/621f8e51654abf384c30d635-1024x474.png 1024w, https:\/\/rlgrips.com\/wp-content\/uploads\/2023\/02\/621f8e51654abf384c30d635-768x356.png 768w, https:\/\/rlgrips.com\/wp-content\/uploads\/2023\/02\/621f8e51654abf384c30d635-1536x711.png 1536w, https:\/\/rlgrips.com\/wp-content\/uploads\/2023\/02\/621f8e51654abf384c30d635.png 2000w\" sizes=\"(max-width: 300px) 100vw, 300px\" \/><\/figure><div class=\"elementor-image-box-content\"><p class=\"elementor-image-box-description\">Mit <b>Apple Pay<\/b>, der Zahlungsplattform von Apple, k\u00f6nnen Sie sicher mit Ihren mobilen Ger\u00e4ten bezahlen.<\/p><\/div><\/div>\t\t\t\t<\/div>\n\t\t\t\t<\/div>\n\t\t\t\t\t<\/div>\n\t\t<\/div>\n\t\t\t\t<div class=\"elementor-column elementor-col-25 elementor-inner-column elementor-element elementor-element-dfd3bac\" data-id=\"dfd3bac\" data-element_type=\"column\">\n\t\t\t<div class=\"elementor-widget-wrap elementor-element-populated\">\n\t\t\t\t\t\t<div class=\"elementor-element elementor-element-0430657 elementor-position-left elementor-vertical-align-top elementor-widget elementor-widget-image-box\" data-id=\"0430657\" data-element_type=\"widget\" data-widget_type=\"image-box.default\">\n\t\t\t\t<div class=\"elementor-widget-container\">\n\t\t\t\t\t<div class=\"elementor-image-box-wrapper\"><figure class=\"elementor-image-box-img\"><img loading=\"lazy\" decoding=\"async\" width=\"300\" height=\"124\" src=\"https:\/\/rlgrips.com\/wp-content\/uploads\/2023\/02\/60e7f964711cf700048b6a6a-300x124.png\" class=\"attachment-medium size-medium wp-image-15686\" alt=\"\" srcset=\"https:\/\/rlgrips.com\/wp-content\/uploads\/2023\/02\/60e7f964711cf700048b6a6a-300x124.png 300w, https:\/\/rlgrips.com\/wp-content\/uploads\/2023\/02\/60e7f964711cf700048b6a6a-1000x415.png 1000w, https:\/\/rlgrips.com\/wp-content\/uploads\/2023\/02\/60e7f964711cf700048b6a6a-1024x424.png 1024w, https:\/\/rlgrips.com\/wp-content\/uploads\/2023\/02\/60e7f964711cf700048b6a6a-768x318.png 768w, https:\/\/rlgrips.com\/wp-content\/uploads\/2023\/02\/60e7f964711cf700048b6a6a-1536x637.png 1536w, https:\/\/rlgrips.com\/wp-content\/uploads\/2023\/02\/60e7f964711cf700048b6a6a.png 2000w\" sizes=\"(max-width: 300px) 100vw, 300px\" \/><\/figure><div class=\"elementor-image-box-content\"><p class=\"elementor-image-box-description\">Verwenden Sie <b>Google Pay<\/b>, die Zahlungsplattform von Google, mit der Sie sicher mit Ihren mobilen Ger\u00e4ten bezahlen k\u00f6nnen.<\/p><\/div><\/div>\t\t\t\t<\/div>\n\t\t\t\t<\/div>\n\t\t\t\t\t<\/div>\n\t\t<\/div>\n\t\t\t\t\t<\/div>\n\t\t<\/section>\n\t\t\t\t<div class=\"elementor-element elementor-element-dc5eba0 elementor-widget elementor-widget-text-editor\" data-id=\"dc5eba0\" data-element_type=\"widget\" data-widget_type=\"text-editor.default\">\n\t\t\t\t<div class=\"elementor-widget-container\">\n\t\t\t\t\t\t\t\t\t<p>Bei allen Optionen sind Ihre pers\u00f6nlichen und finanziellen Daten gesch\u00fctzt und wir sorgen daf\u00fcr, dass Ihre Eink\u00e4ufe sicher, sofort und zuverl\u00e4ssig sind.<img loading=\"lazy\" decoding=\"async\" class=\"alignnone size-medium wp-image-10084\" src=\"https:\/\/rlgrips.com\/wp-content\/uploads\/2023\/02\/6220ac0f912013c51947f9c4-300x62.png\" alt=\"\" width=\"300\" height=\"62\" srcset=\"https:\/\/rlgrips.com\/wp-content\/uploads\/2023\/02\/6220ac0f912013c51947f9c4-300x62.png 300w, https:\/\/rlgrips.com\/wp-content\/uploads\/2023\/02\/6220ac0f912013c51947f9c4-1000x208.png 1000w, https:\/\/rlgrips.com\/wp-content\/uploads\/2023\/02\/6220ac0f912013c51947f9c4-768x160.png 768w, https:\/\/rlgrips.com\/wp-content\/uploads\/2023\/02\/6220ac0f912013c51947f9c4-1536x319.png 1536w, https:\/\/rlgrips.com\/wp-content\/uploads\/2023\/02\/6220ac0f912013c51947f9c4-1024x213.png 1024w, https:\/\/rlgrips.com\/wp-content\/uploads\/2023\/02\/6220ac0f912013c51947f9c4.png 2000w\" sizes=\"(max-width: 300px) 100vw, 300px\" \/><\/p>\n\t\t\t\t\t\t\t\t<\/div>\n\t\t\t\t<\/div>\n\t\t\t\t\t<\/div>\n\t\t<\/div>\n\t\t\t\t\t<\/div>\n\t\t<\/section>\n\t\t\t\t<section class=\"elementor-section elementor-top-section elementor-element elementor-element-59f14bd elementor-section-boxed elementor-section-height-default elementor-section-height-default\" data-id=\"59f14bd\" data-element_type=\"section\" data-settings=\"{&quot;jet_parallax_layout_list&quot;:[],&quot;background_background&quot;:&quot;classic&quot;}\">\n\t\t\t\t\t\t<div class=\"elementor-container elementor-column-gap-default\">\n\t\t\t\t\t<div class=\"elementor-column elementor-col-100 elementor-top-column elementor-element elementor-element-7dab824\" data-id=\"7dab824\" data-element_type=\"column\">\n\t\t\t<div class=\"elementor-widget-wrap elementor-element-populated\">\n\t\t\t\t\t\t<div class=\"elementor-element elementor-element-ae1cad3 elementor-widget elementor-widget-text-editor\" data-id=\"ae1cad3\" data-element_type=\"widget\" data-widget_type=\"text-editor.default\">\n\t\t\t\t<div class=\"elementor-widget-container\">\n\t\t\t\t\t\t\t\t\t<p>Wenn Sie Hilfe ben\u00f6tigen, z\u00f6gern Sie bitte nicht, uns zu kontaktieren <a href=\"mailto:contacto@rlgrips.com\" target=\"_blank\" rel=\"noopener\"><span style=\"color: #ff0000;\">contacto@rlgrips.com<\/span><\/a> o al whatsapp <span style=\"color: #ff0000;\"><a style=\"color: #ff0000;\" href=\"https:\/\/api.whatsapp.com\/send?phone=https:\/\/api.whatsapp.com\/send\/?phone=34689392472&amp;text=Hola%2C+quiero+informaci%C3%B3n+sobre+alguno+de+los+art%C3%ADculos+de+rlgrips.com\" target=\"_blank\" rel=\"noopener\">+34689392472<\/a><\/span> und wir werden Ihnen bei allem helfen, was Sie brauchen. Danke, dass Sie sich f\u00fcr RLGRIPS.COM entschieden haben!<\/p>\n\t\t\t\t\t\t\t\t<\/div>\n\t\t\t\t<\/div>\n\t\t\t\t\t<\/div>\n\t\t<\/div>\n\t\t\t\t\t<\/div>\n\t\t<\/section>\n\t\t\t\t<section class=\"elementor-section elementor-top-section elementor-element elementor-element-94e7256 elementor-section-boxed elementor-section-height-default elementor-section-height-default\" data-id=\"94e7256\" data-element_type=\"section\" data-settings=\"{&quot;jet_parallax_layout_list&quot;:[]}\">\n\t\t\t\t\t\t<div class=\"elementor-container elementor-column-gap-default\">\n\t\t\t\t\t<div class=\"elementor-column elementor-col-100 elementor-top-column elementor-element elementor-element-965f9cf\" data-id=\"965f9cf\" data-element_type=\"column\">\n\t\t\t<div class=\"elementor-widget-wrap elementor-element-populated\">\n\t\t\t\t\t\t<div class=\"elementor-element elementor-element-c2fa96f elementor-align-center elementor-widget elementor-widget-button\" data-id=\"c2fa96f\" data-element_type=\"widget\" data-widget_type=\"button.default\">\n\t\t\t\t<div class=\"elementor-widget-container\">\n\t\t\t\t\t\t\t\t\t<div class=\"elementor-button-wrapper\">\n\t\t\t\t\t<a class=\"elementor-button elementor-button-link elementor-size-sm\" href=\"https:\/\/rlgrips.com\/tienda\">\n\t\t\t\t\t\t<span class=\"elementor-button-content-wrapper\">\n\t\t\t\t\t\t\t\t\t<span class=\"elementor-button-text\">ZUM SHOP GEHEN<\/span>\n\t\t\t\t\t<\/span>\n\t\t\t\t\t<\/a>\n\t\t\t\t<\/div>\n\t\t\t\t\t\t\t\t<\/div>\n\t\t\t\t<\/div>\n\t\t\t\t\t<\/div>\n\t\t<\/div>\n\t\t\t\t\t<\/div>\n\t\t<\/section>\n\t\t\t\t<\/div>\n\t\t","protected":false},"excerpt":{"rendered":"<p>Zahlungsarten INFORMATIONEN \u00dcBER ZAHLUNGSM\u00d6GLICHKEITEN Bei RLGRIPS.COM bieten wir Ihnen verschiedene Zahlungsm\u00f6glichkeiten an, so dass Sie diejenige w\u00e4hlen k\u00f6nnen, die Ihren W\u00fcnschen und Bed\u00fcrfnissen am besten entspricht: Zahlen Sie mit Kredit- oder Debitkarte \u00fcber Stripe. \u00dcber PayPal mit Kredit- oder Debitkarte, PayPal-Guthaben oder finanzierte Zahlung in 3 Raten. Mit Apple Pay, der Zahlungsplattform von Apple, k\u00f6nnen [&hellip;]<\/p>\n","protected":false},"author":1,"featured_media":0,"parent":0,"menu_order":0,"comment_status":"closed","ping_status":"closed","template":"","meta":{"_acf_changed":false,"site-sidebar-layout":"default","site-content-layout":"page-builder","ast-site-content-layout":"full-width-container","site-content-style":"unboxed","site-sidebar-style":"unboxed","ast-global-header-display":"","ast-banner-title-visibility":"","ast-main-header-display":"","ast-hfb-above-header-display":"","ast-hfb-below-header-display":"","ast-hfb-mobile-header-display":"","site-post-title":"disabled","ast-breadcrumbs-content":"","ast-featured-img":"","footer-sml-layout":"","ast-disable-related-posts":"","theme-transparent-header-meta":"default","adv-header-id-meta":"","stick-header-meta":"","header-above-stick-meta":"","header-main-stick-meta":"","header-below-stick-meta":"","astra-migrate-meta-layouts":"default","ast-page-background-enabled":"default","ast-page-background-meta":{"desktop":{"background-color":"","background-image":"","background-repeat":"repeat","background-position":"center center","background-size":"auto","background-attachment":"scroll","background-type":"","background-media":"","overlay-type":"","overlay-color":"","overlay-opacity":"","overlay-gradient":""},"tablet":{"background-color":"","background-image":"","background-repeat":"repeat","background-position":"center center","background-size":"auto","background-attachment":"scroll","background-type":"","background-media":"","overlay-type":"","overlay-color":"","overlay-opacity":"","overlay-gradient":""},"mobile":{"background-color":"","background-image":"","background-repeat":"repeat","background-position":"center center","background-size":"auto","background-attachment":"scroll","background-type":"","background-media":"","overlay-type":"","overlay-color":"","overlay-opacity":"","overlay-gradient":""}},"ast-content-background-meta":{"desktop":{"background-color":"var(--ast-global-color-5)","background-image":"","background-repeat":"repeat","background-position":"center center","background-size":"auto","background-attachment":"scroll","background-type":"","background-media":"","overlay-type":"","overlay-color":"","overlay-opacity":"","overlay-gradient":""},"tablet":{"background-color":"var(--ast-global-color-5)","background-image":"","background-repeat":"repeat","background-position":"center center","background-size":"auto","background-attachment":"scroll","background-type":"","background-media":"","overlay-type":"","overlay-color":"","overlay-opacity":"","overlay-gradient":""},"mobile":{"background-color":"var(--ast-global-color-5)","background-image":"","background-repeat":"repeat","background-position":"center center","background-size":"auto","background-attachment":"scroll","background-type":"","background-media":"","overlay-type":"","overlay-color":"","overlay-opacity":"","overlay-gradient":""}},"footnotes":""},"class_list":["post-17282","page","type-page","status-publish","hentry"],"acf":[],"yoast_head":"<!-- This site is optimized with the Yoast SEO plugin v26.5 - https:\/\/yoast.com\/wordpress\/plugins\/seo\/ -->\n<title>Zahlungsarten | RL Grips<\/title>\n<meta name=\"robots\" content=\"noindex, nofollow\" \/>\n<meta property=\"og:locale\" content=\"de_DE\" \/>\n<meta property=\"og:type\" content=\"article\" \/>\n<meta property=\"og:title\" content=\"Zahlungsarten | RL Grips\" \/>\n<meta property=\"og:description\" content=\"Zahlungsarten INFORMATIONEN \u00dcBER ZAHLUNGSM\u00d6GLICHKEITEN Bei RLGRIPS.COM bieten wir Ihnen verschiedene Zahlungsm\u00f6glichkeiten an, so dass Sie diejenige w\u00e4hlen k\u00f6nnen, die Ihren W\u00fcnschen und Bed\u00fcrfnissen am besten entspricht: Zahlen Sie mit Kredit- oder Debitkarte \u00fcber Stripe. \u00dcber PayPal mit Kredit- oder Debitkarte, PayPal-Guthaben oder finanzierte Zahlung in 3 Raten. Mit Apple Pay, der Zahlungsplattform von Apple, k\u00f6nnen [&hellip;]\" \/>\n<meta property=\"og:url\" content=\"https:\/\/rlgrips.com\/de\/zahlungsarten\/\" \/>\n<meta property=\"og:site_name\" content=\"RL Grips\" \/>\n<meta property=\"article:modified_time\" content=\"2024-08-09T11:49:37+00:00\" \/>\n<meta property=\"og:image\" content=\"https:\/\/rlgrips.com\/wp-content\/uploads\/2023\/02\/5842a8e9a6515b1e0ad75b01-300x139.png\" \/>\n<meta name=\"twitter:card\" content=\"summary_large_image\" \/>\n<meta name=\"twitter:label1\" content=\"Gesch\u00e4tzte Lesezeit\" \/>\n\t<meta name=\"twitter:data1\" content=\"1\u00a0Minute\" \/>\n<script type=\"application\/ld+json\" class=\"yoast-schema-graph\">{\"@context\":\"https:\/\/schema.org\",\"@graph\":[{\"@type\":\"WebPage\",\"@id\":\"https:\/\/rlgrips.com\/de\/zahlungsarten\/\",\"url\":\"https:\/\/rlgrips.com\/de\/zahlungsarten\/\",\"name\":\"Zahlungsarten | RL Grips\",\"isPartOf\":{\"@id\":\"https:\/\/rlgrips.com\/de\/#website\"},\"primaryImageOfPage\":{\"@id\":\"https:\/\/rlgrips.com\/de\/zahlungsarten\/#primaryimage\"},\"image\":{\"@id\":\"https:\/\/rlgrips.com\/de\/zahlungsarten\/#primaryimage\"},\"thumbnailUrl\":\"https:\/\/rlgrips.com\/wp-content\/uploads\/2023\/02\/5842a8e9a6515b1e0ad75b01-300x139.png\",\"datePublished\":\"2023-02-23T10:42:14+00:00\",\"dateModified\":\"2024-08-09T11:49:37+00:00\",\"breadcrumb\":{\"@id\":\"https:\/\/rlgrips.com\/de\/zahlungsarten\/#breadcrumb\"},\"inLanguage\":\"de\",\"potentialAction\":[{\"@type\":\"ReadAction\",\"target\":[\"https:\/\/rlgrips.com\/de\/zahlungsarten\/\"]}]},{\"@type\":\"ImageObject\",\"inLanguage\":\"de\",\"@id\":\"https:\/\/rlgrips.com\/de\/zahlungsarten\/#primaryimage\",\"url\":\"https:\/\/rlgrips.com\/wp-content\/uploads\/2023\/02\/5842a8e9a6515b1e0ad75b01-300x139.png\",\"contentUrl\":\"https:\/\/rlgrips.com\/wp-content\/uploads\/2023\/02\/5842a8e9a6515b1e0ad75b01-300x139.png\"},{\"@type\":\"BreadcrumbList\",\"@id\":\"https:\/\/rlgrips.com\/de\/zahlungsarten\/#breadcrumb\",\"itemListElement\":[{\"@type\":\"ListItem\",\"position\":1,\"name\":\"Portada\",\"item\":\"https:\/\/rlgrips.com\/de\/startseite\/\"},{\"@type\":\"ListItem\",\"position\":2,\"name\":\"Zahlungsarten\"}]},{\"@type\":\"WebSite\",\"@id\":\"https:\/\/rlgrips.com\/de\/#website\",\"url\":\"https:\/\/rlgrips.com\/de\/\",\"name\":\"RL Grips\",\"description\":\"Equipamiento y Accesorios de Entrenamiento\",\"publisher\":{\"@id\":\"https:\/\/rlgrips.com\/de\/#organization\"},\"potentialAction\":[{\"@type\":\"SearchAction\",\"target\":{\"@type\":\"EntryPoint\",\"urlTemplate\":\"https:\/\/rlgrips.com\/de\/?s={search_term_string}\"},\"query-input\":{\"@type\":\"PropertyValueSpecification\",\"valueRequired\":true,\"valueName\":\"search_term_string\"}}],\"inLanguage\":\"de\"},{\"@type\":\"Organization\",\"@id\":\"https:\/\/rlgrips.com\/de\/#organization\",\"name\":\"RL Grips\u2122\",\"url\":\"https:\/\/rlgrips.com\/de\/\",\"logo\":{\"@type\":\"ImageObject\",\"inLanguage\":\"de\",\"@id\":\"https:\/\/rlgrips.com\/de\/#\/schema\/logo\/image\/\",\"url\":\"https:\/\/rlgrips.com\/wp-content\/uploads\/2021\/04\/RLG2SBLACK-e1617355385190.png\",\"contentUrl\":\"https:\/\/rlgrips.com\/wp-content\/uploads\/2021\/04\/RLG2SBLACK-e1617355385190.png\",\"width\":128,\"height\":60,\"caption\":\"RL Grips\u2122\"},\"image\":{\"@id\":\"https:\/\/rlgrips.com\/de\/#\/schema\/logo\/image\/\"}}]}<\/script>\n<!-- \/ Yoast SEO plugin. -->","yoast_head_json":{"title":"Zahlungsarten | RL Grips","robots":{"index":"noindex","follow":"nofollow"},"og_locale":"de_DE","og_type":"article","og_title":"Zahlungsarten | RL Grips","og_description":"Zahlungsarten INFORMATIONEN \u00dcBER ZAHLUNGSM\u00d6GLICHKEITEN Bei RLGRIPS.COM bieten wir Ihnen verschiedene Zahlungsm\u00f6glichkeiten an, so dass Sie diejenige w\u00e4hlen k\u00f6nnen, die Ihren W\u00fcnschen und Bed\u00fcrfnissen am besten entspricht: Zahlen Sie mit Kredit- oder Debitkarte \u00fcber Stripe. \u00dcber PayPal mit Kredit- oder Debitkarte, PayPal-Guthaben oder finanzierte Zahlung in 3 Raten. Mit Apple Pay, der Zahlungsplattform von Apple, k\u00f6nnen [&hellip;]","og_url":"https:\/\/rlgrips.com\/de\/zahlungsarten\/","og_site_name":"RL Grips","article_modified_time":"2024-08-09T11:49:37+00:00","og_image":[{"url":"https:\/\/rlgrips.com\/wp-content\/uploads\/2023\/02\/5842a8e9a6515b1e0ad75b01-300x139.png","type":"","width":"","height":""}],"twitter_card":"summary_large_image","twitter_misc":{"Gesch\u00e4tzte Lesezeit":"1\u00a0Minute"},"schema":{"@context":"https:\/\/schema.org","@graph":[{"@type":"WebPage","@id":"https:\/\/rlgrips.com\/de\/zahlungsarten\/","url":"https:\/\/rlgrips.com\/de\/zahlungsarten\/","name":"Zahlungsarten | RL Grips","isPartOf":{"@id":"https:\/\/rlgrips.com\/de\/#website"},"primaryImageOfPage":{"@id":"https:\/\/rlgrips.com\/de\/zahlungsarten\/#primaryimage"},"image":{"@id":"https:\/\/rlgrips.com\/de\/zahlungsarten\/#primaryimage"},"thumbnailUrl":"https:\/\/rlgrips.com\/wp-content\/uploads\/2023\/02\/5842a8e9a6515b1e0ad75b01-300x139.png","datePublished":"2023-02-23T10:42:14+00:00","dateModified":"2024-08-09T11:49:37+00:00","breadcrumb":{"@id":"https:\/\/rlgrips.com\/de\/zahlungsarten\/#breadcrumb"},"inLanguage":"de","potentialAction":[{"@type":"ReadAction","target":["https:\/\/rlgrips.com\/de\/zahlungsarten\/"]}]},{"@type":"ImageObject","inLanguage":"de","@id":"https:\/\/rlgrips.com\/de\/zahlungsarten\/#primaryimage","url":"https:\/\/rlgrips.com\/wp-content\/uploads\/2023\/02\/5842a8e9a6515b1e0ad75b01-300x139.png","contentUrl":"https:\/\/rlgrips.com\/wp-content\/uploads\/2023\/02\/5842a8e9a6515b1e0ad75b01-300x139.png"},{"@type":"BreadcrumbList","@id":"https:\/\/rlgrips.com\/de\/zahlungsarten\/#breadcrumb","itemListElement":[{"@type":"ListItem","position":1,"name":"Portada","item":"https:\/\/rlgrips.com\/de\/startseite\/"},{"@type":"ListItem","position":2,"name":"Zahlungsarten"}]},{"@type":"WebSite","@id":"https:\/\/rlgrips.com\/de\/#website","url":"https:\/\/rlgrips.com\/de\/","name":"RL Grips","description":"Equipamiento y Accesorios de Entrenamiento","publisher":{"@id":"https:\/\/rlgrips.com\/de\/#organization"},"potentialAction":[{"@type":"SearchAction","target":{"@type":"EntryPoint","urlTemplate":"https:\/\/rlgrips.com\/de\/?s={search_term_string}"},"query-input":{"@type":"PropertyValueSpecification","valueRequired":true,"valueName":"search_term_string"}}],"inLanguage":"de"},{"@type":"Organization","@id":"https:\/\/rlgrips.com\/de\/#organization","name":"RL Grips\u2122","url":"https:\/\/rlgrips.com\/de\/","logo":{"@type":"ImageObject","inLanguage":"de","@id":"https:\/\/rlgrips.com\/de\/#\/schema\/logo\/image\/","url":"https:\/\/rlgrips.com\/wp-content\/uploads\/2021\/04\/RLG2SBLACK-e1617355385190.png","contentUrl":"https:\/\/rlgrips.com\/wp-content\/uploads\/2021\/04\/RLG2SBLACK-e1617355385190.png","width":128,"height":60,"caption":"RL Grips\u2122"},"image":{"@id":"https:\/\/rlgrips.com\/de\/#\/schema\/logo\/image\/"}}]}},"_links":{"self":[{"href":"https:\/\/rlgrips.com\/de\/wp-json\/wp\/v2\/pages\/17282","targetHints":{"allow":["GET"]}}],"collection":[{"href":"https:\/\/rlgrips.com\/de\/wp-json\/wp\/v2\/pages"}],"about":[{"href":"https:\/\/rlgrips.com\/de\/wp-json\/wp\/v2\/types\/page"}],"author":[{"embeddable":true,"href":"https:\/\/rlgrips.com\/de\/wp-json\/wp\/v2\/users\/1"}],"replies":[{"embeddable":true,"href":"https:\/\/rlgrips.com\/de\/wp-json\/wp\/v2\/comments?post=17282"}],"version-history":[{"count":0,"href":"https:\/\/rlgrips.com\/de\/wp-json\/wp\/v2\/pages\/17282\/revisions"}],"wp:attachment":[{"href":"https:\/\/rlgrips.com\/de\/wp-json\/wp\/v2\/media?parent=17282"}],"curies":[{"name":"wp","href":"https:\/\/api.w.org\/{rel}","templated":true}]}}