{"id":17275,"date":"2021-07-18T09:37:16","date_gmt":"2021-07-18T07:37:16","guid":{"rendered":"https:\/\/rlgrips.com\/rechtlicher-hinweis\/"},"modified":"2024-08-09T13:11:26","modified_gmt":"2024-08-09T11:11:26","slug":"rechtlicher-hinweis","status":"publish","type":"page","link":"https:\/\/rlgrips.com\/de\/rechtlicher-hinweis\/","title":{"rendered":"Rechtlicher Hinweis"},"content":{"rendered":"\t\t<div data-elementor-type=\"wp-page\" data-elementor-id=\"17275\" class=\"elementor elementor-17275 elementor-4604\" data-elementor-post-type=\"page\">\n\t\t\t\t\t\t<section class=\"elementor-section elementor-top-section elementor-element elementor-element-d1c4261 elementor-section-height-min-height elementor-section-full_width elementor-section-items-stretch elementor-section-height-default\" data-id=\"d1c4261\" data-element_type=\"section\" data-settings=\"{&quot;background_background&quot;:&quot;classic&quot;,&quot;jet_parallax_layout_list&quot;:[]}\">\n\t\t\t\t\t\t\t<div class=\"elementor-background-overlay\"><\/div>\n\t\t\t\t\t\t\t<div class=\"elementor-container elementor-column-gap-default\">\n\t\t\t\t\t<div class=\"elementor-column elementor-col-100 elementor-top-column elementor-element elementor-element-1589ae74\" data-id=\"1589ae74\" data-element_type=\"column\">\n\t\t\t<div class=\"elementor-widget-wrap elementor-element-populated\">\n\t\t\t\t\t\t<div class=\"elementor-element elementor-element-40a5197 elementor-widget elementor-widget-heading\" data-id=\"40a5197\" data-element_type=\"widget\" data-widget_type=\"heading.default\">\n\t\t\t\t<div class=\"elementor-widget-container\">\n\t\t\t\t\t<h1 class=\"elementor-heading-title elementor-size-default\">Rechtlicher Hinweis<\/h1>\t\t\t\t<\/div>\n\t\t\t\t<\/div>\n\t\t\t\t\t<\/div>\n\t\t<\/div>\n\t\t\t\t\t<\/div>\n\t\t<\/section>\n\t\t\t\t<section class=\"elementor-section elementor-top-section elementor-element elementor-element-f4d48b0 elementor-section-boxed elementor-section-height-default elementor-section-height-default\" data-id=\"f4d48b0\" data-element_type=\"section\" data-settings=\"{&quot;jet_parallax_layout_list&quot;:[]}\">\n\t\t\t\t\t\t<div class=\"elementor-container elementor-column-gap-default\">\n\t\t\t\t\t<div class=\"elementor-column elementor-col-100 elementor-top-column elementor-element elementor-element-d579294\" data-id=\"d579294\" data-element_type=\"column\">\n\t\t\t<div class=\"elementor-widget-wrap elementor-element-populated\">\n\t\t\t\t\t\t<div class=\"elementor-element elementor-element-2fffdb8 elementor-widget elementor-widget-text-editor\" data-id=\"2fffdb8\" data-element_type=\"widget\" data-widget_type=\"text-editor.default\">\n\t\t\t\t<div class=\"elementor-widget-container\">\n\t\t\t\t\t\t\t\t\t<h2>1. Einleitung<\/h2>\n<p><span style=\"font-size: 15px;\">Diese rechtlichen Hinweise sollen Sie \u00fcber Ihre Rechte und Pflichten als Nutzer dieser Website informieren. Hier finden Sie alle notwendigen Informationen \u00fcber diese Website, ihre Aktivit\u00e4ten, die von ihr erfassten pers\u00f6nlichen Daten und ihren Zweck sowie die Nutzungsregeln, die die Verwendung dieser Website regeln.<\/span><\/p>\n<p>Zu dem Zeitpunkt, an dem Sie auf diese Website zugreifen&nbsp;<strong>https:\/\/rlgrips.com<\/strong> nehmen Sie die Rolle des Nutzers ein, so dass der Inhalt dieser rechtlichen Hinweise Sie direkt betrifft. Es ist daher wichtig, dass Sie es lesen, um eventuelle Zweifel auszur\u00e4umen und sich \u00fcber die Bedingungen, denen Sie zustimmen, im Klaren zu sein. &nbsp;<\/p>\n<p>Zun\u00e4chst sollten Sie wissen, dass diese Website die geltenden Datenschutzbestimmungen einh\u00e4lt, um Ihnen die Garantien, die Sicherheit und die Transparenz zu bieten, auf die Sie als Benutzer bei der Nutzung dieser Website Anspruch haben.<\/p>\n<p>&nbsp;&nbsp;&nbsp;Die RGPD<strong><strong>(Verordnung (EU) 2016\/679 des Europ\u00e4ischen Parlaments und des Rates vom 27. April 2016 zum Schutz nat\u00fcrlicher Personen<\/strong>) ist die neue Verordnung der Europ\u00e4ischen Union, die die Verarbeitung personenbezogener Daten in den verschiedenen EU-L\u00e4ndern einheitlich regelt.<\/strong><\/p>\n<p>Die&nbsp;<strong>LOPD<\/strong>&nbsp;(<strong>Organisches Recht 15\/1999, vom 13. Dezember \u00fcber den Schutz von personenbezogenen Daten<\/strong>&nbsp;y&nbsp;<strong>K\u00f6niglicher Erlass 1720\/2007 vom 21. Dezember 2007, die Verordnung zur Umsetzung des LOPD.<\/strong>) die die Verarbeitung personenbezogener Daten und die Verpflichtungen regelt, die die Verantwortlichen einer Website oder eines Blogs bei der Verwaltung dieser Informationen eingehen m\u00fcssen.<\/p>\n<p>Die&nbsp;<strong>LSSI<\/strong>&nbsp;(<strong>Gesetz 34\/2002 vom 11. Juli \u00fcber die Dienste der Informationsgesellschaft und den elektronischen Handel.<\/strong>)&nbsp;die den wirtschaftlichen Verkehr auf elektronischem Wege regelt, wie im Falle dieses Blogs.<\/p>\n<h2><strong>2. Daten zur Identifizierung<\/strong><\/h2>\n<p>Der Verantwortliche und Eigent\u00fcmer dieser Website ist <b>RLG ECOM SL (im Folgenden der Eigent\u00fcmer)<\/b>.<\/p>\n<ul>\n<li>&nbsp;N<strong>ame:<\/strong> RLG ECOM SL<\/li>\n<li>&nbsp;S<strong>TEUERIDENTIFIKATIONSNUMMER:<\/strong> B56786502<\/li>\n<li><strong>Website-Aktivit\u00e4ten<\/strong>: Verbreitung von Inhalten zu den Themen Fitness, Ern\u00e4hrung und Gesundheit sowie E-Commerce von sportbezogenen Produkten.<\/li>\n<li><strong>E-Mail<\/strong>: contacto@rlgrips.com<\/li>\n<\/ul>\n<p>Die Daten, die Sie uns mit Ihrem Einverst\u00e4ndnis zur Verf\u00fcgung stellen, werden in \u00dcbereinstimmung mit der in unserer Datenschutzpolitik festgelegten Verwendung in eine automatisierte Datei aufgenommen, die ordnungsgem\u00e4\u00df bei der spanischen Datenschutzbeh\u00f6rde registriert ist und f\u00fcr die die Person verantwortlich ist, die f\u00fcr diese Datei verantwortlich ist: <b>Die Inhaberin<\/b><strong>.&nbsp;<\/strong>EDas bedeutet, dass Ihre Daten im Einklang mit den gesetzlichen Bestimmungen sicher sind.<\/p>\n<h2><strong>3. Die Regeln f\u00fcr den Zugriff auf die Website<\/strong><\/h2>\n<p>Als Nutzer unserer Website haben Sie auch eine Reihe von Verpflichtungen:<\/p>\n<p>Sie d\u00fcrfen diese Website nicht nutzen, um Aktivit\u00e4ten durchzuf\u00fchren, die gegen das Gesetz, die Moral oder die \u00f6ffentliche Ordnung versto\u00dfen, und sie im Allgemeinen nicht in \u00dcbereinstimmung mit den in diesen rechtlichen Hinweisen genannten Bedingungen nutzen.<\/p>\n<p>Sie d\u00fcrfen sich nicht an Werbung oder kommerzieller Ausbeutung beteiligen, indem Sie Nachrichten mit einer falschen Identit\u00e4t versenden.<\/p>\n<p>Sie sind allein verantwortlich f\u00fcr die Wahrhaftigkeit und Genauigkeit der von Ihnen auf dieser Website eingegebenen Inhalte und f\u00fcr die pers\u00f6nlichen Daten, die Sie f\u00fcr die in unserer Datenschutzrichtlinie genannten Zwecke bereitstellen.<\/p>\n<p>Sie sind auch allein verantwortlich f\u00fcr jede Art von illegalen, sch\u00e4dlichen, nachteiligen und\/oder sch\u00e4digenden Handlungen auf den Websites Dritter, auf die wir Sie von dieser Website aus f\u00fcr die Entwicklung unserer T\u00e4tigkeit verweisen k\u00f6nnen.<\/p>\n<p>&nbsp;&nbsp;Als Verantwortlicher f\u00fcr die Website kann<strong>El Titular<\/strong> den Dienst der vom Benutzer genutzten Seite unterbrechen und die Beziehung sofort beenden, wenn es eine Nutzung der Website oder der darin angebotenen Dienste feststellt, die im Widerspruch zu den Ausf\u00fchrungen in diesem rechtlichen Hinweis stehen k\u00f6nnte.<\/p>\n<p><\/p>\n<h2><strong>4. Geistiges und gewerbliches Eigentum<\/strong><\/h2>\n<p>Diese gesamte Website (Texte, Bilder, Marken, Grafiken, Logos, Schaltfl\u00e4chen, Softwaredateien, Farbkombinationen sowie die Struktur, Auswahl, Anordnung und Pr\u00e4sentation ihres Inhalts) ist durch die geltenden Gesetze zum Schutz des geistigen und gewerblichen Eigentums gesch\u00fctzt, und ihre Vervielf\u00e4ltigung, Verbreitung, \u00f6ffentliche Wiedergabe und Umwandlung ist verboten, au\u00dfer f\u00fcr den pers\u00f6nlichen und privaten Gebrauch.<\/p>\n<p>Als Eigent\u00fcmer dieser Website,<strong>&nbsp;Die Inhaberin&nbsp;<\/strong>garantiert nicht, dass die Inhalte korrekt oder fehlerfrei sind oder dass die freie Nutzung der Inhalte durch die Nutzer nicht gegen die Rechte Dritter verst\u00f6\u00dft. Die gute oder schlechte Nutzung dieser Website und ihrer Inhalte liegt in der Verantwortung des Nutzers.<\/p>\n<p>Ebenso ist die vollst\u00e4ndige oder teilweise Reproduktion, Weiterleitung, Vervielf\u00e4ltigung, \u00dcbertragung oder Wiederausstrahlung der auf der Website enthaltenen Informationen, zu welchem Zweck und mit welchen Mitteln auch immer, ohne vorherige Genehmigung durch&nbsp;<span style=\"font-size: 15px; font-style: normal; font-weight: bold;\">Die Inhaberin<\/span>.<\/p>\n<h2><strong>5. Links<\/strong><\/h2>\n<p>Diese Website enth\u00e4lt Links zu Websites von Dritten. Die Seiten dieser Dritten sind nicht von uns \u00fcberpr\u00fcft worden und werden nicht von uns kontrolliert, und wir k\u00f6nnen daher auch nicht&nbsp;<span style=\"font-size: 15px; font-style: normal; font-weight: bold;\">Die Inhaberin&nbsp;<\/span>ist weder f\u00fcr den Inhalt dieser Websites noch f\u00fcr die Ma\u00dfnahmen verantwortlich, die in Bezug auf Ihre Privatsph\u00e4re oder die Verarbeitung Ihrer pers\u00f6nlichen Daten oder anderer Daten ergriffen werden, die sich ergeben k\u00f6nnen.<\/p>\n<p>Wir empfehlen Ihnen daher, die Nutzungsbedingungen, Datenschutzrichtlinien, rechtlichen Hinweise und\/oder \u00e4hnliche Hinweise dieser Websites sorgf\u00e4ltig zu lesen.<\/p>\n<h2><strong>6. Begrenzung der Haftung<\/strong><\/h2>\n<p>In Aus\u00fcbung Ihres Rechts als Eigent\u00fcmer dieser Website informieren wir Sie, dass&nbsp;<span style=\"font-size: 15px; font-style: normal; font-weight: bold;\">Die Inhaberin&nbsp;<\/span>haftet in keinem Fall f\u00fcr die folgenden Punkte:<\/p>\n<p>Die Qualit\u00e4t des Dienstes, die Schnelligkeit des Zugriffs, das korrekte Funktionieren sowie die Verf\u00fcgbarkeit und Kontinuit\u00e4t des Betriebs der Website.<\/p>\n<p>Die Existenz von Viren, Malware, b\u00f6sartigen oder sch\u00e4dlichen Programmen in den Inhalten.<\/p>\n<p>Illegale, fahrl\u00e4ssige, betr\u00fcgerische oder gegen diese rechtlichen Hinweise versto\u00dfende Nutzung.<\/p>\n<p>Die mangelnde Rechtm\u00e4\u00dfigkeit, Qualit\u00e4t, Zuverl\u00e4ssigkeit, N\u00fctzlichkeit und Verf\u00fcgbarkeit der von Dritten angebotenen und den Nutzern auf dieser Website zur Verf\u00fcgung gestellten Dienste.<\/p>\n<p>F\u00fcr Sch\u00e4den, die durch die illegale oder unsachgem\u00e4\u00dfe Nutzung dieses Blogs entstehen k\u00f6nnen.<\/p>\n<p><\/p>\n<h2><strong>7. Richtlinien zum Schutz der Privatsph\u00e4re und des Datenschutzes<\/strong><\/h2>\n<p>Diese Website entspricht der geltenden Gesetzgebung zum Datenschutz, was bedeutet, dass Sie als Nutzer Ihre ausdr\u00fcckliche Zustimmung geben m\u00fcssen, bevor Sie uns \u00fcber die verschiedenen Formulare, die in den Bereichen unserer Website zur Verf\u00fcgung gestellt werden, personenbezogene Daten \u00fcbermitteln.<\/p>\n<p>Zu diesem Zweck ist es im Interesse der Transparenz und der Aus\u00fcbung Ihres Rechts unsere Pflicht, Sie dar\u00fcber zu informieren, welche personenbezogenen Daten wir zu welchen Zwecken erheben, speichern und verarbeiten, und Sie haben jederzeit die M\u00f6glichkeit, Ihre Einwilligung frei zu widerrufen.<\/p>\n<p>&nbsp;Alle diese Informationen finden Sie in unserer<strong><a href=\"https:\/\/rlgrips.com\/politica-de-privacidad\/\">PRIVACY POLICY<\/a><\/strong>.<\/p>\n<h2><strong>8. Cookie-Richtlinie<\/strong><\/h2>\n<p>Wie wir Ihnen mitteilen, sobald Sie auf unsere Website zugreifen, verwendet diese Website eigene Cookies und Cookies von Drittanbietern, um Ihnen die beste Benutzererfahrung zu bieten und unsere Aktivit\u00e4ten zu entwickeln.<\/p>\n<p>Sie haben jederzeit die M\u00f6glichkeit, Ihren Browser so zu konfigurieren, dass er die Verwendung dieser Cookies ablehnt, was in einigen F\u00e4llen Ihre Benutzererfahrung beeintr\u00e4chtigen kann.<\/p>\n<p>Umfassende Informationen \u00fcber die Verwendung von Cookies auf dieser Website, ihren Zweck und ihre Ablehnung finden Sie auf unserer&nbsp;<strong><a href=\"https:\/\/rlgrips.com\/politica-de-cookies\/\">COOKIES-POLITIK<\/a><\/strong>.<\/p>\n<p><\/p>\n<h2><strong>9. Anwendbares Recht und zust\u00e4ndige Gerichtsbarkeit<\/strong><\/h2>\n<p>Dieser rechtliche Hinweis unterliegt der aktuellen spanischen Gesetzgebung.<\/p>\n<p>Falls erforderlich, im Falle eines Rechtsstreits.&nbsp;<span style=\"font-size: 15px; font-style: normal; font-weight: bold;\">El Titular&nbsp;<\/span>und der Nutzer unterwirft sich unter ausdr\u00fccklichem Verzicht auf jede andere Zust\u00e4ndigkeit den Gerichten am Wohnsitz des Nutzers f\u00fcr alle Streitigkeiten, die sich ergeben k\u00f6nnten.<\/p>\n<p>F\u00fcr den Fall, dass der Nutzer seinen Wohnsitz au\u00dferhalb Spaniens hat,&nbsp;<span style=\"font-size: 15px; font-style: normal; font-weight: bold;\">Die Inhaberin&nbsp;<\/span> und der Nutzer unterwirft sich unter ausdr\u00fccklichem Verzicht auf jede andere Zust\u00e4ndigkeit den Gerichten und Tribunalen von Barcelona (Spanien).<\/p>\n<p>Wenn Sie Fragen zu diesen rechtlichen Hinweisen haben, k\u00f6nnen Sie uns eine E-Mail an contacto@rlgrips.com schicken.<\/p>\t\t\t\t\t\t\t\t<\/div>\n\t\t\t\t<\/div>\n\t\t\t\t\t<\/div>\n\t\t<\/div>\n\t\t\t\t\t<\/div>\n\t\t<\/section>\n\t\t\t\t<\/div>\n\t\t","protected":false},"excerpt":{"rendered":"<p>Rechtlicher Hinweis 1. Einleitung Diese rechtlichen Hinweise sollen Sie \u00fcber Ihre Rechte und Pflichten als Nutzer dieser Website informieren. Hier finden Sie alle notwendigen Informationen \u00fcber diese Website, ihre Aktivit\u00e4ten, die von ihr erfassten pers\u00f6nlichen Daten und ihren Zweck sowie die Nutzungsregeln, die die Verwendung dieser Website regeln. Zu dem Zeitpunkt, an dem Sie auf [&hellip;]<\/p>\n","protected":false},"author":1,"featured_media":0,"parent":0,"menu_order":0,"comment_status":"closed","ping_status":"closed","template":"","meta":{"_acf_changed":false,"site-sidebar-layout":"no-sidebar","site-content-layout":"page-builder","ast-site-content-layout":"default","site-content-style":"default","site-sidebar-style":"default","ast-global-header-display":"","ast-banner-title-visibility":"","ast-main-header-display":"","ast-hfb-above-header-display":"","ast-hfb-below-header-display":"","ast-hfb-mobile-header-display":"","site-post-title":"disabled","ast-breadcrumbs-content":"","ast-featured-img":"disabled","footer-sml-layout":"","ast-disable-related-posts":"","theme-transparent-header-meta":"default","adv-header-id-meta":"","stick-header-meta":"","header-above-stick-meta":"","header-main-stick-meta":"","header-below-stick-meta":"","astra-migrate-meta-layouts":"default","ast-page-background-enabled":"default","ast-page-background-meta":{"desktop":{"background-color":"","background-image":"","background-repeat":"repeat","background-position":"center center","background-size":"auto","background-attachment":"scroll","background-type":"","background-media":"","overlay-type":"","overlay-color":"","overlay-opacity":"","overlay-gradient":""},"tablet":{"background-color":"","background-image":"","background-repeat":"repeat","background-position":"center center","background-size":"auto","background-attachment":"scroll","background-type":"","background-media":"","overlay-type":"","overlay-color":"","overlay-opacity":"","overlay-gradient":""},"mobile":{"background-color":"","background-image":"","background-repeat":"repeat","background-position":"center center","background-size":"auto","background-attachment":"scroll","background-type":"","background-media":"","overlay-type":"","overlay-color":"","overlay-opacity":"","overlay-gradient":""}},"ast-content-background-meta":{"desktop":{"background-color":"var(--ast-global-color-5)","background-image":"","background-repeat":"repeat","background-position":"center center","background-size":"auto","background-attachment":"scroll","background-type":"","background-media":"","overlay-type":"","overlay-color":"","overlay-opacity":"","overlay-gradient":""},"tablet":{"background-color":"var(--ast-global-color-5)","background-image":"","background-repeat":"repeat","background-position":"center center","background-size":"auto","background-attachment":"scroll","background-type":"","background-media":"","overlay-type":"","overlay-color":"","overlay-opacity":"","overlay-gradient":""},"mobile":{"background-color":"var(--ast-global-color-5)","background-image":"","background-repeat":"repeat","background-position":"center center","background-size":"auto","background-attachment":"scroll","background-type":"","background-media":"","overlay-type":"","overlay-color":"","overlay-opacity":"","overlay-gradient":""}},"footnotes":""},"class_list":["post-17275","page","type-page","status-publish","hentry"],"acf":[],"yoast_head":"<!-- This site is optimized with the Yoast SEO plugin v26.5 - https:\/\/yoast.com\/wordpress\/plugins\/seo\/ -->\n<title>Rechtlicher Hinweis | RL Grips<\/title>\n<meta name=\"robots\" content=\"noindex, follow\" \/>\n<meta property=\"og:locale\" content=\"de_DE\" \/>\n<meta property=\"og:type\" content=\"article\" \/>\n<meta property=\"og:title\" content=\"Rechtlicher Hinweis | RL Grips\" \/>\n<meta property=\"og:description\" content=\"Rechtlicher Hinweis 1. Einleitung Diese rechtlichen Hinweise sollen Sie \u00fcber Ihre Rechte und Pflichten als Nutzer dieser Website informieren. Hier finden Sie alle notwendigen Informationen \u00fcber diese Website, ihre Aktivit\u00e4ten, die von ihr erfassten pers\u00f6nlichen Daten und ihren Zweck sowie die Nutzungsregeln, die die Verwendung dieser Website regeln. Zu dem Zeitpunkt, an dem Sie auf [&hellip;]\" \/>\n<meta property=\"og:url\" content=\"https:\/\/rlgrips.com\/de\/rechtlicher-hinweis\/\" \/>\n<meta property=\"og:site_name\" content=\"RL Grips\" \/>\n<meta property=\"article:modified_time\" content=\"2024-08-09T11:11:26+00:00\" \/>\n<meta name=\"twitter:card\" content=\"summary_large_image\" \/>\n<meta name=\"twitter:label1\" content=\"Gesch\u00e4tzte Lesezeit\" \/>\n\t<meta name=\"twitter:data1\" content=\"6\u00a0Minuten\" \/>\n<script type=\"application\/ld+json\" class=\"yoast-schema-graph\">{\"@context\":\"https:\/\/schema.org\",\"@graph\":[{\"@type\":\"WebPage\",\"@id\":\"https:\/\/rlgrips.com\/de\/rechtlicher-hinweis\/\",\"url\":\"https:\/\/rlgrips.com\/de\/rechtlicher-hinweis\/\",\"name\":\"Rechtlicher Hinweis | RL Grips\",\"isPartOf\":{\"@id\":\"https:\/\/rlgrips.com\/de\/#website\"},\"datePublished\":\"2021-07-18T07:37:16+00:00\",\"dateModified\":\"2024-08-09T11:11:26+00:00\",\"breadcrumb\":{\"@id\":\"https:\/\/rlgrips.com\/de\/rechtlicher-hinweis\/#breadcrumb\"},\"inLanguage\":\"de\",\"potentialAction\":[{\"@type\":\"ReadAction\",\"target\":[\"https:\/\/rlgrips.com\/de\/rechtlicher-hinweis\/\"]}]},{\"@type\":\"BreadcrumbList\",\"@id\":\"https:\/\/rlgrips.com\/de\/rechtlicher-hinweis\/#breadcrumb\",\"itemListElement\":[{\"@type\":\"ListItem\",\"position\":1,\"name\":\"Portada\",\"item\":\"https:\/\/rlgrips.com\/de\/startseite\/\"},{\"@type\":\"ListItem\",\"position\":2,\"name\":\"Rechtlicher Hinweis\"}]},{\"@type\":\"WebSite\",\"@id\":\"https:\/\/rlgrips.com\/de\/#website\",\"url\":\"https:\/\/rlgrips.com\/de\/\",\"name\":\"RL Grips\",\"description\":\"Equipamiento y Accesorios de Entrenamiento\",\"publisher\":{\"@id\":\"https:\/\/rlgrips.com\/de\/#organization\"},\"potentialAction\":[{\"@type\":\"SearchAction\",\"target\":{\"@type\":\"EntryPoint\",\"urlTemplate\":\"https:\/\/rlgrips.com\/de\/?s={search_term_string}\"},\"query-input\":{\"@type\":\"PropertyValueSpecification\",\"valueRequired\":true,\"valueName\":\"search_term_string\"}}],\"inLanguage\":\"de\"},{\"@type\":\"Organization\",\"@id\":\"https:\/\/rlgrips.com\/de\/#organization\",\"name\":\"RL Grips\u2122\",\"url\":\"https:\/\/rlgrips.com\/de\/\",\"logo\":{\"@type\":\"ImageObject\",\"inLanguage\":\"de\",\"@id\":\"https:\/\/rlgrips.com\/de\/#\/schema\/logo\/image\/\",\"url\":\"https:\/\/rlgrips.com\/wp-content\/uploads\/2021\/04\/RLG2SBLACK-e1617355385190.png\",\"contentUrl\":\"https:\/\/rlgrips.com\/wp-content\/uploads\/2021\/04\/RLG2SBLACK-e1617355385190.png\",\"width\":128,\"height\":60,\"caption\":\"RL Grips\u2122\"},\"image\":{\"@id\":\"https:\/\/rlgrips.com\/de\/#\/schema\/logo\/image\/\"}}]}<\/script>\n<!-- \/ Yoast SEO plugin. -->","yoast_head_json":{"title":"Rechtlicher Hinweis | RL Grips","robots":{"index":"noindex","follow":"follow"},"og_locale":"de_DE","og_type":"article","og_title":"Rechtlicher Hinweis | RL Grips","og_description":"Rechtlicher Hinweis 1. Einleitung Diese rechtlichen Hinweise sollen Sie \u00fcber Ihre Rechte und Pflichten als Nutzer dieser Website informieren. Hier finden Sie alle notwendigen Informationen \u00fcber diese Website, ihre Aktivit\u00e4ten, die von ihr erfassten pers\u00f6nlichen Daten und ihren Zweck sowie die Nutzungsregeln, die die Verwendung dieser Website regeln. Zu dem Zeitpunkt, an dem Sie auf [&hellip;]","og_url":"https:\/\/rlgrips.com\/de\/rechtlicher-hinweis\/","og_site_name":"RL Grips","article_modified_time":"2024-08-09T11:11:26+00:00","twitter_card":"summary_large_image","twitter_misc":{"Gesch\u00e4tzte Lesezeit":"6\u00a0Minuten"},"schema":{"@context":"https:\/\/schema.org","@graph":[{"@type":"WebPage","@id":"https:\/\/rlgrips.com\/de\/rechtlicher-hinweis\/","url":"https:\/\/rlgrips.com\/de\/rechtlicher-hinweis\/","name":"Rechtlicher Hinweis | RL Grips","isPartOf":{"@id":"https:\/\/rlgrips.com\/de\/#website"},"datePublished":"2021-07-18T07:37:16+00:00","dateModified":"2024-08-09T11:11:26+00:00","breadcrumb":{"@id":"https:\/\/rlgrips.com\/de\/rechtlicher-hinweis\/#breadcrumb"},"inLanguage":"de","potentialAction":[{"@type":"ReadAction","target":["https:\/\/rlgrips.com\/de\/rechtlicher-hinweis\/"]}]},{"@type":"BreadcrumbList","@id":"https:\/\/rlgrips.com\/de\/rechtlicher-hinweis\/#breadcrumb","itemListElement":[{"@type":"ListItem","position":1,"name":"Portada","item":"https:\/\/rlgrips.com\/de\/startseite\/"},{"@type":"ListItem","position":2,"name":"Rechtlicher Hinweis"}]},{"@type":"WebSite","@id":"https:\/\/rlgrips.com\/de\/#website","url":"https:\/\/rlgrips.com\/de\/","name":"RL Grips","description":"Equipamiento y Accesorios de Entrenamiento","publisher":{"@id":"https:\/\/rlgrips.com\/de\/#organization"},"potentialAction":[{"@type":"SearchAction","target":{"@type":"EntryPoint","urlTemplate":"https:\/\/rlgrips.com\/de\/?s={search_term_string}"},"query-input":{"@type":"PropertyValueSpecification","valueRequired":true,"valueName":"search_term_string"}}],"inLanguage":"de"},{"@type":"Organization","@id":"https:\/\/rlgrips.com\/de\/#organization","name":"RL Grips\u2122","url":"https:\/\/rlgrips.com\/de\/","logo":{"@type":"ImageObject","inLanguage":"de","@id":"https:\/\/rlgrips.com\/de\/#\/schema\/logo\/image\/","url":"https:\/\/rlgrips.com\/wp-content\/uploads\/2021\/04\/RLG2SBLACK-e1617355385190.png","contentUrl":"https:\/\/rlgrips.com\/wp-content\/uploads\/2021\/04\/RLG2SBLACK-e1617355385190.png","width":128,"height":60,"caption":"RL Grips\u2122"},"image":{"@id":"https:\/\/rlgrips.com\/de\/#\/schema\/logo\/image\/"}}]}},"_links":{"self":[{"href":"https:\/\/rlgrips.com\/de\/wp-json\/wp\/v2\/pages\/17275","targetHints":{"allow":["GET"]}}],"collection":[{"href":"https:\/\/rlgrips.com\/de\/wp-json\/wp\/v2\/pages"}],"about":[{"href":"https:\/\/rlgrips.com\/de\/wp-json\/wp\/v2\/types\/page"}],"author":[{"embeddable":true,"href":"https:\/\/rlgrips.com\/de\/wp-json\/wp\/v2\/users\/1"}],"replies":[{"embeddable":true,"href":"https:\/\/rlgrips.com\/de\/wp-json\/wp\/v2\/comments?post=17275"}],"version-history":[{"count":0,"href":"https:\/\/rlgrips.com\/de\/wp-json\/wp\/v2\/pages\/17275\/revisions"}],"wp:attachment":[{"href":"https:\/\/rlgrips.com\/de\/wp-json\/wp\/v2\/media?parent=17275"}],"curies":[{"name":"wp","href":"https:\/\/api.w.org\/{rel}","templated":true}]}}